{"id":1222,"date":"2023-03-15T00:30:56","date_gmt":"2023-03-15T00:30:56","guid":{"rendered":"https:\/\/arclightmedia.com\/dev\/guad2\/?page_id=1222"},"modified":"2025-08-08T08:44:08","modified_gmt":"2025-08-08T15:44:08","slug":"recreation-and-parks-commission","status":"publish","type":"page","link":"https:\/\/cityofguadalupe.org\/es\/recreation-and-parks-commission\/","title":{"rendered":"Comisi\u00f3n de Parques y Recreaci\u00f3n"},"content":{"rendered":"<div data-elementor-type=\"wp-page\" data-elementor-id=\"1222\" class=\"elementor elementor-1222\" data-elementor-post-type=\"page\">\n\t\t\t\t\t\t<section class=\"elementor-section elementor-top-section elementor-element elementor-element-ed4e9da elementor-section-boxed elementor-section-height-default elementor-section-height-default\" data-id=\"ed4e9da\" data-element_type=\"section\" data-e-type=\"section\">\n\t\t\t\t\t\t<div class=\"elementor-container elementor-column-gap-default\">\n\t\t\t\t\t<div class=\"elementor-column elementor-col-100 elementor-top-column elementor-element elementor-element-2dc9586\" data-id=\"2dc9586\" data-element_type=\"column\" data-e-type=\"column\">\n\t\t\t<div class=\"elementor-widget-wrap elementor-element-populated\">\n\t\t\t\t\t\t<div class=\"elementor-element elementor-element-a312428 elementor-widget elementor-widget-spacer\" data-id=\"a312428\" data-element_type=\"widget\" data-e-type=\"widget\" data-widget_type=\"spacer.default\">\n\t\t\t\t<div class=\"elementor-widget-container\">\n\t\t\t\t\t\t\t<div class=\"elementor-spacer\">\n\t\t\t<div class=\"elementor-spacer-inner\"><\/div>\n\t\t<\/div>\n\t\t\t\t\t\t<\/div>\n\t\t\t\t<\/div>\n\t\t\t\t\t<\/div>\n\t\t<\/div>\n\t\t\t\t\t<\/div>\n\t\t<\/section>\n\t\t\t\t<section class=\"elementor-section elementor-top-section elementor-element elementor-element-b853095 elementor-section-boxed elementor-section-height-default elementor-section-height-default\" data-id=\"b853095\" data-element_type=\"section\" data-e-type=\"section\">\n\t\t\t\t\t\t<div class=\"elementor-container elementor-column-gap-default\">\n\t\t\t\t\t<div class=\"elementor-column elementor-col-100 elementor-top-column elementor-element elementor-element-57ae425\" data-id=\"57ae425\" data-element_type=\"column\" data-e-type=\"column\">\n\t\t\t<div class=\"elementor-widget-wrap elementor-element-populated\">\n\t\t\t\t\t\t<div class=\"elementor-element elementor-element-ae89b57 elementor-widget elementor-widget-text-editor\" data-id=\"ae89b57\" data-element_type=\"widget\" data-e-type=\"widget\" data-widget_type=\"text-editor.default\">\n\t\t\t\t<div class=\"elementor-widget-container\">\n\t\t\t\t\t\t\t\t\t<p>Comisi\u00f3n de Parques y Recreaci\u00f3n<\/p>\t\t\t\t\t\t\t\t<\/div>\n\t\t\t\t<\/div>\n\t\t\t\t\t<\/div>\n\t\t<\/div>\n\t\t\t\t\t<\/div>\n\t\t<\/section>\n\t\t\t\t<section class=\"elementor-section elementor-top-section elementor-element elementor-element-5aebdfa elementor-section-boxed elementor-section-height-default elementor-section-height-default\" data-id=\"5aebdfa\" data-element_type=\"section\" data-e-type=\"section\">\n\t\t\t\t\t\t\t<div class=\"elementor-background-overlay\"><\/div>\n\t\t\t\t\t\t\t<div class=\"elementor-container elementor-column-gap-default\">\n\t\t\t\t\t<div class=\"elementor-column elementor-col-50 elementor-top-column elementor-element elementor-element-6094f4a\" data-id=\"6094f4a\" data-element_type=\"column\" data-e-type=\"column\">\n\t\t\t<div class=\"elementor-widget-wrap elementor-element-populated\">\n\t\t\t\t\t\t<div class=\"elementor-element elementor-element-9c8a2c9 elementor-widget elementor-widget-spacer\" data-id=\"9c8a2c9\" data-element_type=\"widget\" data-e-type=\"widget\" data-widget_type=\"spacer.default\">\n\t\t\t\t<div class=\"elementor-widget-container\">\n\t\t\t\t\t\t\t<div class=\"elementor-spacer\">\n\t\t\t<div class=\"elementor-spacer-inner\"><\/div>\n\t\t<\/div>\n\t\t\t\t\t\t<\/div>\n\t\t\t\t<\/div>\n\t\t\t\t<div class=\"elementor-element elementor-element-8afbfa6 elementor-widget elementor-widget-text-editor\" data-id=\"8afbfa6\" data-element_type=\"widget\" data-e-type=\"widget\" data-widget_type=\"text-editor.default\">\n\t\t\t\t<div class=\"elementor-widget-container\">\n\t\t\t\t\t\t\t\t\t<h1 style=\"text-align: center;\"><span style=\"color: #000080;\">GuadalupeRecreation &amp; Parks Commission<\/span><\/h1>\t\t\t\t\t\t\t\t<\/div>\n\t\t\t\t<\/div>\n\t\t\t\t<div class=\"elementor-element elementor-element-8b6bc7f elementor-widget elementor-widget-image\" data-id=\"8b6bc7f\" data-element_type=\"widget\" data-e-type=\"widget\" data-widget_type=\"image.default\">\n\t\t\t\t<div class=\"elementor-widget-container\">\n\t\t\t\t\t\t\t\t\t\t\t\t\t\t\t<img fetchpriority=\"high\" decoding=\"async\" width=\"1024\" height=\"768\" src=\"https:\/\/cityofguadalupe.org\/wp-content\/uploads\/2024\/04\/IMG_6612-1024x768.jpg\" class=\"attachment-large size-large wp-image-13879\" alt=\"\" srcset=\"https:\/\/cityofguadalupe.org\/wp-content\/uploads\/2024\/04\/IMG_6612-1024x768.jpg 1024w, https:\/\/cityofguadalupe.org\/wp-content\/uploads\/2024\/04\/IMG_6612-768x576.jpg 768w, https:\/\/cityofguadalupe.org\/wp-content\/uploads\/2024\/04\/IMG_6612-1536x1152.jpg 1536w, https:\/\/cityofguadalupe.org\/wp-content\/uploads\/2024\/04\/IMG_6612-2048x1536.jpg 2048w\" sizes=\"(max-width: 1024px) 100vw, 1024px\" \/>\t\t\t\t\t\t\t\t\t\t\t\t\t\t\t<\/div>\n\t\t\t\t<\/div>\n\t\t\t\t<div class=\"elementor-element elementor-element-0ef7f1e elementor-widget elementor-widget-text-editor\" data-id=\"0ef7f1e\" data-element_type=\"widget\" data-e-type=\"widget\" data-widget_type=\"text-editor.default\">\n\t\t\t\t<div class=\"elementor-widget-container\">\n\t\t\t\t\t\t\t\t\t<p>(Left to Right)\u00a0Michael Jimenez, Arnulfo Navarro III, Joseph Harris, Enrique Ortiz, Emily Dreiling<br \/><br \/><\/p>\t\t\t\t\t\t\t\t<\/div>\n\t\t\t\t<\/div>\n\t\t\t\t<div class=\"elementor-element elementor-element-19f484c elementor-widget-divider--view-line elementor-widget elementor-widget-divider\" data-id=\"19f484c\" data-element_type=\"widget\" data-e-type=\"widget\" data-widget_type=\"divider.default\">\n\t\t\t\t<div class=\"elementor-widget-container\">\n\t\t\t\t\t\t\t<div class=\"elementor-divider\">\n\t\t\t<span class=\"elementor-divider-separator\">\n\t\t\t\t\t\t<\/span>\n\t\t<\/div>\n\t\t\t\t\t\t<\/div>\n\t\t\t\t<\/div>\n\t\t\t\t<div class=\"elementor-element elementor-element-bdea4bf elementor-invisible elementor-widget elementor-widget-text-editor\" data-id=\"bdea4bf\" data-element_type=\"widget\" data-e-type=\"widget\" data-settings=\"{&quot;_animation&quot;:&quot;fadeIn&quot;}\" data-widget_type=\"text-editor.default\">\n\t\t\t\t<div class=\"elementor-widget-container\">\n\t\t\t\t\t\t\t\t\t<h2 style=\"text-align: center;\" align=\"center\"><b><i><span style=\"font-size: 11.0pt; line-height: 107%;\">The Recreation &amp; Parks Commission meets on the first Tuesday of each month at 6:00 p.m. in the Guadalupe Council Chambers, unless otherwise noted. Every meeting is streamed live via YouTube.<\/span><\/i><\/b><\/h2>\t\t\t\t\t\t\t\t<\/div>\n\t\t\t\t<\/div>\n\t\t\t\t<div class=\"elementor-element elementor-element-857eaca elementor-widget elementor-widget-text-editor\" data-id=\"857eaca\" data-element_type=\"widget\" data-e-type=\"widget\" data-widget_type=\"text-editor.default\">\n\t\t\t\t<div class=\"elementor-widget-container\">\n\t\t\t\t\t\t\t\t\t<h2 style=\"text-align: left;\"><span style=\"color: #000080;\"><strong>jose harris<\/strong>, Silla<\/span><\/h2><p style=\"text-align: left;\"><strong>T\u00e9rmino<\/strong>: October 30, 2023 &#8211; October 29, 2027<\/p><p style=\"text-align: left;\"><strong>\u00a0 \u00a0 \u00a0 \u00a0 \u00a0 \u00a0 \u00a0 \u00a0 \u00a0 \u00a0 \u00a0 \u00a0<\/strong><em>\u00a0 \u00a0 \u00a0 \u00a0 \u00a0 \u00a0 \u00a0 \u00a0 \u00a0 \u00a0 \u00a0 <\/em><img decoding=\"async\" class=\"wp-image-13883 alignleft\" src=\"https:\/\/cityofguadalupe.org\/wp-content\/uploads\/2024\/04\/IMG_6614-scaled-e1712673403681-300x296.jpg\" alt=\"\" width=\"158\" height=\"156\" srcset=\"https:\/\/cityofguadalupe.org\/wp-content\/uploads\/2024\/04\/IMG_6614-scaled-e1712673403681-300x296.jpg 300w, https:\/\/cityofguadalupe.org\/wp-content\/uploads\/2024\/04\/IMG_6614-scaled-e1712673403681-12x12.jpg 12w, https:\/\/cityofguadalupe.org\/wp-content\/uploads\/2024\/04\/IMG_6614-scaled-e1712673403681.jpg 721w\" sizes=\"(max-width: 158px) 100vw, 158px\" \/><\/p><p>\u00a0<\/p><p>\u00a0<\/p><p>\u00a0<\/p><p style=\"text-align: left;\"><strong>Breve biograf\u00eda<\/strong>: I was born and lived in Buffalo, New York for three years, two years in Denver and settling in Guadalupe. I attended local schools and after became interested in coaching and volunteering for recreational activities along with some dedicated friends we operated the Guadalupe youth basketball league for many years. I recently retired from the Guadalupe school District after 45 years and my involvement in recreation\u00a0 continues to this day.<\/p><hr \/><h2 style=\"text-align: left;\"><span style=\"color: #000080;\">Emily Dreiling, comisionada<\/span><\/h2><p style=\"text-align: left;\"><strong>T\u00e9rmino<\/strong>: October 30, 2023 &#8211; October 29, 2027<\/p><p style=\"text-align: left;\"><strong><img decoding=\"async\" class=\"wp-image-1280 size-full alignleft\" src=\"http:\/\/cityofguadalupe.org\/wp-content\/uploads\/2023\/04\/emily-dreiling.jpg\" alt=\"\" width=\"150\" height=\"150\" \/><\/strong><\/p><p>\u00a0<\/p><p>\u00a0<\/p><p>\u00a0<\/p><p>\u00a0<\/p><p style=\"text-align: left;\"><strong>Breve biograf\u00eda<\/strong>: Emily Dreiling has served as Park &amp; Recreation Commissioner since 2021. She is a University of Central Missouri graduate with a Master of Science degree and holds a Bachelor of Science from the University of Maryland University College Europe. She has worked for the Department of the Air Force for twenty years.\u00a0 She is the Guadalupe Bulldogs cheerleading program director and Vice President of the Central Region Central Coast Youth Cheerleading League.<\/p><hr \/><h2 style=\"text-align: left;\"><span style=\"color: #000080;\"><strong>Enrique Ort\u00edz<\/strong>, Comisario<\/span><\/h2><p style=\"text-align: left;\"><strong>T\u00e9rmino<\/strong>: October 30, 2023 &#8211; October 29, 2027<\/p><p style=\"text-align: left;\"><strong><img loading=\"lazy\" decoding=\"async\" class=\"wp-image-1274 size-full alignleft\" src=\"http:\/\/cityofguadalupe.org\/wp-content\/uploads\/2023\/04\/enrique-ortiz.jpg\" alt=\"\" width=\"150\" height=\"150\" \/><\/strong><\/p><p>\u00a0<\/p><p>\u00a0<\/p><p>\u00a0<\/p><p>\u00a0<\/p><p style=\"text-align: left;\"><strong>Breve biograf\u00eda<\/strong>: Enrique is a lifetime resident of Guadalupe. He is dedicated to serving his community. Enrique is also involved with the youth of Guadalupe. He has been part of Guadalupe Youth Football since 2005 and has been the Guadalupe Football\u00a0 chapter President since 2010.<\/p><hr \/><h2 style=\"text-align: left;\"><span style=\"color: #000080;\">Michael Jim\u00e9nez, Comisionado<\/span><\/h2><p style=\"text-align: left;\"><strong>T\u00e9rmino<\/strong>: October 30, 2025 &#8211; October 29, 2029<\/p><p style=\"text-align: left;\"><strong style=\"text-align: center;\"><img loading=\"lazy\" decoding=\"async\" class=\"wp-image-1275 size-full alignleft\" src=\"http:\/\/cityofguadalupe.org\/wp-content\/uploads\/2023\/04\/michael-jimenez.jpg\" alt=\"\" width=\"150\" height=\"150\" \/><\/strong><\/p><p>\u00a0<\/p><p>\u00a0<\/p><p>\u00a0<\/p><p>\u00a0<\/p><p style=\"text-align: left;\"><strong>Breve biograf\u00eda<\/strong>: Michael Jim\u00e9nez trabaj\u00f3 para SER Jobs for Progress y tiene experiencia a trav\u00e9s de ese trabajo en llevar actividades recreativas a la comunidad. Estuvo involucrado y ayud\u00f3 a coordinar la Feria de Recursos de la ciudad que se llev\u00f3 a cabo en el mes de agosto. Tambi\u00e9n se mud\u00f3 recientemente y ahora es residente de Guadalupe.<\/p><hr \/><h2 style=\"text-align: left;\"><span style=\"color: #000080;\"><strong>Vacant\u00a0 Commissioner<\/strong><\/span><\/h2><h2 style=\"text-align: left;\"><strong style=\"font-size: 16px;\">T\u00e9rmino<\/strong><span style=\"font-size: 16px;\">:\u00a0<\/span><\/h2><p style=\"text-align: left;\"><strong>Breve biograf\u00eda<\/strong>:\u00a0<\/p>\t\t\t\t\t\t\t\t<\/div>\n\t\t\t\t<\/div>\n\t\t\t\t\t<\/div>\n\t\t<\/div>\n\t\t\t\t<div class=\"elementor-column elementor-col-50 elementor-top-column elementor-element elementor-element-3971c6e\" data-id=\"3971c6e\" data-element_type=\"column\" data-e-type=\"column\">\n\t\t\t<div class=\"elementor-widget-wrap elementor-element-populated\">\n\t\t\t\t\t\t<div class=\"elementor-element elementor-element-862c6c2 elementor-widget elementor-widget-template\" data-id=\"862c6c2\" data-element_type=\"widget\" data-e-type=\"widget\" data-widget_type=\"template.default\">\n\t\t\t\t<div class=\"elementor-widget-container\">\n\t\t\t\t\t\t\t<div class=\"elementor-template\">\n\t\t\t\t\t<div data-elementor-type=\"section\" data-elementor-id=\"3723\" class=\"elementor elementor-3723\" data-elementor-post-type=\"elementor_library\">\n\t\t\t\t\t<section class=\"elementor-section elementor-top-section elementor-element elementor-element-5da6e00 elementor-section-boxed elementor-section-height-default elementor-section-height-default\" data-id=\"5da6e00\" data-element_type=\"section\" data-e-type=\"section\">\n\t\t\t\t\t\t<div class=\"elementor-container elementor-column-gap-default\">\n\t\t\t\t\t<div class=\"elementor-column elementor-col-100 elementor-top-column elementor-element elementor-element-4cb8ec8\" data-id=\"4cb8ec8\" data-element_type=\"column\" data-e-type=\"column\">\n\t\t\t<div class=\"elementor-widget-wrap elementor-element-populated\">\n\t\t\t\t\t\t<div class=\"elementor-element elementor-element-46eaea8 elementor-widget elementor-widget-text-editor\" data-id=\"46eaea8\" data-element_type=\"widget\" data-e-type=\"widget\" data-widget_type=\"text-editor.default\">\n\t\t\t\t<div class=\"elementor-widget-container\">\n\t\t\t\t\t\t\t\t\t<p style=\"text-align: center;\"><strong>Comun\u00edquese con el Departamento de Recreaci\u00f3n<\/strong><\/p>\t\t\t\t\t\t\t\t<\/div>\n\t\t\t\t<\/div>\n\t\t\t\t<section class=\"elementor-section elementor-inner-section elementor-element elementor-element-b003497 elementor-section-boxed elementor-section-height-default elementor-section-height-default\" data-id=\"b003497\" data-element_type=\"section\" data-e-type=\"section\">\n\t\t\t\t\t\t<div class=\"elementor-container elementor-column-gap-default\">\n\t\t\t\t\t<div class=\"elementor-column elementor-col-100 elementor-inner-column elementor-element elementor-element-b105ecc\" data-id=\"b105ecc\" data-element_type=\"column\" data-e-type=\"column\">\n\t\t\t<div class=\"elementor-widget-wrap elementor-element-populated\">\n\t\t\t\t\t\t<div class=\"elementor-element elementor-element-0a1e838 elementor-widget elementor-widget-text-editor\" data-id=\"0a1e838\" data-element_type=\"widget\" data-e-type=\"widget\" data-widget_type=\"text-editor.default\">\n\t\t\t\t<div class=\"elementor-widget-container\">\n\t\t\t\t\t\t\t\t\t<p><img loading=\"lazy\" decoding=\"async\" class=\"alignnone wp-image-18419\" src=\"https:\/\/cityofguadalupe.org\/wp-content\/uploads\/2025\/06\/IMG_7895-e1749661033364-256x300.jpg\" alt=\"\" width=\"122\" height=\"143\" srcset=\"https:\/\/cityofguadalupe.org\/wp-content\/uploads\/2025\/06\/IMG_7895-e1749661033364-256x300.jpg 256w, https:\/\/cityofguadalupe.org\/wp-content\/uploads\/2025\/06\/IMG_7895-e1749661033364-768x900.jpg 768w, https:\/\/cityofguadalupe.org\/wp-content\/uploads\/2025\/06\/IMG_7895-e1749661033364-10x12.jpg 10w, https:\/\/cityofguadalupe.org\/wp-content\/uploads\/2025\/06\/IMG_7895-e1749661033364.jpg 830w\" sizes=\"(max-width: 122px) 100vw, 122px\" \/><\/p><p><strong>Arnulfo Navarro III<\/strong><\/p><p>Gerente de Servicios de Recreaci\u00f3n<br \/>Director de Servicios de Recreaci\u00f3n<br \/><span style=\"font-family: Montserrat, sans-serif; font-size: 14px; font-style: normal; font-variant-ligatures: normal; font-variant-caps: normal; font-weight: 400;\">805-356-3906<\/span><\/p><p><a href=\"mailto:anavarro@ci.guadalupe.ca.us\"><span style=\"color: #3366ff;\">anavarro@ci.guadalupe.ca.us\u00a0<\/span><\/a><\/p>\t\t\t\t\t\t\t\t<\/div>\n\t\t\t\t<\/div>\n\t\t\t\t\t<\/div>\n\t\t<\/div>\n\t\t\t\t\t<\/div>\n\t\t<\/section>\n\t\t\t\t<div class=\"elementor-element elementor-element-458831f elementor-widget elementor-widget-text-editor\" data-id=\"458831f\" data-element_type=\"widget\" data-e-type=\"widget\" data-widget_type=\"text-editor.default\">\n\t\t\t\t<div class=\"elementor-widget-container\">\n\t\t\t\t\t\t\t\t\t<p style=\"text-align: center;\">Horario de servicios de recreaci\u00f3n<\/p><p><strong>lunes\/lunes<\/strong>: 8am &#8211; 4pm<br \/><strong>martes\/martes<\/strong>: 8am &#8211; 4pm<br \/><strong>Mi\u00e9rcoles\/Mi\u00e9rcoles<\/strong>: 8am &#8211; 4pm<br \/><strong>jueves\/jueves<\/strong>: 8am &#8211; 4pm<br \/><strong>Viernes\/Viernes<\/strong>: 8am &#8211; 4pm<br \/><strong>S\u00e1bado\/S\u00e1bado<\/strong>: Cerrado \/ Cerrado<br \/><strong>Domingo\/Domingo<\/strong>: Cerrado \/ Cerrado<\/p>\t\t\t\t\t\t\t\t<\/div>\n\t\t\t\t<\/div>\n\t\t\t\t<section class=\"elementor-section elementor-inner-section elementor-element elementor-element-a8dcb9c elementor-section-boxed elementor-section-height-default elementor-section-height-default\" data-id=\"a8dcb9c\" data-element_type=\"section\" data-e-type=\"section\">\n\t\t\t\t\t\t<div class=\"elementor-container elementor-column-gap-default\">\n\t\t\t\t\t<div class=\"elementor-column elementor-col-100 elementor-inner-column elementor-element elementor-element-946a3d5\" data-id=\"946a3d5\" data-element_type=\"column\" data-e-type=\"column\">\n\t\t\t<div class=\"elementor-widget-wrap elementor-element-populated\">\n\t\t\t\t\t\t<div class=\"elementor-element elementor-element-dc85b91 elementor-widget elementor-widget-text-editor\" data-id=\"dc85b91\" data-element_type=\"widget\" data-e-type=\"widget\" data-widget_type=\"text-editor.default\">\n\t\t\t\t<div class=\"elementor-widget-container\">\n\t\t\t\t\t\t\t\t\t<p><strong><img loading=\"lazy\" decoding=\"async\" class=\"alignnone wp-image-17615\" src=\"https:\/\/cityofguadalupe.org\/wp-content\/uploads\/2025\/03\/IMG_3780-e1741888355206-195x300.jpg\" alt=\"\" width=\"107\" height=\"164\" srcset=\"https:\/\/cityofguadalupe.org\/wp-content\/uploads\/2025\/03\/IMG_3780-e1741888355206-195x300.jpg 195w, https:\/\/cityofguadalupe.org\/wp-content\/uploads\/2025\/03\/IMG_3780-e1741888355206-8x12.jpg 8w, https:\/\/cityofguadalupe.org\/wp-content\/uploads\/2025\/03\/IMG_3780-e1741888355206.jpg 526w\" sizes=\"(max-width: 107px) 100vw, 107px\" \/><\/strong><\/p><p><strong>Cynthia Bejarano-Payan<\/strong><strong><br \/><\/strong><span style=\"font-size: 14px;\"><br \/>Coordinador de alquiler de instalaciones<br \/><\/span><span style=\"font-size: 14px;\">Coordinador de Alquiler de Instalaciones<br \/><\/span><span style=\"font-family: Montserrat, sans-serif; font-size: 14px; font-style: normal; font-variant-ligatures: normal; font-variant-caps: normal; font-weight: 400;\">805-356-3894<\/span><\/p><p><span style=\"color: #3366ff;\"><a style=\"color: #3366ff;\" href=\"mailto:cpayan@ci.guadalupe.ca.us\">cpayan@ci.guadalupe.ca.us<\/a><\/span><\/p>\t\t\t\t\t\t\t\t<\/div>\n\t\t\t\t<\/div>\n\t\t\t\t\t<\/div>\n\t\t<\/div>\n\t\t\t\t\t<\/div>\n\t\t<\/section>\n\t\t\t\t<div class=\"elementor-element elementor-element-6f56f04 elementor-widget elementor-widget-text-editor\" data-id=\"6f56f04\" data-element_type=\"widget\" data-e-type=\"widget\" data-widget_type=\"text-editor.default\">\n\t\t\t\t<div class=\"elementor-widget-container\">\n\t\t\t\t\t\t\t\t\t<p style=\"text-align: center;\">Horas del coordinador de instalaciones<\/p><p><strong>martes\/martes<\/strong>: 9:00 a. m. \u2013 3:00 p. m.<br \/><strong>mi\u00e9rcoles\/mircoles<\/strong>: 9:00 a. m. \u2013 3:00 p. m.<br \/><strong>jueves\/jueves<\/strong>: 9:00 a. m. \u2013 3:00 p. m.<\/p>\t\t\t\t\t\t\t\t<\/div>\n\t\t\t\t<\/div>\n\t\t\t\t\t<\/div>\n\t\t<\/div>\n\t\t\t\t\t<\/div>\n\t\t<\/section>\n\t\t\t\t<\/div>\n\t\t\t\t<\/div>\n\t\t\t\t\t\t<\/div>\n\t\t\t\t<\/div>\n\t\t\t\t<div class=\"elementor-element elementor-element-de3a961 elementor-widget elementor-widget-spacer\" data-id=\"de3a961\" data-element_type=\"widget\" data-e-type=\"widget\" data-widget_type=\"spacer.default\">\n\t\t\t\t<div class=\"elementor-widget-container\">\n\t\t\t\t\t\t\t<div class=\"elementor-spacer\">\n\t\t\t<div class=\"elementor-spacer-inner\"><\/div>\n\t\t<\/div>\n\t\t\t\t\t\t<\/div>\n\t\t\t\t<\/div>\n\t\t\t\t\t<\/div>\n\t\t<\/div>\n\t\t\t\t\t<\/div>\n\t\t<\/section>\n\t\t\t\t<\/div>","protected":false},"excerpt":{"rendered":"<p>Recreation &amp; Parks Commission GuadalupeRecreation &amp; Parks Commission (Left to Right)\u00a0Michael Jimenez, Arnulfo Navarro III, Joseph Harris, Enrique Ortiz, Emily Dreiling The Recreation &amp; Parks Commission meets on the first Tuesday of each month at 6:00 p.m. in the Guadalupe Council Chambers, unless otherwise noted. Every meeting is streamed live via YouTube. Joseph Harris, Chair [&hellip;]<\/p>\n","protected":false},"author":6,"featured_media":0,"parent":0,"menu_order":0,"comment_status":"closed","ping_status":"closed","template":"elementor_header_footer","meta":{"ocean_post_layout":"full-screen","ocean_both_sidebars_style":"","ocean_both_sidebars_content_width":0,"ocean_both_sidebars_sidebars_width":0,"ocean_sidebar":"0","ocean_second_sidebar":"0","ocean_disable_margins":"enable","ocean_add_body_class":"","ocean_shortcode_before_top_bar":"","ocean_shortcode_after_top_bar":"","ocean_shortcode_before_header":"[smartslider3 slider=\"2\"]","ocean_shortcode_after_header":"","ocean_has_shortcode":"","ocean_shortcode_after_title":"","ocean_shortcode_before_footer_widgets":"","ocean_shortcode_after_footer_widgets":"","ocean_shortcode_before_footer_bottom":"","ocean_shortcode_after_footer_bottom":"","ocean_display_top_bar":"default","ocean_display_header":"default","ocean_header_style":"","ocean_center_header_left_menu":"0","ocean_custom_header_template":"0","ocean_custom_logo":0,"ocean_custom_retina_logo":0,"ocean_custom_logo_max_width":0,"ocean_custom_logo_tablet_max_width":0,"ocean_custom_logo_mobile_max_width":0,"ocean_custom_logo_max_height":0,"ocean_custom_logo_tablet_max_height":0,"ocean_custom_logo_mobile_max_height":0,"ocean_header_custom_menu":"0","ocean_menu_typo_font_family":"0","ocean_menu_typo_font_subset":"","ocean_menu_typo_font_size":0,"ocean_menu_typo_font_size_tablet":0,"ocean_menu_typo_font_size_mobile":0,"ocean_menu_typo_font_size_unit":"px","ocean_menu_typo_font_weight":"","ocean_menu_typo_font_weight_tablet":"","ocean_menu_typo_font_weight_mobile":"","ocean_menu_typo_transform":"","ocean_menu_typo_transform_tablet":"","ocean_menu_typo_transform_mobile":"","ocean_menu_typo_line_height":0,"ocean_menu_typo_line_height_tablet":0,"ocean_menu_typo_line_height_mobile":0,"ocean_menu_typo_line_height_unit":"","ocean_menu_typo_spacing":0,"ocean_menu_typo_spacing_tablet":0,"ocean_menu_typo_spacing_mobile":0,"ocean_menu_typo_spacing_unit":"","ocean_menu_link_color":"","ocean_menu_link_color_hover":"","ocean_menu_link_color_active":"","ocean_menu_link_background":"","ocean_menu_link_hover_background":"","ocean_menu_link_active_background":"","ocean_menu_social_links_bg":"","ocean_menu_social_hover_links_bg":"","ocean_menu_social_links_color":"","ocean_menu_social_hover_links_color":"","ocean_disable_title":"on","ocean_disable_heading":"default","ocean_post_title":"","ocean_post_subheading":"","ocean_post_title_style":"","ocean_post_title_background_color":"","ocean_post_title_background":0,"ocean_post_title_bg_image_position":"","ocean_post_title_bg_image_attachment":"","ocean_post_title_bg_image_repeat":"","ocean_post_title_bg_image_size":"","ocean_post_title_height":0,"ocean_post_title_bg_overlay":0.5,"ocean_post_title_bg_overlay_color":"","ocean_disable_breadcrumbs":"default","ocean_breadcrumbs_color":"","ocean_breadcrumbs_separator_color":"","ocean_breadcrumbs_links_color":"","ocean_breadcrumbs_links_hover_color":"","ocean_display_footer_widgets":"default","ocean_display_footer_bottom":"default","ocean_custom_footer_template":"0","footnotes":""},"class_list":["post-1222","page","type-page","status-publish","hentry","entry"],"meta_box":[],"_links":{"self":[{"href":"https:\/\/cityofguadalupe.org\/es\/wp-json\/wp\/v2\/pages\/1222","targetHints":{"allow":["GET"]}}],"collection":[{"href":"https:\/\/cityofguadalupe.org\/es\/wp-json\/wp\/v2\/pages"}],"about":[{"href":"https:\/\/cityofguadalupe.org\/es\/wp-json\/wp\/v2\/types\/page"}],"author":[{"embeddable":true,"href":"https:\/\/cityofguadalupe.org\/es\/wp-json\/wp\/v2\/users\/6"}],"replies":[{"embeddable":true,"href":"https:\/\/cityofguadalupe.org\/es\/wp-json\/wp\/v2\/comments?post=1222"}],"version-history":[{"count":71,"href":"https:\/\/cityofguadalupe.org\/es\/wp-json\/wp\/v2\/pages\/1222\/revisions"}],"predecessor-version":[{"id":18912,"href":"https:\/\/cityofguadalupe.org\/es\/wp-json\/wp\/v2\/pages\/1222\/revisions\/18912"}],"wp:attachment":[{"href":"https:\/\/cityofguadalupe.org\/es\/wp-json\/wp\/v2\/media?parent=1222"}],"curies":[{"name":"wp","href":"https:\/\/api.w.org\/{rel}","templated":true}]}}