{"id":1342,"date":"2023-04-19T16:33:09","date_gmt":"2023-04-19T16:33:09","guid":{"rendered":"https:\/\/cityofguadalupe.com\/?page_id=1342"},"modified":"2026-02-26T08:15:00","modified_gmt":"2026-02-26T16:15:00","slug":"building-department","status":"publish","type":"page","link":"https:\/\/cityofguadalupe.org\/es\/building-department\/","title":{"rendered":"Departamento de Construcci\u00f3n"},"content":{"rendered":"<div data-elementor-type=\"wp-page\" data-elementor-id=\"1342\" class=\"elementor elementor-1342\" data-elementor-post-type=\"page\">\n\t\t\t\t\t\t<section class=\"elementor-section elementor-top-section elementor-element elementor-element-ed4e9da elementor-section-boxed elementor-section-height-default elementor-section-height-default\" data-id=\"ed4e9da\" data-element_type=\"section\" data-e-type=\"section\">\n\t\t\t\t\t\t<div class=\"elementor-container elementor-column-gap-default\">\n\t\t\t\t\t<div class=\"elementor-column elementor-col-100 elementor-top-column elementor-element elementor-element-2dc9586\" data-id=\"2dc9586\" data-element_type=\"column\" data-e-type=\"column\">\n\t\t\t<div class=\"elementor-widget-wrap elementor-element-populated\">\n\t\t\t\t\t\t<div class=\"elementor-element elementor-element-a312428 elementor-widget elementor-widget-spacer\" data-id=\"a312428\" data-element_type=\"widget\" data-e-type=\"widget\" data-widget_type=\"spacer.default\">\n\t\t\t\t<div class=\"elementor-widget-container\">\n\t\t\t\t\t\t\t<div class=\"elementor-spacer\">\n\t\t\t<div class=\"elementor-spacer-inner\"><\/div>\n\t\t<\/div>\n\t\t\t\t\t\t<\/div>\n\t\t\t\t<\/div>\n\t\t\t\t\t<\/div>\n\t\t<\/div>\n\t\t\t\t\t<\/div>\n\t\t<\/section>\n\t\t\t\t<section class=\"elementor-section elementor-top-section elementor-element elementor-element-b853095 elementor-section-boxed elementor-section-height-default elementor-section-height-default\" data-id=\"b853095\" data-element_type=\"section\" data-e-type=\"section\">\n\t\t\t\t\t\t<div class=\"elementor-container elementor-column-gap-default\">\n\t\t\t\t\t<div class=\"elementor-column elementor-col-100 elementor-top-column elementor-element elementor-element-57ae425\" data-id=\"57ae425\" data-element_type=\"column\" data-e-type=\"column\">\n\t\t\t<div class=\"elementor-widget-wrap elementor-element-populated\">\n\t\t\t\t\t\t<div class=\"elementor-element elementor-element-ae89b57 elementor-widget elementor-widget-text-editor\" data-id=\"ae89b57\" data-element_type=\"widget\" data-e-type=\"widget\" data-widget_type=\"text-editor.default\">\n\t\t\t\t<div class=\"elementor-widget-container\">\n\t\t\t\t\t\t\t\t\t<p>Departamento de Construcci\u00f3n<\/p>\t\t\t\t\t\t\t\t<\/div>\n\t\t\t\t<\/div>\n\t\t\t\t\t<\/div>\n\t\t<\/div>\n\t\t\t\t\t<\/div>\n\t\t<\/section>\n\t\t\t\t<section class=\"elementor-section elementor-top-section elementor-element elementor-element-d363322 elementor-section-boxed elementor-section-height-default elementor-section-height-default\" data-id=\"d363322\" data-element_type=\"section\" data-e-type=\"section\">\n\t\t\t\t\t\t\t<div class=\"elementor-background-overlay\"><\/div>\n\t\t\t\t\t\t\t<div class=\"elementor-container elementor-column-gap-default\">\n\t\t\t\t\t<div class=\"elementor-column elementor-col-66 elementor-top-column elementor-element elementor-element-88375f1\" data-id=\"88375f1\" data-element_type=\"column\" data-e-type=\"column\">\n\t\t\t<div class=\"elementor-widget-wrap elementor-element-populated\">\n\t\t\t\t\t\t<div class=\"elementor-element elementor-element-93103b9 elementor-widget elementor-widget-text-editor\" data-id=\"93103b9\" data-element_type=\"widget\" data-e-type=\"widget\" data-widget_type=\"text-editor.default\">\n\t\t\t\t<div class=\"elementor-widget-container\">\n\t\t\t\t\t\t\t\t\t<hr \/><h4><strong>Nuestra misi\u00f3n<\/strong><\/h4><p>Nuestra misi\u00f3n es llevar a cabo los negocios de la Ciudad de la manera m\u00e1s eficiente y profesional posible y ayudar a nuestra comunidad y a los visitantes con todos sus objetivos de construcci\u00f3n y planificaci\u00f3n para lograr el cumplimiento de todas las leyes de construcci\u00f3n y zonificaci\u00f3n, para su seguridad y la de los dem\u00e1s. .<\/p>\t\t\t\t\t\t\t\t<\/div>\n\t\t\t\t<\/div>\n\t\t\t\t<div class=\"elementor-element elementor-element-ce0996a elementor-widget elementor-widget-text-editor\" data-id=\"ce0996a\" data-element_type=\"widget\" data-e-type=\"widget\" data-widget_type=\"text-editor.default\">\n\t\t\t\t<div class=\"elementor-widget-container\">\n\t\t\t\t\t\t\t\t\t<h4 style=\"text-align: center;\">Building Department is located at 918 Obispo Street, Guadalupe, CA<\/h4><h4 style=\"text-align: center;\"><strong>Office Hours: Monday &#8211; Friday 8:00a.m &#8211; 4:00p.m.<\/strong><\/h4><div style=\"text-align: center;\"><hr \/><p><span style=\"color: #ff0000;\"><strong>*Building Permit Inspections Schedule*<\/strong><\/span><\/p><p><strong>Building permit inspections are conducted every Tuesday and Thursday.\u00a0<\/strong><br \/><strong>(805) 356.3903<\/strong><\/p><\/div>\t\t\t\t\t\t\t\t<\/div>\n\t\t\t\t<\/div>\n\t\t\t\t<div class=\"elementor-element elementor-element-48efe2b elementor-widget elementor-widget-text-editor\" data-id=\"48efe2b\" data-element_type=\"widget\" data-e-type=\"widget\" data-widget_type=\"text-editor.default\">\n\t\t\t\t<div class=\"elementor-widget-container\">\n\t\t\t\t\t\t\t\t\t<h4><strong>Solicitudes de permisos de construcci\u00f3n<br \/><\/strong><\/h4><p>La Solicitud de Permiso de Construcci\u00f3n se puede descargar\u00a0<span style=\"color: #3366ff;\"><a style=\"color: #3366ff;\" href=\"http:\/\/cityofguadalupe.org\/wp-content\/uploads\/2023\/04\/building-permit-application.pdf\" target=\"_blank\" rel=\"noopener\">aqu\u00ed<\/a><\/span>. Env\u00ede por correo las solicitudes completas con tres (3) conjuntos de planos a:<\/p><p><b>ciudad de guadalupe<\/b><br \/>Departamento de Construcci\u00f3n<br \/>Apartado postal 908<br \/>Guadalupe, CA 93434<\/p><p>La solicitud y los planos tambi\u00e9n se pueden presentar en persona en el Departamento de Construcci\u00f3n.<\/p>\t\t\t\t\t\t\t\t<\/div>\n\t\t\t\t<\/div>\n\t\t\t\t<div class=\"elementor-element elementor-element-9e322cd elementor-widget__width-initial elementor-widget elementor-widget-image\" data-id=\"9e322cd\" data-element_type=\"widget\" data-e-type=\"widget\" data-widget_type=\"image.default\">\n\t\t\t\t<div class=\"elementor-widget-container\">\n\t\t\t\t\t\t\t\t\t\t\t\t\t\t\t\t<a href=\"https:\/\/cityofguadalupe.org\/wp-content\/uploads\/2024\/04\/guide-to-permit-process.jpg\" data-elementor-open-lightbox=\"yes\" data-elementor-lightbox-title=\"guide-to-permit-process\" data-e-action-hash=\"#elementor-action%3Aaction%3Dlightbox%26settings%3DeyJpZCI6MTM5NTMsInVybCI6Imh0dHBzOlwvXC9jaXR5b2ZndWFkYWx1cGUub3JnXC93cC1jb250ZW50XC91cGxvYWRzXC8yMDI0XC8wNFwvZ3VpZGUtdG8tcGVybWl0LXByb2Nlc3MuanBnIn0%3D\">\n\t\t\t\t\t\t\t<img fetchpriority=\"high\" decoding=\"async\" width=\"1024\" height=\"791\" src=\"https:\/\/cityofguadalupe.org\/wp-content\/uploads\/2024\/04\/guide-to-permit-process-1024x791.jpg\" class=\"attachment-large size-large wp-image-13953\" alt=\"\" srcset=\"https:\/\/cityofguadalupe.org\/wp-content\/uploads\/2024\/04\/guide-to-permit-process-1024x791.jpg 1024w, https:\/\/cityofguadalupe.org\/wp-content\/uploads\/2024\/04\/guide-to-permit-process-300x232.jpg 300w, https:\/\/cityofguadalupe.org\/wp-content\/uploads\/2024\/04\/guide-to-permit-process-768x594.jpg 768w, https:\/\/cityofguadalupe.org\/wp-content\/uploads\/2024\/04\/guide-to-permit-process-16x12.jpg 16w, https:\/\/cityofguadalupe.org\/wp-content\/uploads\/2024\/04\/guide-to-permit-process.jpg 1057w\" sizes=\"(max-width: 1024px) 100vw, 1024px\" \/>\t\t\t\t\t\t\t\t<\/a>\n\t\t\t\t\t\t\t\t\t\t\t\t\t\t\t<\/div>\n\t\t\t\t<\/div>\n\t\t\t\t<section class=\"elementor-section elementor-inner-section elementor-element elementor-element-9624af1 elementor-hidden-desktop elementor-hidden-tablet elementor-hidden-mobile elementor-section-boxed elementor-section-height-default elementor-section-height-default\" data-id=\"9624af1\" data-element_type=\"section\" data-e-type=\"section\">\n\t\t\t\t\t\t<div class=\"elementor-container elementor-column-gap-default\">\n\t\t\t\t\t<div class=\"elementor-column elementor-col-50 elementor-inner-column elementor-element elementor-element-c35f338 elementor-invisible\" data-id=\"c35f338\" data-element_type=\"column\" data-e-type=\"column\" data-settings=\"{&quot;background_background&quot;:&quot;classic&quot;,&quot;animation&quot;:&quot;fadeIn&quot;}\">\n\t\t\t<div class=\"elementor-widget-wrap elementor-element-populated\">\n\t\t\t\t\t\t<div class=\"elementor-element elementor-element-d3b1f50 elementor-widget elementor-widget-heading\" data-id=\"d3b1f50\" data-element_type=\"widget\" data-e-type=\"widget\" data-widget_type=\"heading.default\">\n\t\t\t\t<div class=\"elementor-widget-container\">\n\t\t\t\t\t<h2 class=\"elementor-heading-title elementor-size-default\">Formas de construcci\u00f3n<\/h2>\t\t\t\t<\/div>\n\t\t\t\t<\/div>\n\t\t\t\t\t<\/div>\n\t\t<\/div>\n\t\t\t\t<div class=\"elementor-column elementor-col-50 elementor-inner-column elementor-element elementor-element-f8150e0 elementor-invisible\" data-id=\"f8150e0\" data-element_type=\"column\" data-e-type=\"column\" data-settings=\"{&quot;background_background&quot;:&quot;classic&quot;,&quot;animation&quot;:&quot;fadeIn&quot;}\">\n\t\t\t<div class=\"elementor-widget-wrap elementor-element-populated\">\n\t\t\t\t\t\t<div class=\"elementor-element elementor-element-521b8d0 elementor-widget elementor-widget-heading\" data-id=\"521b8d0\" data-element_type=\"widget\" data-e-type=\"widget\" data-widget_type=\"heading.default\">\n\t\t\t\t<div class=\"elementor-widget-container\">\n\t\t\t\t\t<h2 class=\"elementor-heading-title elementor-size-default\">Preguntas frecuentes sobre construcci\u00f3n<\/h2>\t\t\t\t<\/div>\n\t\t\t\t<\/div>\n\t\t\t\t\t<\/div>\n\t\t<\/div>\n\t\t\t\t\t<\/div>\n\t\t<\/section>\n\t\t\t\t<div class=\"elementor-element elementor-element-00c15d8 elementor-widget elementor-widget-spacer\" data-id=\"00c15d8\" data-element_type=\"widget\" data-e-type=\"widget\" data-widget_type=\"spacer.default\">\n\t\t\t\t<div class=\"elementor-widget-container\">\n\t\t\t\t\t\t\t<div class=\"elementor-spacer\">\n\t\t\t<div class=\"elementor-spacer-inner\"><\/div>\n\t\t<\/div>\n\t\t\t\t\t\t<\/div>\n\t\t\t\t<\/div>\n\t\t\t\t\t<\/div>\n\t\t<\/div>\n\t\t\t\t<div class=\"elementor-column elementor-col-33 elementor-top-column elementor-element elementor-element-f141dec\" data-id=\"f141dec\" data-element_type=\"column\" data-e-type=\"column\">\n\t\t\t<div class=\"elementor-widget-wrap elementor-element-populated\">\n\t\t\t\t\t\t<div class=\"elementor-element elementor-element-98ada72 elementor-widget elementor-widget-template\" data-id=\"98ada72\" data-element_type=\"widget\" data-e-type=\"widget\" data-widget_type=\"template.default\">\n\t\t\t\t<div class=\"elementor-widget-container\">\n\t\t\t\t\t\t\t<div class=\"elementor-template\">\n\t\t\t\t\t<div data-elementor-type=\"section\" data-elementor-id=\"3696\" class=\"elementor elementor-3696\" data-elementor-post-type=\"elementor_library\">\n\t\t\t\t\t<section class=\"elementor-section elementor-top-section elementor-element elementor-element-5da6e00 elementor-section-boxed elementor-section-height-default elementor-section-height-default\" data-id=\"5da6e00\" data-element_type=\"section\" data-e-type=\"section\">\n\t\t\t\t\t\t<div class=\"elementor-container elementor-column-gap-default\">\n\t\t\t\t\t<div class=\"elementor-column elementor-col-100 elementor-top-column elementor-element elementor-element-0da915d\" data-id=\"0da915d\" data-element_type=\"column\" data-e-type=\"column\">\n\t\t\t<div class=\"elementor-widget-wrap elementor-element-populated\">\n\t\t\t\t\t\t<div class=\"elementor-element elementor-element-6667b4d elementor-widget elementor-widget-text-editor\" data-id=\"6667b4d\" data-element_type=\"widget\" data-e-type=\"widget\" data-widget_type=\"text-editor.default\">\n\t\t\t\t<div class=\"elementor-widget-container\">\n\t\t\t\t\t\t\t\t\t<h4 style=\"text-align: center;\"><strong>P\u00f3ngase en contacto con el Departamento de Construcci\u00f3n<\/strong><\/h4>\t\t\t\t\t\t\t\t<\/div>\n\t\t\t\t<\/div>\n\t\t\t\t<section class=\"elementor-section elementor-inner-section elementor-element elementor-element-535e7a7 elementor-section-boxed elementor-section-height-default elementor-section-height-default\" data-id=\"535e7a7\" data-element_type=\"section\" data-e-type=\"section\">\n\t\t\t\t\t\t<div class=\"elementor-container elementor-column-gap-default\">\n\t\t\t\t\t<div class=\"elementor-column elementor-col-100 elementor-inner-column elementor-element elementor-element-2abb449\" data-id=\"2abb449\" data-element_type=\"column\" data-e-type=\"column\">\n\t\t\t<div class=\"elementor-widget-wrap elementor-element-populated\">\n\t\t\t\t\t\t<div class=\"elementor-element elementor-element-b4bc8b1 elementor-widget elementor-widget-text-editor\" data-id=\"b4bc8b1\" data-element_type=\"widget\" data-e-type=\"widget\" data-widget_type=\"text-editor.default\">\n\t\t\t\t<div class=\"elementor-widget-container\">\n\t\t\t\t\t\t\t\t\t<p><strong><img decoding=\"async\" class=\"alignleft size-full wp-image-12627\" src=\"https:\/\/cityofguadalupe.org\/wp-content\/uploads\/2023\/11\/alice-saucedo-90x90-1.jpg\" alt=\"\" width=\"90\" height=\"90\" srcset=\"https:\/\/cityofguadalupe.org\/wp-content\/uploads\/2023\/11\/alice-saucedo-90x90-1.jpg 90w, https:\/\/cityofguadalupe.org\/wp-content\/uploads\/2023\/11\/alice-saucedo-90x90-1-12x12.jpg 12w\" sizes=\"(max-width: 90px) 100vw, 90px\" \/>Alicia Saucedo<br \/><\/strong>T\u00e9cnico de permisos<br \/>Tel\u00e9fono: 805.356.3903<\/p><p><span style=\"color: #3366ff;\"><a style=\"color: #3366ff;\" href=\"mailto:asaucedo@ci.guadalupe.ca.us\">asaucedo@ci.guadalupe.ca.us\u00a0<\/a><\/span><\/p>\t\t\t\t\t\t\t\t<\/div>\n\t\t\t\t<\/div>\n\t\t\t\t\t<\/div>\n\t\t<\/div>\n\t\t\t\t\t<\/div>\n\t\t<\/section>\n\t\t\t\t<section class=\"elementor-section elementor-inner-section elementor-element elementor-element-ecba6ce elementor-section-boxed elementor-section-height-default elementor-section-height-default\" data-id=\"ecba6ce\" data-element_type=\"section\" data-e-type=\"section\">\n\t\t\t\t\t\t<div class=\"elementor-container elementor-column-gap-default\">\n\t\t\t\t\t<div class=\"elementor-column elementor-col-100 elementor-inner-column elementor-element elementor-element-8c4cf29\" data-id=\"8c4cf29\" data-element_type=\"column\" data-e-type=\"column\">\n\t\t\t<div class=\"elementor-widget-wrap elementor-element-populated\">\n\t\t\t\t\t\t<div class=\"elementor-element elementor-element-e048670 elementor-widget elementor-widget-text-editor\" data-id=\"e048670\" data-element_type=\"widget\" data-e-type=\"widget\" data-widget_type=\"text-editor.default\">\n\t\t\t\t<div class=\"elementor-widget-container\">\n\t\t\t\t\t\t\t\t\t<p><strong>JAS Pacific Inspectors<br \/><\/strong>Building Inspector\/Official<br \/>Tel\u00e9fono: 805.356.3903<\/p><p><span style=\"color: #3366ff;\"><a style=\"color: #3366ff;\" href=\"mailto:buildinginspector@ci.guadalupe.ca.us\">buildinginspector@ci.guadalupe.ca.us<\/a><\/span><\/p>\t\t\t\t\t\t\t\t<\/div>\n\t\t\t\t<\/div>\n\t\t\t\t\t<\/div>\n\t\t<\/div>\n\t\t\t\t\t<\/div>\n\t\t<\/section>\n\t\t\t\t<div class=\"elementor-element elementor-element-7adfac2 elementor-widget elementor-widget-text-editor\" data-id=\"7adfac2\" data-element_type=\"widget\" data-e-type=\"widget\" data-widget_type=\"text-editor.default\">\n\t\t\t\t<div class=\"elementor-widget-container\">\n\t\t\t\t\t\t\t\t\t<h2 style=\"text-align: center;\"><strong>Enlaces de construcci\u00f3n importantes<\/strong><\/h2>\t\t\t\t\t\t\t\t<\/div>\n\t\t\t\t<\/div>\n\t\t\t\t<div class=\"elementor-element elementor-element-5c530f8 elementor-widget__width-initial elementor-widget elementor-widget-text-editor\" data-id=\"5c530f8\" data-element_type=\"widget\" data-e-type=\"widget\" data-widget_type=\"text-editor.default\">\n\t\t\t\t<div class=\"elementor-widget-container\">\n\t\t\t\t\t\t\t\t\t<ul><li>Solicitudes de permiso<ul><li><span style=\"color: #3366ff;\"><a style=\"color: #3366ff;\" href=\"http:\/\/cityofguadalupe.org\/wp-content\/uploads\/2023\/04\/building-permit-application.pdf\" target=\"_blank\" rel=\"noopener\">Permiso de construcci\u00f3n<\/a><\/span><\/li><li><span style=\"color: #3366ff;\"><a style=\"color: #3366ff;\" href=\"http:\/\/cityofguadalupe.org\/wp-content\/uploads\/2023\/04\/encroachment-permit-app.pdf\" target=\"_blank\" rel=\"noopener\">Permiso de invasi\u00f3n<\/a><\/span><\/li><li><span style=\"color: #3366ff;\"><a style=\"color: #3366ff;\" href=\"http:\/\/cityofguadalupe.org\/wp-content\/uploads\/2023\/04\/short-term-rental-application.pdf\" target=\"_blank\" rel=\"noopener\">Permiso de alquiler a corto plazo<\/a><\/span><\/li><li><span style=\"color: #3366ff;\"><a style=\"color: #3366ff;\" href=\"http:\/\/cityofguadalupe.org\/wp-content\/uploads\/2023\/04\/discretionary-planning-permit.pdf\" target=\"_blank\" rel=\"noopener\">Permiso discrecional<\/a><\/span><\/li><li><span style=\"color: #3366ff;\"><a style=\"color: #3366ff;\" href=\"http:\/\/cityofguadalupe.org\/wp-content\/uploads\/2023\/04\/ministerial-application.pdf\" target=\"_blank\" rel=\"noopener\">Permiso Ministerial<\/a><\/span><\/li><li><span style=\"color: #3366ff;\"><a style=\"color: #3366ff;\" href=\"https:\/\/cityofguadalupe.org\/wp-content\/uploads\/2024\/06\/New-Business-License-Application-Jan-2020.pdf\" target=\"_blank\" rel=\"noopener\">Licencia de negocios<\/a><\/span><\/li><li><span style=\"color: #3366ff;\"><a style=\"color: #3366ff;\" href=\"http:\/\/cityofguadalupe.org\/wp-content\/uploads\/2023\/04\/special-events-app.pdf\" target=\"_blank\" rel=\"noopener\">Permiso para eventos especiales<\/a><\/span><\/li><li><span style=\"color: #3366ff;\"><a style=\"color: #3366ff;\" href=\"https:\/\/cityofguadalupe.org\/wp-content\/uploads\/2023\/11\/AB-1236-EV-Checklist-112823.pdf\" target=\"_blank\" rel=\"noopener\">Lista de verificaci\u00f3n residencial y no residencial para permitir veh\u00edculos el\u00e9ctricos y EVSE<\/a><\/span><\/li><\/ul><\/li><li>Informaci\u00f3n importante<ul><li><span style=\"color: #3366ff;\"><a style=\"color: #3366ff;\" href=\"http:\/\/cityofguadalupe.org\/wp-content\/uploads\/2023\/04\/adu-muni-code-req.pdf\" target=\"_blank\" rel=\"noopener\">Requisitos del C\u00f3digo Municipal de ADU<\/a><\/span><\/li><li><a href=\"https:\/\/cityofguadalupe.org\/wp-content\/uploads\/2024\/11\/Handout-AB-2533-Amends-Government-Code-Section-66332.pdf\"><span style=\"color: #3366ff;\">Unpermitted ADU&#8217;s<\/span><\/a><ul><li>\u00a0The Building Department wants to assist any homeowner that has constructed an unpermitted ADU or JADU. A recent bill, AB2533, was signed into law in September 2024 which requires the city to provide a permit path that could allow the ADU to be legalized. The following list identifies Health and Safety standards that must be met before an illegal ADU can be permitted. Please contact the Building and Planning Department if you have any questions at (805) 356-3903.<\/li><\/ul><\/li><li><span style=\"color: #3366ff;\"><a style=\"color: #3366ff;\" href=\"http:\/\/www.bsc.ca.gov\/default.htm\" target=\"_blank\" rel=\"noopener\">Comisi\u00f3n de Normas de Construcci\u00f3n de California<\/a><\/span><\/li><li><span style=\"color: #3366ff;\"><a style=\"color: #3366ff;\" href=\"https:\/\/www.ladbs.org\/docs\/default-source\/publications\/code-amendments\/2016-calgreen_complete.pdf?sfvrsn=6\" target=\"_blank\" rel=\"noopener\">2016 California Green Building Standards Code<\/a><\/span><\/li><\/ul><\/li><li><span style=\"color: #3366ff;\"><a style=\"color: #3366ff;\" href=\"https:\/\/cityofguadalupe.org\/wp-content\/uploads\/2024\/04\/building-fee-schedule-2024.pdf\" target=\"_blank\" rel=\"noopener\">Fee Schedule<\/a><\/span><\/li><\/ul>\t\t\t\t\t\t\t\t<\/div>\n\t\t\t\t<\/div>\n\t\t\t\t\t<\/div>\n\t\t<\/div>\n\t\t\t\t\t<\/div>\n\t\t<\/section>\n\t\t\t\t<\/div>\n\t\t\t\t<\/div>\n\t\t\t\t\t\t<\/div>\n\t\t\t\t<\/div>\n\t\t\t\t\t<\/div>\n\t\t<\/div>\n\t\t\t\t\t<\/div>\n\t\t<\/section>\n\t\t\t\t<\/div>","protected":false},"excerpt":{"rendered":"<p>Building Department Our Mission Our mission is to conduct the City&#8217;s business in the most efficient and professional manner possible and to assist our community and visitors with all their building and planning goals in order to achieve compliance with all building and zoning laws, for their safety and the safety of others. Building Department [&hellip;]<\/p>\n","protected":false},"author":6,"featured_media":0,"parent":0,"menu_order":0,"comment_status":"closed","ping_status":"closed","template":"elementor_header_footer","meta":{"ocean_post_layout":"full-screen","ocean_both_sidebars_style":"","ocean_both_sidebars_content_width":0,"ocean_both_sidebars_sidebars_width":0,"ocean_sidebar":"0","ocean_second_sidebar":"0","ocean_disable_margins":"enable","ocean_add_body_class":"","ocean_shortcode_before_top_bar":"","ocean_shortcode_after_top_bar":"","ocean_shortcode_before_header":"[smartslider3 slider=\"2\"]","ocean_shortcode_after_header":"","ocean_has_shortcode":"","ocean_shortcode_after_title":"","ocean_shortcode_before_footer_widgets":"","ocean_shortcode_after_footer_widgets":"","ocean_shortcode_before_footer_bottom":"","ocean_shortcode_after_footer_bottom":"","ocean_display_top_bar":"default","ocean_display_header":"default","ocean_header_style":"","ocean_center_header_left_menu":"0","ocean_custom_header_template":"0","ocean_custom_logo":0,"ocean_custom_retina_logo":0,"ocean_custom_logo_max_width":0,"ocean_custom_logo_tablet_max_width":0,"ocean_custom_logo_mobile_max_width":0,"ocean_custom_logo_max_height":0,"ocean_custom_logo_tablet_max_height":0,"ocean_custom_logo_mobile_max_height":0,"ocean_header_custom_menu":"0","ocean_menu_typo_font_family":"0","ocean_menu_typo_font_subset":"","ocean_menu_typo_font_size":0,"ocean_menu_typo_font_size_tablet":0,"ocean_menu_typo_font_size_mobile":0,"ocean_menu_typo_font_size_unit":"px","ocean_menu_typo_font_weight":"","ocean_menu_typo_font_weight_tablet":"","ocean_menu_typo_font_weight_mobile":"","ocean_menu_typo_transform":"","ocean_menu_typo_transform_tablet":"","ocean_menu_typo_transform_mobile":"","ocean_menu_typo_line_height":0,"ocean_menu_typo_line_height_tablet":0,"ocean_menu_typo_line_height_mobile":0,"ocean_menu_typo_line_height_unit":"","ocean_menu_typo_spacing":0,"ocean_menu_typo_spacing_tablet":0,"ocean_menu_typo_spacing_mobile":0,"ocean_menu_typo_spacing_unit":"","ocean_menu_link_color":"","ocean_menu_link_color_hover":"","ocean_menu_link_color_active":"","ocean_menu_link_background":"","ocean_menu_link_hover_background":"","ocean_menu_link_active_background":"","ocean_menu_social_links_bg":"","ocean_menu_social_hover_links_bg":"","ocean_menu_social_links_color":"","ocean_menu_social_hover_links_color":"","ocean_disable_title":"on","ocean_disable_heading":"default","ocean_post_title":"","ocean_post_subheading":"","ocean_post_title_style":"","ocean_post_title_background_color":"","ocean_post_title_background":0,"ocean_post_title_bg_image_position":"","ocean_post_title_bg_image_attachment":"","ocean_post_title_bg_image_repeat":"","ocean_post_title_bg_image_size":"","ocean_post_title_height":0,"ocean_post_title_bg_overlay":0.5,"ocean_post_title_bg_overlay_color":"","ocean_disable_breadcrumbs":"default","ocean_breadcrumbs_color":"","ocean_breadcrumbs_separator_color":"","ocean_breadcrumbs_links_color":"","ocean_breadcrumbs_links_hover_color":"","ocean_display_footer_widgets":"default","ocean_display_footer_bottom":"default","ocean_custom_footer_template":"0","footnotes":""},"class_list":["post-1342","page","type-page","status-publish","hentry","entry"],"meta_box":[],"_links":{"self":[{"href":"https:\/\/cityofguadalupe.org\/es\/wp-json\/wp\/v2\/pages\/1342","targetHints":{"allow":["GET"]}}],"collection":[{"href":"https:\/\/cityofguadalupe.org\/es\/wp-json\/wp\/v2\/pages"}],"about":[{"href":"https:\/\/cityofguadalupe.org\/es\/wp-json\/wp\/v2\/types\/page"}],"author":[{"embeddable":true,"href":"https:\/\/cityofguadalupe.org\/es\/wp-json\/wp\/v2\/users\/6"}],"replies":[{"embeddable":true,"href":"https:\/\/cityofguadalupe.org\/es\/wp-json\/wp\/v2\/comments?post=1342"}],"version-history":[{"count":49,"href":"https:\/\/cityofguadalupe.org\/es\/wp-json\/wp\/v2\/pages\/1342\/revisions"}],"predecessor-version":[{"id":20504,"href":"https:\/\/cityofguadalupe.org\/es\/wp-json\/wp\/v2\/pages\/1342\/revisions\/20504"}],"wp:attachment":[{"href":"https:\/\/cityofguadalupe.org\/es\/wp-json\/wp\/v2\/media?parent=1342"}],"curies":[{"name":"wp","href":"https:\/\/api.w.org\/{rel}","templated":true}]}}