{"id":300,"date":"2022-12-20T14:53:32","date_gmt":"2022-12-20T14:53:32","guid":{"rendered":"https:\/\/arclightmedia.com\/dev\/guad2\/?page_id=300"},"modified":"2023-07-21T19:10:20","modified_gmt":"2023-07-22T02:10:20","slug":"business-resources","status":"publish","type":"page","link":"https:\/\/cityofguadalupe.org\/es\/business-resources\/","title":{"rendered":"Recursos empresariales"},"content":{"rendered":"<div data-elementor-type=\"wp-page\" data-elementor-id=\"300\" class=\"elementor elementor-300\" data-elementor-post-type=\"page\">\n\t\t\t\t\t\t<section class=\"elementor-section elementor-top-section elementor-element elementor-element-ed4e9da elementor-section-boxed elementor-section-height-default elementor-section-height-default\" data-id=\"ed4e9da\" data-element_type=\"section\" data-e-type=\"section\">\n\t\t\t\t\t\t<div class=\"elementor-container elementor-column-gap-default\">\n\t\t\t\t\t<div class=\"elementor-column elementor-col-100 elementor-top-column elementor-element elementor-element-2dc9586\" data-id=\"2dc9586\" data-element_type=\"column\" data-e-type=\"column\">\n\t\t\t<div class=\"elementor-widget-wrap elementor-element-populated\">\n\t\t\t\t\t\t<div class=\"elementor-element elementor-element-a312428 elementor-widget elementor-widget-spacer\" data-id=\"a312428\" data-element_type=\"widget\" data-e-type=\"widget\" data-widget_type=\"spacer.default\">\n\t\t\t\t<div class=\"elementor-widget-container\">\n\t\t\t\t\t\t\t<div class=\"elementor-spacer\">\n\t\t\t<div class=\"elementor-spacer-inner\"><\/div>\n\t\t<\/div>\n\t\t\t\t\t\t<\/div>\n\t\t\t\t<\/div>\n\t\t\t\t\t<\/div>\n\t\t<\/div>\n\t\t\t\t\t<\/div>\n\t\t<\/section>\n\t\t\t\t<section class=\"elementor-section elementor-top-section elementor-element elementor-element-b853095 elementor-section-boxed elementor-section-height-default elementor-section-height-default\" data-id=\"b853095\" data-element_type=\"section\" data-e-type=\"section\">\n\t\t\t\t\t\t<div class=\"elementor-container elementor-column-gap-default\">\n\t\t\t\t\t<div class=\"elementor-column elementor-col-100 elementor-top-column elementor-element elementor-element-57ae425\" data-id=\"57ae425\" data-element_type=\"column\" data-e-type=\"column\">\n\t\t\t<div class=\"elementor-widget-wrap elementor-element-populated\">\n\t\t\t\t\t\t<div class=\"elementor-element elementor-element-ae89b57 elementor-widget elementor-widget-text-editor\" data-id=\"ae89b57\" data-element_type=\"widget\" data-e-type=\"widget\" data-widget_type=\"text-editor.default\">\n\t\t\t\t<div class=\"elementor-widget-container\">\n\t\t\t\t\t\t\t\t\t<p>Recursos empresariales<\/p>\t\t\t\t\t\t\t\t<\/div>\n\t\t\t\t<\/div>\n\t\t\t\t\t<\/div>\n\t\t<\/div>\n\t\t\t\t\t<\/div>\n\t\t<\/section>\n\t\t\t\t<section class=\"elementor-section elementor-top-section elementor-element elementor-element-5aebdfa elementor-section-boxed elementor-section-height-default elementor-section-height-default\" data-id=\"5aebdfa\" data-element_type=\"section\" data-e-type=\"section\">\n\t\t\t\t\t\t\t<div class=\"elementor-background-overlay\"><\/div>\n\t\t\t\t\t\t\t<div class=\"elementor-container elementor-column-gap-default\">\n\t\t\t\t\t<div class=\"elementor-column elementor-col-66 elementor-top-column elementor-element elementor-element-6094f4a\" data-id=\"6094f4a\" data-element_type=\"column\" data-e-type=\"column\">\n\t\t\t<div class=\"elementor-widget-wrap elementor-element-populated\">\n\t\t\t\t\t\t<div class=\"elementor-element elementor-element-9c8a2c9 elementor-widget elementor-widget-spacer\" data-id=\"9c8a2c9\" data-element_type=\"widget\" data-e-type=\"widget\" data-widget_type=\"spacer.default\">\n\t\t\t\t<div class=\"elementor-widget-container\">\n\t\t\t\t\t\t\t<div class=\"elementor-spacer\">\n\t\t\t<div class=\"elementor-spacer-inner\"><\/div>\n\t\t<\/div>\n\t\t\t\t\t\t<\/div>\n\t\t\t\t<\/div>\n\t\t\t\t<div class=\"elementor-element elementor-element-8afbfa6 elementor-widget elementor-widget-text-editor\" data-id=\"8afbfa6\" data-element_type=\"widget\" data-e-type=\"widget\" data-widget_type=\"text-editor.default\">\n\t\t\t\t<div class=\"elementor-widget-container\">\n\t\t\t\t\t\t\t\t\t<h2><strong>Hay muchos recursos gratuitos y de bajo costo disponibles para ayudar a propietarios de negocios nuevos y existentes en Guadalupe.<\/strong><\/h2>\t\t\t\t\t\t\t\t<\/div>\n\t\t\t\t<\/div>\n\t\t\t\t<div class=\"elementor-element elementor-element-19f484c elementor-widget-divider--view-line elementor-widget elementor-widget-divider\" data-id=\"19f484c\" data-element_type=\"widget\" data-e-type=\"widget\" data-widget_type=\"divider.default\">\n\t\t\t\t<div class=\"elementor-widget-container\">\n\t\t\t\t\t\t\t<div class=\"elementor-divider\">\n\t\t\t<span class=\"elementor-divider-separator\">\n\t\t\t\t\t\t<\/span>\n\t\t<\/div>\n\t\t\t\t\t\t<\/div>\n\t\t\t\t<\/div>\n\t\t\t\t<div class=\"elementor-element elementor-element-003b2a4 elementor-widget elementor-widget-text-editor\" data-id=\"003b2a4\" data-element_type=\"widget\" data-e-type=\"widget\" data-widget_type=\"text-editor.default\">\n\t\t\t\t<div class=\"elementor-widget-container\">\n\t\t\t\t\t\t\t\t\t<h2><strong>Asociaci\u00f3n Empresarial Guadalupe<\/strong><\/h2><p><img decoding=\"async\" class=\"aligncenter wp-image-307\" src=\"http:\/\/cityofguadalupe.org\/wp-content\/uploads\/2022\/12\/GBA-logo-v6d4-100opacity-300x231.png\" alt=\"\" width=\"200\" height=\"154\" srcset=\"https:\/\/cityofguadalupe.org\/wp-content\/uploads\/2022\/12\/GBA-logo-v6d4-100opacity-300x231.png 300w, https:\/\/cityofguadalupe.org\/wp-content\/uploads\/2022\/12\/GBA-logo-v6d4-100opacity-1024x789.png 1024w, https:\/\/cityofguadalupe.org\/wp-content\/uploads\/2022\/12\/GBA-logo-v6d4-100opacity-768x592.png 768w, https:\/\/cityofguadalupe.org\/wp-content\/uploads\/2022\/12\/GBA-logo-v6d4-100opacity-1536x1184.png 1536w, https:\/\/cityofguadalupe.org\/wp-content\/uploads\/2022\/12\/GBA-logo-v6d4-100opacity-2048x1578.png 2048w\" sizes=\"(max-width: 200px) 100vw, 200px\" \/><\/p><p>La Guadalupe Business Association es una organizaci\u00f3n sin fines de lucro 501(c)6 dedicada a la promoci\u00f3n, expansi\u00f3n y desarrollo de sus miembros brindando servicios que ayudan, apoyan y promueven directamente sus negocios y expresando y apoyando objetivos comunes para la protecci\u00f3n, identidad y crecimiento de los Negocios Guadalupe y la comunidad.<\/p><p><a href=\"https:\/\/www.visitguadalupe.org\" target=\"_blank\" rel=\"noopener\"><span style=\"color: #3366ff;\">www.visitaguadalupe.org<\/span><\/a><\/p>\t\t\t\t\t\t\t\t<\/div>\n\t\t\t\t<\/div>\n\t\t\t\t<div class=\"elementor-element elementor-element-bdea4bf elementor-widget elementor-widget-text-editor\" data-id=\"bdea4bf\" data-element_type=\"widget\" data-e-type=\"widget\" data-widget_type=\"text-editor.default\">\n\t\t\t\t<div class=\"elementor-widget-container\">\n\t\t\t\t\t\t\t\t\t<h2><strong>Centro de desarrollo de peque\u00f1as empresas del condado de Santa B\u00e1rbara<\/strong><\/h2><p><img decoding=\"async\" class=\"aligncenter size-full wp-image-303\" src=\"http:\/\/cityofguadalupe.org\/wp-content\/uploads\/2022\/12\/sbsbdcbanner-300x56-1.png\" alt=\"\" width=\"300\" height=\"56\" \/><\/p><p>El Centro de Desarrollo de Peque\u00f1as Empresas (SBDC) del Condado de Santa B\u00e1rbara es parte del EDC-SBDC del Condado de Ventura, la Red Regional de Los \u00c1ngeles y la Administraci\u00f3n Nacional de Peque\u00f1as Empresas (SBA). Brindamos consultor\u00eda y capacitaci\u00f3n individualizadas a empresas nuevas y en crecimiento.<\/p><p>Todo negocio comienza con una idea brillante. Ya sea que necesite ayuda para hacer despegar su idea o quiera hacer crecer su negocio, estamos aqu\u00ed para ayudarlo. Brindamos asesoramiento y capacitaci\u00f3n empresarial sin costo para llevar su negocio al siguiente nivel. Adem\u00e1s, ofrecemos clases, talleres y sesiones de capacitaci\u00f3n ocasionales sin cr\u00e9ditos.<\/p><p><a href=\"http:\/\/www.sbcountysbdc.org\/\" target=\"_blank\" rel=\"noopener\"><span style=\"color: #3366ff;\">www.sbcountysbdc.org<\/span><\/a><\/p>\t\t\t\t\t\t\t\t<\/div>\n\t\t\t\t<\/div>\n\t\t\t\t<div class=\"elementor-element elementor-element-594c8fe elementor-widget elementor-widget-text-editor\" data-id=\"594c8fe\" data-element_type=\"widget\" data-e-type=\"widget\" data-widget_type=\"text-editor.default\">\n\t\t\t\t<div class=\"elementor-widget-container\">\n\t\t\t\t\t\t\t\t\t<h2><strong>Emprendimientos econ\u00f3micos de mujeres<\/strong><\/h2><p><img decoding=\"async\" class=\"aligncenter size-full wp-image-306\" src=\"http:\/\/cityofguadalupe.org\/wp-content\/uploads\/2022\/12\/womens-economic-ventures-150x150-1.gif\" alt=\"\" width=\"150\" height=\"150\" \/><\/p><p>Women&#039;s Economic Ventures se dedica al empoderamiento econ\u00f3mico de las mujeres, cultivando el poder dentro de cada mujer para hacer realidad sus sue\u00f1os, lograr independencia financiera y tener \u00e9xito en sus propios t\u00e9rminos.<\/p><p><span style=\"color: #3366ff;\"><a style=\"color: #3366ff;\" href=\"https:\/\/www.wevonline.org\" target=\"_blank\" rel=\"noopener\">www.wevoonline.org<\/a><\/span><\/p>\t\t\t\t\t\t\t\t<\/div>\n\t\t\t\t<\/div>\n\t\t\t\t<div class=\"elementor-element elementor-element-de3a961 elementor-widget elementor-widget-spacer\" data-id=\"de3a961\" data-element_type=\"widget\" data-e-type=\"widget\" data-widget_type=\"spacer.default\">\n\t\t\t\t<div class=\"elementor-widget-container\">\n\t\t\t\t\t\t\t<div class=\"elementor-spacer\">\n\t\t\t<div class=\"elementor-spacer-inner\"><\/div>\n\t\t<\/div>\n\t\t\t\t\t\t<\/div>\n\t\t\t\t<\/div>\n\t\t\t\t\t<\/div>\n\t\t<\/div>\n\t\t\t\t<div class=\"elementor-column elementor-col-33 elementor-top-column elementor-element elementor-element-1777bf3\" data-id=\"1777bf3\" data-element_type=\"column\" data-e-type=\"column\">\n\t\t\t<div class=\"elementor-widget-wrap elementor-element-populated\">\n\t\t\t\t\t\t<div class=\"elementor-element elementor-element-e3ac6ec elementor-widget elementor-widget-template\" data-id=\"e3ac6ec\" data-element_type=\"widget\" data-e-type=\"widget\" data-widget_type=\"template.default\">\n\t\t\t\t<div class=\"elementor-widget-container\">\n\t\t\t\t\t\t\t<div class=\"elementor-template\">\n\t\t\t\t\t<div data-elementor-type=\"section\" data-elementor-id=\"3745\" class=\"elementor elementor-3745\" data-elementor-post-type=\"elementor_library\">\n\t\t\t\t\t<section class=\"elementor-section elementor-top-section elementor-element elementor-element-5da6e00 elementor-section-boxed elementor-section-height-default elementor-section-height-default\" data-id=\"5da6e00\" data-element_type=\"section\" data-e-type=\"section\">\n\t\t\t\t\t\t<div class=\"elementor-container elementor-column-gap-default\">\n\t\t\t\t\t<div class=\"elementor-column elementor-col-100 elementor-top-column elementor-element elementor-element-cdf07db\" data-id=\"cdf07db\" data-element_type=\"column\" data-e-type=\"column\">\n\t\t\t<div class=\"elementor-widget-wrap elementor-element-populated\">\n\t\t\t\t\t\t<div class=\"elementor-element elementor-element-b9e5a8a elementor-widget elementor-widget-text-editor\" data-id=\"b9e5a8a\" data-element_type=\"widget\" data-e-type=\"widget\" data-widget_type=\"text-editor.default\">\n\t\t\t\t<div class=\"elementor-widget-container\">\n\t\t\t\t\t\t\t\t\t<h4 style=\"text-align: center;\"><strong>P\u00f3ngase en contacto con el Departamento de Administraci\u00f3n de la ciudad<\/strong><\/h4>\t\t\t\t\t\t\t\t<\/div>\n\t\t\t\t<\/div>\n\t\t\t\t<section class=\"elementor-section elementor-inner-section elementor-element elementor-element-b449da5 elementor-section-boxed elementor-section-height-default elementor-section-height-default\" data-id=\"b449da5\" data-element_type=\"section\" data-e-type=\"section\">\n\t\t\t\t\t\t<div class=\"elementor-container elementor-column-gap-default\">\n\t\t\t\t\t<div class=\"elementor-column elementor-col-100 elementor-inner-column elementor-element elementor-element-2dca7f5\" data-id=\"2dca7f5\" data-element_type=\"column\" data-e-type=\"column\">\n\t\t\t<div class=\"elementor-widget-wrap elementor-element-populated\">\n\t\t\t\t\t\t<div class=\"elementor-element elementor-element-3c3d87a elementor-widget elementor-widget-text-editor\" data-id=\"3c3d87a\" data-element_type=\"widget\" data-e-type=\"widget\" data-widget_type=\"text-editor.default\">\n\t\t\t\t<div class=\"elementor-widget-container\">\n\t\t\t\t\t\t\t\t\t<p><strong><img loading=\"lazy\" decoding=\"async\" class=\"alignnone  wp-image-17494\" src=\"https:\/\/cityofguadalupe.org\/wp-content\/uploads\/2025\/03\/IMG_2400-e1741028782674-273x300.jpg\" alt=\"\" width=\"105\" height=\"115\" srcset=\"https:\/\/cityofguadalupe.org\/wp-content\/uploads\/2025\/03\/IMG_2400-e1741028782674-273x300.jpg 273w, https:\/\/cityofguadalupe.org\/wp-content\/uploads\/2025\/03\/IMG_2400-e1741028782674-11x12.jpg 11w, https:\/\/cityofguadalupe.org\/wp-content\/uploads\/2025\/03\/IMG_2400-e1741028782674.jpg 688w\" sizes=\"(max-width: 105px) 100vw, 105px\" \/>David Trujillo<br \/><\/strong>Interim City Administrator<br \/>(805) 356-3891<\/p><p><span style=\"color: #0000ff;\"><a style=\"color: #0000ff;\" href=\"mailto:dtrujillo@ci.guadalupe.ca.us\">dtrujillo@ci.guadalupe.ca.us\u00a0<\/a><\/span><\/p>\t\t\t\t\t\t\t\t<\/div>\n\t\t\t\t<\/div>\n\t\t\t\t\t<\/div>\n\t\t<\/div>\n\t\t\t\t\t<\/div>\n\t\t<\/section>\n\t\t\t\t<section class=\"elementor-section elementor-inner-section elementor-element elementor-element-a8707f1 elementor-section-boxed elementor-section-height-default elementor-section-height-default\" data-id=\"a8707f1\" data-element_type=\"section\" data-e-type=\"section\">\n\t\t\t\t\t\t<div class=\"elementor-container elementor-column-gap-default\">\n\t\t\t\t\t<div class=\"elementor-column elementor-col-100 elementor-inner-column elementor-element elementor-element-9dc1129\" data-id=\"9dc1129\" data-element_type=\"column\" data-e-type=\"column\">\n\t\t\t<div class=\"elementor-widget-wrap elementor-element-populated\">\n\t\t\t\t\t\t<div class=\"elementor-element elementor-element-412a37c elementor-widget elementor-widget-text-editor\" data-id=\"412a37c\" data-element_type=\"widget\" data-e-type=\"widget\" data-widget_type=\"text-editor.default\">\n\t\t\t\t<div class=\"elementor-widget-container\">\n\t\t\t\t\t\t\t\t\t<p><strong>Juana Escobar<br \/><\/strong>Ayudante Administrativo<br \/><br \/><span style=\"color: #3366ff;\"><a style=\"color: #3366ff;\" href=\"mailto:juana.escobar@cityofguadalupe.org\">juana.escobar@cityofguadalupe.org<\/a><\/span><\/p>\t\t\t\t\t\t\t\t<\/div>\n\t\t\t\t<\/div>\n\t\t\t\t\t<\/div>\n\t\t<\/div>\n\t\t\t\t\t<\/div>\n\t\t<\/section>\n\t\t\t\t<div class=\"elementor-element elementor-element-960ca49 elementor-widget elementor-widget-spacer\" data-id=\"960ca49\" data-element_type=\"widget\" data-e-type=\"widget\" data-widget_type=\"spacer.default\">\n\t\t\t\t<div class=\"elementor-widget-container\">\n\t\t\t\t\t\t\t<div class=\"elementor-spacer\">\n\t\t\t<div class=\"elementor-spacer-inner\"><\/div>\n\t\t<\/div>\n\t\t\t\t\t\t<\/div>\n\t\t\t\t<\/div>\n\t\t\t\t<div class=\"elementor-element elementor-element-d299aa0 elementor-widget elementor-widget-text-editor\" data-id=\"d299aa0\" data-element_type=\"widget\" data-e-type=\"widget\" data-widget_type=\"text-editor.default\">\n\t\t\t\t<div class=\"elementor-widget-container\">\n\t\t\t\t\t\t\t\t\t<h4 style=\"text-align: center;\"><strong>Horas de oficina<\/strong><\/h4><p style=\"text-align: center;\">Monday &#8211; Friday: 8am &#8211; 4pm<\/p><p style=\"text-align: center;\">Tel\u00e9fono: (805) 356-3891<br \/>Fax: (805) 343-5512<\/p>\t\t\t\t\t\t\t\t<\/div>\n\t\t\t\t<\/div>\n\t\t\t\t\t<\/div>\n\t\t<\/div>\n\t\t\t\t\t<\/div>\n\t\t<\/section>\n\t\t\t\t<\/div>\n\t\t\t\t<\/div>\n\t\t\t\t\t\t<\/div>\n\t\t\t\t<\/div>\n\t\t\t\t\t<\/div>\n\t\t<\/div>\n\t\t\t\t\t<\/div>\n\t\t<\/section>\n\t\t\t\t<\/div>","protected":false},"excerpt":{"rendered":"<p>Business Resources There are many free and low-cost resources available to help new and existing business owners in Guadalupe. Guadalupe Business Association The Guadalupe Business Association is a 501(c)6 non-profit organization dedicated to the promotion, expansion and development of its members by providing services that directly aid, support and promote their business and by expressing [&hellip;]<\/p>\n","protected":false},"author":6,"featured_media":0,"parent":0,"menu_order":0,"comment_status":"closed","ping_status":"closed","template":"elementor_header_footer","meta":{"ocean_post_layout":"full-screen","ocean_both_sidebars_style":"","ocean_both_sidebars_content_width":0,"ocean_both_sidebars_sidebars_width":0,"ocean_sidebar":"0","ocean_second_sidebar":"0","ocean_disable_margins":"enable","ocean_add_body_class":"","ocean_shortcode_before_top_bar":"","ocean_shortcode_after_top_bar":"","ocean_shortcode_before_header":"[smartslider3 slider=\"2\"]","ocean_shortcode_after_header":"","ocean_has_shortcode":"","ocean_shortcode_after_title":"","ocean_shortcode_before_footer_widgets":"","ocean_shortcode_after_footer_widgets":"","ocean_shortcode_before_footer_bottom":"","ocean_shortcode_after_footer_bottom":"","ocean_display_top_bar":"default","ocean_display_header":"default","ocean_header_style":"","ocean_center_header_left_menu":"0","ocean_custom_header_template":"0","ocean_custom_logo":0,"ocean_custom_retina_logo":0,"ocean_custom_logo_max_width":0,"ocean_custom_logo_tablet_max_width":0,"ocean_custom_logo_mobile_max_width":0,"ocean_custom_logo_max_height":0,"ocean_custom_logo_tablet_max_height":0,"ocean_custom_logo_mobile_max_height":0,"ocean_header_custom_menu":"0","ocean_menu_typo_font_family":"0","ocean_menu_typo_font_subset":"","ocean_menu_typo_font_size":0,"ocean_menu_typo_font_size_tablet":0,"ocean_menu_typo_font_size_mobile":0,"ocean_menu_typo_font_size_unit":"px","ocean_menu_typo_font_weight":"","ocean_menu_typo_font_weight_tablet":"","ocean_menu_typo_font_weight_mobile":"","ocean_menu_typo_transform":"","ocean_menu_typo_transform_tablet":"","ocean_menu_typo_transform_mobile":"","ocean_menu_typo_line_height":0,"ocean_menu_typo_line_height_tablet":0,"ocean_menu_typo_line_height_mobile":0,"ocean_menu_typo_line_height_unit":"","ocean_menu_typo_spacing":0,"ocean_menu_typo_spacing_tablet":0,"ocean_menu_typo_spacing_mobile":0,"ocean_menu_typo_spacing_unit":"","ocean_menu_link_color":"","ocean_menu_link_color_hover":"","ocean_menu_link_color_active":"","ocean_menu_link_background":"","ocean_menu_link_hover_background":"","ocean_menu_link_active_background":"","ocean_menu_social_links_bg":"","ocean_menu_social_hover_links_bg":"","ocean_menu_social_links_color":"","ocean_menu_social_hover_links_color":"","ocean_disable_title":"on","ocean_disable_heading":"default","ocean_post_title":"","ocean_post_subheading":"","ocean_post_title_style":"","ocean_post_title_background_color":"","ocean_post_title_background":0,"ocean_post_title_bg_image_position":"","ocean_post_title_bg_image_attachment":"","ocean_post_title_bg_image_repeat":"","ocean_post_title_bg_image_size":"","ocean_post_title_height":0,"ocean_post_title_bg_overlay":0.5,"ocean_post_title_bg_overlay_color":"","ocean_disable_breadcrumbs":"default","ocean_breadcrumbs_color":"","ocean_breadcrumbs_separator_color":"","ocean_breadcrumbs_links_color":"","ocean_breadcrumbs_links_hover_color":"","ocean_display_footer_widgets":"default","ocean_display_footer_bottom":"default","ocean_custom_footer_template":"0","footnotes":""},"class_list":["post-300","page","type-page","status-publish","hentry","entry"],"meta_box":[],"_links":{"self":[{"href":"https:\/\/cityofguadalupe.org\/es\/wp-json\/wp\/v2\/pages\/300","targetHints":{"allow":["GET"]}}],"collection":[{"href":"https:\/\/cityofguadalupe.org\/es\/wp-json\/wp\/v2\/pages"}],"about":[{"href":"https:\/\/cityofguadalupe.org\/es\/wp-json\/wp\/v2\/types\/page"}],"author":[{"embeddable":true,"href":"https:\/\/cityofguadalupe.org\/es\/wp-json\/wp\/v2\/users\/6"}],"replies":[{"embeddable":true,"href":"https:\/\/cityofguadalupe.org\/es\/wp-json\/wp\/v2\/comments?post=300"}],"version-history":[{"count":19,"href":"https:\/\/cityofguadalupe.org\/es\/wp-json\/wp\/v2\/pages\/300\/revisions"}],"predecessor-version":[{"id":3751,"href":"https:\/\/cityofguadalupe.org\/es\/wp-json\/wp\/v2\/pages\/300\/revisions\/3751"}],"wp:attachment":[{"href":"https:\/\/cityofguadalupe.org\/es\/wp-json\/wp\/v2\/media?parent=300"}],"curies":[{"name":"wp","href":"https:\/\/api.w.org\/{rel}","templated":true}]}}