{"id":341,"date":"2022-12-20T16:05:50","date_gmt":"2022-12-20T16:05:50","guid":{"rendered":"https:\/\/arclightmedia.com\/dev\/guad2\/?page_id=341"},"modified":"2022-12-20T16:06:49","modified_gmt":"2022-12-20T16:06:49","slug":"terms-of-use","status":"publish","type":"page","link":"https:\/\/cityofguadalupe.org\/es\/terms-of-use\/","title":{"rendered":"Condiciones de uso"},"content":{"rendered":"<div data-elementor-type=\"wp-page\" data-elementor-id=\"341\" class=\"elementor elementor-341\" data-elementor-post-type=\"page\">\n\t\t\t\t\t\t<section class=\"elementor-section elementor-top-section elementor-element elementor-element-ed4e9da elementor-section-boxed elementor-section-height-default elementor-section-height-default\" data-id=\"ed4e9da\" data-element_type=\"section\" data-e-type=\"section\">\n\t\t\t\t\t\t<div class=\"elementor-container elementor-column-gap-default\">\n\t\t\t\t\t<div class=\"elementor-column elementor-col-100 elementor-top-column elementor-element elementor-element-2dc9586\" data-id=\"2dc9586\" data-element_type=\"column\" data-e-type=\"column\">\n\t\t\t<div class=\"elementor-widget-wrap elementor-element-populated\">\n\t\t\t\t\t\t<div class=\"elementor-element elementor-element-a312428 elementor-widget elementor-widget-spacer\" data-id=\"a312428\" data-element_type=\"widget\" data-e-type=\"widget\" data-widget_type=\"spacer.default\">\n\t\t\t\t<div class=\"elementor-widget-container\">\n\t\t\t\t\t\t\t<div class=\"elementor-spacer\">\n\t\t\t<div class=\"elementor-spacer-inner\"><\/div>\n\t\t<\/div>\n\t\t\t\t\t\t<\/div>\n\t\t\t\t<\/div>\n\t\t\t\t\t<\/div>\n\t\t<\/div>\n\t\t\t\t\t<\/div>\n\t\t<\/section>\n\t\t\t\t<section class=\"elementor-section elementor-top-section elementor-element elementor-element-b853095 elementor-section-boxed elementor-section-height-default elementor-section-height-default\" data-id=\"b853095\" data-element_type=\"section\" data-e-type=\"section\">\n\t\t\t\t\t\t<div class=\"elementor-container elementor-column-gap-default\">\n\t\t\t\t\t<div class=\"elementor-column elementor-col-100 elementor-top-column elementor-element elementor-element-57ae425\" data-id=\"57ae425\" data-element_type=\"column\" data-e-type=\"column\">\n\t\t\t<div class=\"elementor-widget-wrap elementor-element-populated\">\n\t\t\t\t\t\t<div class=\"elementor-element elementor-element-ae89b57 elementor-widget elementor-widget-text-editor\" data-id=\"ae89b57\" data-element_type=\"widget\" data-e-type=\"widget\" data-widget_type=\"text-editor.default\">\n\t\t\t\t<div class=\"elementor-widget-container\">\n\t\t\t\t\t\t\t\t\t<p>Condiciones de uso<\/p>\t\t\t\t\t\t\t\t<\/div>\n\t\t\t\t<\/div>\n\t\t\t\t\t<\/div>\n\t\t<\/div>\n\t\t\t\t\t<\/div>\n\t\t<\/section>\n\t\t\t\t<section class=\"elementor-section elementor-top-section elementor-element elementor-element-5aebdfa elementor-section-boxed elementor-section-height-default elementor-section-height-default\" data-id=\"5aebdfa\" data-element_type=\"section\" data-e-type=\"section\">\n\t\t\t\t\t\t\t<div class=\"elementor-background-overlay\"><\/div>\n\t\t\t\t\t\t\t<div class=\"elementor-container elementor-column-gap-default\">\n\t\t\t\t\t<div class=\"elementor-column elementor-col-100 elementor-top-column elementor-element elementor-element-6094f4a\" data-id=\"6094f4a\" data-element_type=\"column\" data-e-type=\"column\">\n\t\t\t<div class=\"elementor-widget-wrap elementor-element-populated\">\n\t\t\t\t\t\t<div class=\"elementor-element elementor-element-9c8a2c9 elementor-widget elementor-widget-spacer\" data-id=\"9c8a2c9\" data-element_type=\"widget\" data-e-type=\"widget\" data-widget_type=\"spacer.default\">\n\t\t\t\t<div class=\"elementor-widget-container\">\n\t\t\t\t\t\t\t<div class=\"elementor-spacer\">\n\t\t\t<div class=\"elementor-spacer-inner\"><\/div>\n\t\t<\/div>\n\t\t\t\t\t\t<\/div>\n\t\t\t\t<\/div>\n\t\t\t\t<div class=\"elementor-element elementor-element-8afbfa6 elementor-widget elementor-widget-text-editor\" data-id=\"8afbfa6\" data-element_type=\"widget\" data-e-type=\"widget\" data-widget_type=\"text-editor.default\">\n\t\t\t\t<div class=\"elementor-widget-container\">\n\t\t\t\t\t\t\t\t\t<p>Estos T\u00e9rminos de uso rigen su uso del sitio web de la Ciudad de Guadalupe. Al utilizar el sitio, usted acepta los siguientes t\u00e9rminos y condiciones.<\/p><p>El sitio web de la Ciudad de Guadalupe se actualiza continuamente. Si bien el objetivo es mantener la informaci\u00f3n precisa y oportuna, la Ciudad no garantiza ni hace declaraciones ni avala el contenido, la exactitud o la integridad de la informaci\u00f3n, el texto, los gr\u00e1ficos, los hiperv\u00ednculos y otros elementos contenidos en nuestros servidores. La informaci\u00f3n ha sido compilada de una variedad de fuentes y est\u00e1 sujeta a cambios sin previo aviso por parte de la Ciudad como resultado de actualizaciones, adiciones y correcciones.<\/p><p>La Ciudad de Guadalupe no es responsable de ning\u00fan virus u otra contaminaci\u00f3n o da\u00f1o a su sistema ni de inexactitudes, errores u omisiones que surjan de su uso del sitio con respecto al material contenido en el sitio, incluyendo, entre otros, , cualquier material publicado en el sitio, funciones interactivas de este sitio o correo electr\u00f3nico de este sitio. Este sitio y todos los materiales contenidos en \u00e9l se distribuyen y transmiten &quot;TAL CUAL&quot; sin garant\u00edas de ning\u00fan tipo, ya sean expresas o impl\u00edcitas, incluidas, entre otras, garant\u00edas de t\u00edtulo o garant\u00edas impl\u00edcitas de comerciabilidad o idoneidad para un prop\u00f3sito particular. La Ciudad de Guadalupe no es responsable de ning\u00fan da\u00f1o especial, indirecto, incidental o consecuente que pueda surgir del uso o la imposibilidad de usar el sitio y\/o el material contenido, ya sea que los materiales contenidos en el sitio sean proporcionados por la Ciudad de Guadalupe o un tercero.<\/p><p>Algunas partes de este sitio web pueden utilizar &quot;cookies&quot;. Una cookie es un peque\u00f1o archivo de datos que ciertos sitios web escriben en su disco duro cuando los visita. Un archivo cookie puede contener informaci\u00f3n como una identificaci\u00f3n de usuario que el sitio utiliza para rastrear las p\u00e1ginas que ha visitado. Pero la \u00fanica informaci\u00f3n personal que puede contener una cookie es la informaci\u00f3n que usted mismo proporciona. Una cookie es s\u00f3lo un archivo de texto y no puede leer datos de su disco duro ni leer archivos de cookies creados por otros sitios. Las cookies pueden rastrear los patrones de tr\u00e1fico de los usuarios, reconocer el navegador de su computadora cuando regresa y pueden proporcionar contenido personalizado sin necesidad de iniciar sesi\u00f3n. Puede rechazar las cookies desactiv\u00e1ndolas en su navegador. Sin embargo, es posible que deban utilizar algunas de las funciones del sitio de la Ciudad.<\/p><p>Para comodidad de los usuarios, este sitio web proporciona hiperv\u00ednculos que conducen a recursos fuera de la Ciudad de Guadalupe. La inclusi\u00f3n de los enlaces no debe interpretarse como un respaldo de los sitios o su contenido por parte de la Ciudad de Guadalupe. La Ciudad de Guadalupe no es responsable del contenido de dichos hiperv\u00ednculos externos, y estos hiperv\u00ednculos externos pueden tener pol\u00edticas de privacidad que difieren de la pol\u00edtica de privacidad de la Ciudad de Guadalupe que se establece a continuaci\u00f3n.<\/p><p>A menos que se indique un derecho de autor, o a menos que una fotograf\u00eda indique que se usa con el permiso del fot\u00f3grafo, la informaci\u00f3n en el sitio web de la Ciudad de Guadalupe es de dominio p\u00fablico y puede reproducirse, publicarse o usarse de otro modo con el permiso de la Ciudad de Guadalupe. Cite la ciudad de Guadalupe como fuente de informaci\u00f3n y el cr\u00e9dito apropiado otorgado al autor, creador o fot\u00f3grafo de cualquier material utilizado en nuestro sitio web.<\/p><p>Si se indica un derecho de autor en cualquier material, fotograf\u00eda o gr\u00e1fico, se debe obtener permiso para copiar estos materiales de la fuente original.<\/p><p>En ocasiones, la Ciudad puede solicitar direcciones de correo electr\u00f3nico u otra informaci\u00f3n a los usuarios para mejorar las comunicaciones con el p\u00fablico. La Ciudad utiliza esta informaci\u00f3n para realizar sus negocios y no se vender\u00e1, transferir\u00e1, entregar\u00e1 ni distribuir\u00e1 a terceros, excepto seg\u00fan lo exija la Ley de Registros P\u00fablicos (C\u00f3digo de Gobierno, Secciones 6250 y siguientes) u otra ley aplicable. Proporcionar esta informaci\u00f3n es estrictamente voluntario, pero no proporcionarla puede resultar en la necesidad de comunicarse a trav\u00e9s de otros m\u00e9todos menos convenientes. En caso de conflicto entre estos T\u00e9rminos de uso y la Ley de Registros P\u00fablicos u otra ley que rija la divulgaci\u00f3n de registros por parte de la Ciudad, prevalecer\u00e1 la Ley de Registros P\u00fablicos u otra ley aplicable.<\/p><p>Un tercero recopila informaci\u00f3n sobre el tr\u00e1fico de usuarios a nuestro sitio web. Esta informaci\u00f3n puede incluir, entre otros, la fecha y hora de su visita a nuestro sitio web, cualquier sitio desde el cual haya sido remitido a nuestro sitio web, el tipo de navegador de computadora que est\u00e1 utilizando, la identidad de su proveedor de Internet. y la direcci\u00f3n de computadora espec\u00edfica (Protocolo de Internet o direcci\u00f3n IP) asignada a su computadora por su proveedor de Internet. La Ciudad utiliza esta informaci\u00f3n para rastrear la actividad de los usuarios, monitorear tendencias, medir el rendimiento del servidor y mejorar nuestro sitio web.<\/p><p>La Ciudad puede contratar a un tercero para que proporcione servicios de comercio electr\u00f3nico en el cumplimiento de su misi\u00f3n de servicio al cliente. Al utilizar estos servicios, el contratista puede recopilar las direcciones de correo electr\u00f3nico de los usuarios y otra informaci\u00f3n personal. Si no desea que se recopile esta informaci\u00f3n, notif\u00edquelo directamente al proveedor. La Ciudad no asume responsabilidad por la informaci\u00f3n recopilada por terceros proveedores.<\/p><p>La ciudad NO recopila intencionalmente informaci\u00f3n de identificaci\u00f3n personal de ni\u00f1os menores de trece a\u00f1os. Si nos damos cuenta de que hemos recibido inadvertidamente informaci\u00f3n de identificaci\u00f3n personal de un usuario menor de trece a\u00f1os, eliminaremos dicha informaci\u00f3n de nuestros registros. Si cambiamos nuestras pr\u00e1cticas en el futuro, obtendremos el consentimiento paterno previo y verificable antes de recopilar cualquier informaci\u00f3n de identificaci\u00f3n personal de ni\u00f1os menores de trece a\u00f1os. La Ciudad NO permite conscientemente que ni\u00f1os menores de trece a\u00f1os publiquen o distribuyan de otro modo informaci\u00f3n de contacto de identificaci\u00f3n personal.<\/p>\t\t\t\t\t\t\t\t<\/div>\n\t\t\t\t<\/div>\n\t\t\t\t<div class=\"elementor-element elementor-element-de3a961 elementor-widget elementor-widget-spacer\" data-id=\"de3a961\" data-element_type=\"widget\" data-e-type=\"widget\" data-widget_type=\"spacer.default\">\n\t\t\t\t<div class=\"elementor-widget-container\">\n\t\t\t\t\t\t\t<div class=\"elementor-spacer\">\n\t\t\t<div class=\"elementor-spacer-inner\"><\/div>\n\t\t<\/div>\n\t\t\t\t\t\t<\/div>\n\t\t\t\t<\/div>\n\t\t\t\t\t<\/div>\n\t\t<\/div>\n\t\t\t\t\t<\/div>\n\t\t<\/section>\n\t\t\t\t<\/div>","protected":false},"excerpt":{"rendered":"<p>Terms of Use These Terms of Use govern your use of the City of Guadalupe website. By using the site, you agree to the following terms and conditions. The City of Guadalupe\u2019s website is continuously updated. While the goal is to keep information accurate and timely, the City neither warrants nor makes representations or endorsements [&hellip;]<\/p>\n","protected":false},"author":6,"featured_media":0,"parent":0,"menu_order":0,"comment_status":"closed","ping_status":"closed","template":"elementor_header_footer","meta":{"ocean_post_layout":"full-screen","ocean_both_sidebars_style":"","ocean_both_sidebars_content_width":0,"ocean_both_sidebars_sidebars_width":0,"ocean_sidebar":"0","ocean_second_sidebar":"0","ocean_disable_margins":"enable","ocean_add_body_class":"","ocean_shortcode_before_top_bar":"","ocean_shortcode_after_top_bar":"","ocean_shortcode_before_header":"[smartslider3 slider=\"2\"]","ocean_shortcode_after_header":"","ocean_has_shortcode":"","ocean_shortcode_after_title":"","ocean_shortcode_before_footer_widgets":"","ocean_shortcode_after_footer_widgets":"","ocean_shortcode_before_footer_bottom":"","ocean_shortcode_after_footer_bottom":"","ocean_display_top_bar":"default","ocean_display_header":"default","ocean_header_style":"","ocean_center_header_left_menu":"0","ocean_custom_header_template":"0","ocean_custom_logo":0,"ocean_custom_retina_logo":0,"ocean_custom_logo_max_width":0,"ocean_custom_logo_tablet_max_width":0,"ocean_custom_logo_mobile_max_width":0,"ocean_custom_logo_max_height":0,"ocean_custom_logo_tablet_max_height":0,"ocean_custom_logo_mobile_max_height":0,"ocean_header_custom_menu":"0","ocean_menu_typo_font_family":"0","ocean_menu_typo_font_subset":"","ocean_menu_typo_font_size":0,"ocean_menu_typo_font_size_tablet":0,"ocean_menu_typo_font_size_mobile":0,"ocean_menu_typo_font_size_unit":"px","ocean_menu_typo_font_weight":"","ocean_menu_typo_font_weight_tablet":"","ocean_menu_typo_font_weight_mobile":"","ocean_menu_typo_transform":"","ocean_menu_typo_transform_tablet":"","ocean_menu_typo_transform_mobile":"","ocean_menu_typo_line_height":0,"ocean_menu_typo_line_height_tablet":0,"ocean_menu_typo_line_height_mobile":0,"ocean_menu_typo_line_height_unit":"","ocean_menu_typo_spacing":0,"ocean_menu_typo_spacing_tablet":0,"ocean_menu_typo_spacing_mobile":0,"ocean_menu_typo_spacing_unit":"","ocean_menu_link_color":"","ocean_menu_link_color_hover":"","ocean_menu_link_color_active":"","ocean_menu_link_background":"","ocean_menu_link_hover_background":"","ocean_menu_link_active_background":"","ocean_menu_social_links_bg":"","ocean_menu_social_hover_links_bg":"","ocean_menu_social_links_color":"","ocean_menu_social_hover_links_color":"","ocean_disable_title":"on","ocean_disable_heading":"default","ocean_post_title":"","ocean_post_subheading":"","ocean_post_title_style":"","ocean_post_title_background_color":"","ocean_post_title_background":0,"ocean_post_title_bg_image_position":"","ocean_post_title_bg_image_attachment":"","ocean_post_title_bg_image_repeat":"","ocean_post_title_bg_image_size":"","ocean_post_title_height":0,"ocean_post_title_bg_overlay":0.5,"ocean_post_title_bg_overlay_color":"","ocean_disable_breadcrumbs":"default","ocean_breadcrumbs_color":"","ocean_breadcrumbs_separator_color":"","ocean_breadcrumbs_links_color":"","ocean_breadcrumbs_links_hover_color":"","ocean_display_footer_widgets":"default","ocean_display_footer_bottom":"default","ocean_custom_footer_template":"0","footnotes":""},"class_list":["post-341","page","type-page","status-publish","hentry","entry"],"meta_box":[],"_links":{"self":[{"href":"https:\/\/cityofguadalupe.org\/es\/wp-json\/wp\/v2\/pages\/341","targetHints":{"allow":["GET"]}}],"collection":[{"href":"https:\/\/cityofguadalupe.org\/es\/wp-json\/wp\/v2\/pages"}],"about":[{"href":"https:\/\/cityofguadalupe.org\/es\/wp-json\/wp\/v2\/types\/page"}],"author":[{"embeddable":true,"href":"https:\/\/cityofguadalupe.org\/es\/wp-json\/wp\/v2\/users\/6"}],"replies":[{"embeddable":true,"href":"https:\/\/cityofguadalupe.org\/es\/wp-json\/wp\/v2\/comments?post=341"}],"version-history":[{"count":4,"href":"https:\/\/cityofguadalupe.org\/es\/wp-json\/wp\/v2\/pages\/341\/revisions"}],"predecessor-version":[{"id":345,"href":"https:\/\/cityofguadalupe.org\/es\/wp-json\/wp\/v2\/pages\/341\/revisions\/345"}],"wp:attachment":[{"href":"https:\/\/cityofguadalupe.org\/es\/wp-json\/wp\/v2\/media?parent=341"}],"curies":[{"name":"wp","href":"https:\/\/api.w.org\/{rel}","templated":true}]}}