{"id":364,"date":"2022-12-20T16:32:36","date_gmt":"2022-12-20T16:32:36","guid":{"rendered":"https:\/\/arclightmedia.com\/dev\/guad2\/?page_id=364"},"modified":"2023-05-28T06:21:51","modified_gmt":"2023-05-28T13:21:51","slug":"in-the-news","status":"publish","type":"page","link":"https:\/\/cityofguadalupe.org\/es\/in-the-news\/","title":{"rendered":"En las noticias"},"content":{"rendered":"<div data-elementor-type=\"wp-page\" data-elementor-id=\"364\" class=\"elementor elementor-364\" data-elementor-post-type=\"page\">\n\t\t\t\t\t\t<section class=\"elementor-section elementor-top-section elementor-element elementor-element-ed4e9da elementor-section-boxed elementor-section-height-default elementor-section-height-default\" data-id=\"ed4e9da\" data-element_type=\"section\" data-e-type=\"section\">\n\t\t\t\t\t\t<div class=\"elementor-container elementor-column-gap-default\">\n\t\t\t\t\t<div class=\"elementor-column elementor-col-100 elementor-top-column elementor-element elementor-element-2dc9586\" data-id=\"2dc9586\" data-element_type=\"column\" data-e-type=\"column\">\n\t\t\t<div class=\"elementor-widget-wrap elementor-element-populated\">\n\t\t\t\t\t\t<div class=\"elementor-element elementor-element-a312428 elementor-widget elementor-widget-spacer\" data-id=\"a312428\" data-element_type=\"widget\" data-e-type=\"widget\" data-widget_type=\"spacer.default\">\n\t\t\t\t<div class=\"elementor-widget-container\">\n\t\t\t\t\t\t\t<div class=\"elementor-spacer\">\n\t\t\t<div class=\"elementor-spacer-inner\"><\/div>\n\t\t<\/div>\n\t\t\t\t\t\t<\/div>\n\t\t\t\t<\/div>\n\t\t\t\t\t<\/div>\n\t\t<\/div>\n\t\t\t\t\t<\/div>\n\t\t<\/section>\n\t\t\t\t<section class=\"elementor-section elementor-top-section elementor-element elementor-element-b853095 elementor-section-boxed elementor-section-height-default elementor-section-height-default\" data-id=\"b853095\" data-element_type=\"section\" data-e-type=\"section\">\n\t\t\t\t\t\t<div class=\"elementor-container elementor-column-gap-default\">\n\t\t\t\t\t<div class=\"elementor-column elementor-col-100 elementor-top-column elementor-element elementor-element-57ae425\" data-id=\"57ae425\" data-element_type=\"column\" data-e-type=\"column\">\n\t\t\t<div class=\"elementor-widget-wrap elementor-element-populated\">\n\t\t\t\t\t\t<div class=\"elementor-element elementor-element-ae89b57 elementor-widget elementor-widget-text-editor\" data-id=\"ae89b57\" data-element_type=\"widget\" data-e-type=\"widget\" data-widget_type=\"text-editor.default\">\n\t\t\t\t<div class=\"elementor-widget-container\">\n\t\t\t\t\t\t\t\t\t<h1>En las noticias<\/h1>\t\t\t\t\t\t\t\t<\/div>\n\t\t\t\t<\/div>\n\t\t\t\t\t<\/div>\n\t\t<\/div>\n\t\t\t\t\t<\/div>\n\t\t<\/section>\n\t\t\t\t<section class=\"elementor-section elementor-top-section elementor-element elementor-element-5aebdfa elementor-section-boxed elementor-section-height-default elementor-section-height-default\" data-id=\"5aebdfa\" data-element_type=\"section\" data-e-type=\"section\">\n\t\t\t\t\t\t\t<div class=\"elementor-background-overlay\"><\/div>\n\t\t\t\t\t\t\t<div class=\"elementor-container elementor-column-gap-default\">\n\t\t\t\t\t<div class=\"elementor-column elementor-col-100 elementor-top-column elementor-element elementor-element-6094f4a\" data-id=\"6094f4a\" data-element_type=\"column\" data-e-type=\"column\">\n\t\t\t<div class=\"elementor-widget-wrap elementor-element-populated\">\n\t\t\t\t\t\t<div class=\"elementor-element elementor-element-9c8a2c9 elementor-widget elementor-widget-spacer\" data-id=\"9c8a2c9\" data-element_type=\"widget\" data-e-type=\"widget\" data-widget_type=\"spacer.default\">\n\t\t\t\t<div class=\"elementor-widget-container\">\n\t\t\t\t\t\t\t<div class=\"elementor-spacer\">\n\t\t\t<div class=\"elementor-spacer-inner\"><\/div>\n\t\t<\/div>\n\t\t\t\t\t\t<\/div>\n\t\t\t\t<\/div>\n\t\t\t\t<div class=\"elementor-element elementor-element-1d58f7b elementor-widget elementor-widget-text-editor\" data-id=\"1d58f7b\" data-element_type=\"widget\" data-e-type=\"widget\" data-widget_type=\"text-editor.default\">\n\t\t\t\t<div class=\"elementor-widget-container\">\n\t\t\t\t\t\t\t\t\t<h1 style=\"text-align: center;\">2023<\/h1><p>05\/26\/23<br \/><strong>Parque Guadalupe Dunes permanecer\u00e1 cerrado durante meses<\/strong><br \/><span style=\"color: #3366ff;\"><a style=\"color: #3366ff;\" href=\"https:\/\/www.noozhawk.com\/guadalupe-dunes-park-will-stay-closed-for-months\/\" target=\"_blank\" rel=\"noopener\">https:\/\/www.noozhawk.com\/guadalupe-dunes-park-will-stay-closed-for-months\/<\/a><\/span><\/p><p>04\/13\/23<br \/><strong>Taller de dos d\u00edas realizado con el objetivo de revitalizar el centro de Guadalupe y agregar oportunidades de recreaci\u00f3n<\/strong><br \/><span style=\"color: #3366ff;\"><a style=\"color: #3366ff;\" href=\"https:\/\/santamariatimes.com\/news\/local\/two-day-workshop-held-with-aim-to-revitalize-downtown-guadalupe-add-recreation-opportunities\/article_78a21515-ab28-57b5-a3ba-fbbd90841ac4.html\" target=\"_blank\" rel=\"noopener\">https:\/\/santamariatimes.com\/news\/local\/two-day-workshop-held-with-aim-to-revitalize-downtown-guadalupe-add-recreation-opportunities\/article_78a21515-ab28-57b5-a3ba-fbbd90841ac4.html<\/a><\/span><\/p><p>04\/13\/23<br \/><strong>Vino artesanal de Guadalupe Social Club y un ambiente familiar<\/strong><br \/><span style=\"color: #3366ff;\"><a style=\"color: #3366ff;\" href=\"https:\/\/santamariatimes.com\/news\/local\/guadalupe-social-clubs-crafting-wine-and-a-family-friendly-environment\/article_d6a1c5a8-60cf-5df9-850f-662dd9b16edd.html\" target=\"_blank\" rel=\"noopener\">https:\/\/santamariatimes.com\/news\/local\/guadalupe-social-clubs-crafting-wine-and-a-family-friendly-environment\/article_d6a1c5a8-60cf-5df9-850f-662dd9b16edd.html<\/a><\/span><\/p><p>04\/04\/23<br \/><strong>Las inundaciones de enero desplazaron a 46 personas en Guadalupe, la comunidad se une para ayudar<\/strong><br \/><span style=\"color: #3366ff;\"><a style=\"color: #3366ff;\" href=\"https:\/\/santamariatimes.com\/news\/local\/january-flooding-displaced-46-in-guadalupe-community-pulls-together-to-help\/article_3a8c709c-2ad2-5f59-ad5e-bc1408bb6ed5.html\" target=\"_blank\" rel=\"noopener\">https:\/\/santamariatimes.com\/news\/local\/january-flooding-displaced-46-in-guadalupe-community-pulls-together-to-help\/article_3a8c709c-2ad2-5f59-ad5e-bc1408bb6ed5.html<\/a><\/span><\/p><p>04\/01\/23<br \/><strong>Guadalupe-Nipomo Dunes Center realiza gran reapertura; Los lugare\u00f1os pueden explorar el museo cultural e hist\u00f3rico.<\/strong><br \/><span style=\"color: #3366ff;\"><a style=\"color: #3366ff;\" href=\"https:\/\/santamariatimes.com\/news\/local\/guadalupe-nipomo-dunes-center-holds-grand-re-opening-locals-able-to-explore-cultural-and-historical\/article_41a709ac-47b7-569a-94b4-4b782e967c01.html\" target=\"_blank\" rel=\"noopener\">https:\/\/santamariatimes.com\/news\/local\/guadalupe-nipomo-dunes-center-holds-grand-re-opening-locals-able-to-explore-cultural-and-historical\/article_41a709ac-47b7-569a-94b4-4b782e967c01.html<\/a><\/span><\/p><p>03\/21\/23<br \/><strong>Una educaci\u00f3n interactiva \u00fanica imparte una conexi\u00f3n ecol\u00f3gica m\u00e1s profunda en el Centro de Dunas Guadalupe-Nipomo | Foco de la C\u00e1mara<\/strong><br \/><span style=\"color: #3366ff;\"><a style=\"color: #3366ff;\" href=\"https:\/\/santamariatimes.com\/business\/unique-interactive-education-imparts-deeper-ecological-connection-at-guadalupe-nipomo-dunes-center-chamber-spotlight\/article_0737f342-3ded-5264-a8a3-0c71109ecfea.html\" target=\"_blank\" rel=\"noopener\">https:\/\/santamariatimes.com\/business\/unique-interactive-education-imparts-deeper-ecological-connection-at-guadalupe-nipomo-dunes-center-chamber-spotlight\/article_0737f342-3ded-5264-a8a3-0c71109ecfea.html<\/a><\/span><\/p><p>03\/19\/23<br \/><strong>Alta Pezzoni de Guadalupe rompi\u00f3 el techo de cristal de la industria bancaria | Coraz\u00f3n del Valle<\/strong><br \/><span style=\"color: #3366ff;\"><a style=\"color: #3366ff;\" href=\"https:\/\/santamariatimes.com\/lifestyles\/guadalupes-alta-pezzoni-cracked-banking-industrys-glass-ceiling-heart-of-the-valley\/article_95a1ab1b-b22d-53c1-a286-4aca2ecc279c.html\" target=\"_blank\" rel=\"noopener\">https:\/\/santamariatimes.com\/lifestyles\/guadalupes-alta-pezzoni-cracked-banking-industrys-glass-ceiling-heart-of-the-valley\/article_95a1ab1b-b22d-53c1-a286-4aca2ecc279c.html<\/a><\/span><\/p><p>03\/13\/23<br \/><strong>Celebran inauguraci\u00f3n de Casa Club Ron Estabillo en Guadalupe<\/strong><br \/><span style=\"color: #3366ff;\"><a style=\"color: #3366ff;\" href=\"https:\/\/santamariatimes.com\/news\/local\/opening-of-ron-estabillo-clubhouse-celebrated-in-guadalupe\/article_aa55c47c-a9c2-5085-8334-f77c8c48309b.html\" target=\"_blank\" rel=\"noopener\">https:\/\/santamariatimes.com\/news\/local\/opening-of-ron-estabillo-clubhouse-celebrated-in-guadalupe\/article_aa55c47c-a9c2-5085-8334-f77c8c48309b.html<\/a><\/span><\/p><div><p>03\/08\/23<br \/><strong>Guadalupe celebra la apertura de un centro comunitario renovado y una casa club juvenil<\/strong><br \/><span style=\"color: #3366ff;\"><a style=\"color: #3366ff;\" href=\"https:\/\/keyt.com\/lifestyle\/community\/2023\/03\/08\/guadalupe-celebrates-opening-of-renovated-community-center-and-youth-clubhouse\/\" target=\"_blank\" rel=\"noopener\">https:\/\/keyt.com\/lifestyle\/community\/2023\/03\/08\/guadalupe-celebrates-opening-of-renovated-community-center-and-youth-clubhouse\/<\/a><\/span><\/p><p>02\/27\/23<br \/><strong>Mariachi Garibaldi de Jaime Cu\u00e9llar se presenta en la Escuela Primaria Mary Buren<\/strong><br \/><span style=\"color: #3366ff;\"><a style=\"color: #3366ff;\" href=\"https:\/\/santamariatimes.com\/news\/local\/mariachi-garibaldi-de-jaime-cu-llar-performs-at-mary-buren-elementary-school\/article_26917904-71d9-5bfe-92bc-59dd44663b00.html\" target=\"_blank\" rel=\"noopener\">https:\/\/santamariatimes.com\/news\/local\/mariachi-garibaldi-de-jaime-cu-llar-performs-at-mary-buren-elementary-school\/article_26917904-71d9-5bfe-92bc-59dd44663b00.html<\/a><\/span><\/p><p>02\/20\/23<br \/><strong>Guadalupe presenta &#039;Baile de pap\u00e1 e hija&#039;<\/strong><br \/><span style=\"color: #3366ff;\"><a style=\"color: #3366ff;\" href=\"https:\/\/santamariatimes.com\/news\/local\/guadalupe-hosts-daddy-and-daughter-dance\/article_262df0bd-a051-56ba-ac7e-7c46d36fa296.html\" target=\"_blank\" rel=\"noopener\">https:\/\/santamariatimes.com\/news\/local\/guadalupe-hosts-daddy-and-daughter-dance\/article_262df0bd-a051-56ba-ac7e-7c46d36fa296.html<\/a><\/span><\/p><p>02\/08\/23<br \/><strong>Guadalupe Union construir\u00e1 nuevas instalaciones de aprendizaje de TK y preescolar<\/strong><br \/><span style=\"color: #3366ff;\"><a style=\"color: #3366ff;\" href=\"https:\/\/www.santamariasun.com\/news\/guadalupe-union-will-build-new-tk-learning-facility-preschool-14825498\" target=\"_blank\" rel=\"noopener\">https:\/\/www.santamariasun.com\/news\/guadalupe-union-will-build-new-tk-learning-facility-preschool-14825498<\/a><\/span><\/p><\/div><div>01\/31\/23<\/div><div><strong>Boys and Girls Club puede atender a m\u00e1s ni\u00f1os a trav\u00e9s de su nueva y tercera ubicaci\u00f3n en Guadalupe<\/strong><\/div><div><span style=\"color: #3366ff;\"><a style=\"color: #3366ff;\" href=\"https:\/\/www.santamariasun.com\/news\/the-boys-and-girls-club-can-serve-more-kids-through-its-new-third-location-in-guadalupe-14825854\" target=\"_blank\" rel=\"noopener\">https:\/\/www.santamariasun.com\/news\/the-boys-and-girls-club-can-serve-more-kids-through-its-new-third-location-in-guadalupe-14825854<\/a><\/span><\/div><div>\u00a0<\/div><p>01\/17\/23<br \/><strong>El peque\u00f1o pueblo que podr\u00eda<\/strong><br \/><span style=\"color: #3366ff;\"><a style=\"color: #3366ff;\" href=\"https:\/\/www.santamariasun.com\/opinion\/the-little-town-that-could-14825803\" target=\"_blank\" rel=\"noopener\">https:\/\/www.santamariasun.com\/opinion\/the-little-town-that-could-14825803<\/a><\/span><\/p><p>01\/11\/23<br \/><strong>Guadalupe repara 20 casas da\u00f1adas por la ruptura del dique del r\u00edo durante la tormenta<\/strong><br \/><span style=\"color: #3366ff;\"><a style=\"color: #3366ff;\" href=\"https:\/\/keyt.com\/news\/santa-maria-north-county\/2023\/01\/11\/guadalupe-repairs-20-homes-damaged-by-river-levee-breach-during-rainstorm\/\" target=\"_blank\" rel=\"noopener\">https:\/\/keyt.com\/news\/santa-maria-north-county\/2023\/01\/11\/guadalupe-repairs-20-homes-damaged-by-river-levee-breach-during-rainstorm\/<\/a><\/span><\/p><p>01\/10\/23<br \/><strong>Dique se rompe, el r\u00edo Santa Mar\u00eda se desborda en Guadalupe, 20 casas inundadas<\/strong><br \/><span style=\"color: #3366ff;\"><a style=\"color: #3366ff;\" href=\"https:\/\/santamariatimes.com\/news\/local\/levee-breaks-santa-maria-river-floods-into-guadalupe-20-homes-flooded\/article_5bcaa28d-a7bb-5bca-8b18-f485e7233c78.html\" target=\"_blank\" rel=\"noopener\">https:\/\/santamariatimes.com\/news\/local\/levee-breaks-santa-maria-river-floods-into-guadalupe-20-homes-flooded\/article_5bcaa28d-a7bb-5bca-8b18-f485e7233c78.html<\/a><\/span><\/p><h1 style=\"text-align: center;\">2022<\/h1><p>12\/21\/22<br \/><strong>Almuerzo de las Fuerzas Armadas realizado en la Legi\u00f3n Americana de Guadalupe<\/strong><br \/><span style=\"color: #3366ff;\"><a style=\"color: #3366ff;\" href=\"https:\/\/santamariatimes.com\/news\/local\/military\/vandenberg\/armed-forces-luncheon-held-at-guadalupes-american-legion\/article_24e5d5aa-0b19-5b8c-b2ec-dbfb86c349b8.html\" target=\"_blank\" rel=\"noopener\">https:\/\/santamariatimes.com\/news\/local\/military\/vandenberg\/armed-forces-luncheon-held-at-guadalupes-american-legion\/article_24e5d5aa-0b19-5b8c-b2ec-dbfb86c349b8.html<\/a><\/span><\/p><p>10\/12\/22<br \/><strong>La Asociaci\u00f3n Empresarial de Guadalupe organiza la segunda edici\u00f3n anual &#039;Taste of Guadalupe&#039;<\/strong><br \/><span style=\"color: #3366ff;\"><a style=\"color: #3366ff;\" href=\"https:\/\/keyt.com\/lifestyle\/community\/2022\/10\/12\/guadalupe-business-association-hosts-second-annual-taste-of-guadalupe\/\" target=\"_blank\" rel=\"noopener\">https:\/\/keyt.com\/lifestyle\/community\/2022\/10\/12\/guadalupe-business-association-hosts-second-annual-taste-of-guadalupe\/<\/a><\/span><\/p><p>10\/05\/22<br \/><strong>Guadalupe se enfoca en turismo y remodelaci\u00f3n de teatros con $10M en fondos estatales y federales<\/strong><br \/><span style=\"color: #3366ff;\"><a style=\"color: #3366ff;\" href=\"https:\/\/www.santamariasun.com\/news\/guadalupe-focuses-on-tourism-theater-makeover-with-10m-in-state-federal-funds-14825940\" target=\"_blank\" rel=\"noopener\">https:\/\/www.santamariasun.com\/news\/guadalupe-focuses-on-tourism-theater-makeover-with-10m-in-state-federal-funds-14825940<\/a><\/span><\/p><p>09\/13\/22<br \/><strong>$4.9 millones en fondos del Plan de Rescate Americano otorgados a la Ciudad de Guadalupe<\/strong><br \/><span style=\"color: #3366ff;\"><a style=\"color: #3366ff;\" href=\"https:\/\/www.ksby.com\/news\/local-news\/4-9-million-in-american-rescue-plan-funds-awarded-to-city-of-guadalupe\" target=\"_blank\" rel=\"noopener\">https:\/\/www.ksby.com\/news\/local-news\/4-9-million-in-american-rescue-plan-funds-awarded-to-city-of-guadalupe<\/a><\/span><\/p><p>09\/13\/22<br \/><strong>Guadalupe recibe cerca de $5 millones en fondos federales para renovaci\u00f3n de teatro<\/strong><br \/><span style=\"color: #3366ff;\"><a style=\"color: #3366ff;\" href=\"https:\/\/calcoastnews.com\/2022\/09\/guadalupe-gets-nearly-5-million-in-federal-funds-for-theater-renovation\/\" target=\"_blank\" rel=\"noopener\">https:\/\/calcoastnews.com\/2022\/09\/guadalupe-gets-nearly-5-million-in-federal-funds-for-theater-renovation\/<\/a><\/span><\/p><p>05\/25\/22<br \/><strong>Grupos cinematogr\u00e1ficos locales celebran renovaci\u00f3n y ampliaci\u00f3n del Teatro Real de Guadalupe<\/strong><br \/><span style=\"color: #3366ff;\"><a style=\"color: #3366ff;\" href=\"https:\/\/www.santamariasun.com\/arts\/local-film-groups-celebrate-renovation-and-expansion-of-guadalupes-royal-theater-14825903\" target=\"_blank\" rel=\"noopener\">https:\/\/www.santamariasun.com\/arts\/local-film-groups-celebrate-renovation-and-expansion-of-guadalupes-royal-theater-14825903<\/a><\/span><\/p>\t\t\t\t\t\t\t\t<\/div>\n\t\t\t\t<\/div>\n\t\t\t\t<div class=\"elementor-element elementor-element-de3a961 elementor-widget elementor-widget-spacer\" data-id=\"de3a961\" data-element_type=\"widget\" data-e-type=\"widget\" data-widget_type=\"spacer.default\">\n\t\t\t\t<div class=\"elementor-widget-container\">\n\t\t\t\t\t\t\t<div class=\"elementor-spacer\">\n\t\t\t<div class=\"elementor-spacer-inner\"><\/div>\n\t\t<\/div>\n\t\t\t\t\t\t<\/div>\n\t\t\t\t<\/div>\n\t\t\t\t\t<\/div>\n\t\t<\/div>\n\t\t\t\t\t<\/div>\n\t\t<\/section>\n\t\t\t\t<\/div>","protected":false},"excerpt":{"rendered":"<p>In the News 2023 05\/26\/23Guadalupe Dunes Park Will Stay Closed for Monthshttps:\/\/www.noozhawk.com\/guadalupe-dunes-park-will-stay-closed-for-months\/ 04\/13\/23Two-day workshop held with aim to revitalize downtown Guadalupe, add recreation opportunitieshttps:\/\/santamariatimes.com\/news\/local\/two-day-workshop-held-with-aim-to-revitalize-downtown-guadalupe-add-recreation-opportunities\/article_78a21515-ab28-57b5-a3ba-fbbd90841ac4.html 04\/13\/23Guadalupe Social Club&#8217;s crafting wine and a family friendly environmenthttps:\/\/santamariatimes.com\/news\/local\/guadalupe-social-clubs-crafting-wine-and-a-family-friendly-environment\/article_d6a1c5a8-60cf-5df9-850f-662dd9b16edd.html 04\/04\/23January flooding displaced 46 in Guadalupe, community pulls together to helphttps:\/\/santamariatimes.com\/news\/local\/january-flooding-displaced-46-in-guadalupe-community-pulls-together-to-help\/article_3a8c709c-2ad2-5f59-ad5e-bc1408bb6ed5.html 04\/01\/23Guadalupe-Nipomo Dunes Center holds grand re-opening; locals able to explore [&hellip;]<\/p>\n","protected":false},"author":6,"featured_media":0,"parent":0,"menu_order":0,"comment_status":"closed","ping_status":"closed","template":"elementor_header_footer","meta":{"ocean_post_layout":"full-screen","ocean_both_sidebars_style":"","ocean_both_sidebars_content_width":0,"ocean_both_sidebars_sidebars_width":0,"ocean_sidebar":"0","ocean_second_sidebar":"0","ocean_disable_margins":"enable","ocean_add_body_class":"","ocean_shortcode_before_top_bar":"","ocean_shortcode_after_top_bar":"","ocean_shortcode_before_header":"[smartslider3 slider=\"2\"]","ocean_shortcode_after_header":"","ocean_has_shortcode":"","ocean_shortcode_after_title":"","ocean_shortcode_before_footer_widgets":"","ocean_shortcode_after_footer_widgets":"","ocean_shortcode_before_footer_bottom":"","ocean_shortcode_after_footer_bottom":"","ocean_display_top_bar":"default","ocean_display_header":"default","ocean_header_style":"","ocean_center_header_left_menu":"0","ocean_custom_header_template":"0","ocean_custom_logo":0,"ocean_custom_retina_logo":0,"ocean_custom_logo_max_width":0,"ocean_custom_logo_tablet_max_width":0,"ocean_custom_logo_mobile_max_width":0,"ocean_custom_logo_max_height":0,"ocean_custom_logo_tablet_max_height":0,"ocean_custom_logo_mobile_max_height":0,"ocean_header_custom_menu":"0","ocean_menu_typo_font_family":"0","ocean_menu_typo_font_subset":"","ocean_menu_typo_font_size":0,"ocean_menu_typo_font_size_tablet":0,"ocean_menu_typo_font_size_mobile":0,"ocean_menu_typo_font_size_unit":"px","ocean_menu_typo_font_weight":"","ocean_menu_typo_font_weight_tablet":"","ocean_menu_typo_font_weight_mobile":"","ocean_menu_typo_transform":"","ocean_menu_typo_transform_tablet":"","ocean_menu_typo_transform_mobile":"","ocean_menu_typo_line_height":0,"ocean_menu_typo_line_height_tablet":0,"ocean_menu_typo_line_height_mobile":0,"ocean_menu_typo_line_height_unit":"","ocean_menu_typo_spacing":0,"ocean_menu_typo_spacing_tablet":0,"ocean_menu_typo_spacing_mobile":0,"ocean_menu_typo_spacing_unit":"","ocean_menu_link_color":"","ocean_menu_link_color_hover":"","ocean_menu_link_color_active":"","ocean_menu_link_background":"","ocean_menu_link_hover_background":"","ocean_menu_link_active_background":"","ocean_menu_social_links_bg":"","ocean_menu_social_hover_links_bg":"","ocean_menu_social_links_color":"","ocean_menu_social_hover_links_color":"","ocean_disable_title":"on","ocean_disable_heading":"default","ocean_post_title":"","ocean_post_subheading":"","ocean_post_title_style":"","ocean_post_title_background_color":"","ocean_post_title_background":0,"ocean_post_title_bg_image_position":"","ocean_post_title_bg_image_attachment":"","ocean_post_title_bg_image_repeat":"","ocean_post_title_bg_image_size":"","ocean_post_title_height":0,"ocean_post_title_bg_overlay":0.5,"ocean_post_title_bg_overlay_color":"","ocean_disable_breadcrumbs":"default","ocean_breadcrumbs_color":"","ocean_breadcrumbs_separator_color":"","ocean_breadcrumbs_links_color":"","ocean_breadcrumbs_links_hover_color":"","ocean_display_footer_widgets":"default","ocean_display_footer_bottom":"default","ocean_custom_footer_template":"0","footnotes":""},"class_list":["post-364","page","type-page","status-publish","hentry","entry"],"meta_box":[],"_links":{"self":[{"href":"https:\/\/cityofguadalupe.org\/es\/wp-json\/wp\/v2\/pages\/364","targetHints":{"allow":["GET"]}}],"collection":[{"href":"https:\/\/cityofguadalupe.org\/es\/wp-json\/wp\/v2\/pages"}],"about":[{"href":"https:\/\/cityofguadalupe.org\/es\/wp-json\/wp\/v2\/types\/page"}],"author":[{"embeddable":true,"href":"https:\/\/cityofguadalupe.org\/es\/wp-json\/wp\/v2\/users\/6"}],"replies":[{"embeddable":true,"href":"https:\/\/cityofguadalupe.org\/es\/wp-json\/wp\/v2\/comments?post=364"}],"version-history":[{"count":31,"href":"https:\/\/cityofguadalupe.org\/es\/wp-json\/wp\/v2\/pages\/364\/revisions"}],"predecessor-version":[{"id":1550,"href":"https:\/\/cityofguadalupe.org\/es\/wp-json\/wp\/v2\/pages\/364\/revisions\/1550"}],"wp:attachment":[{"href":"https:\/\/cityofguadalupe.org\/es\/wp-json\/wp\/v2\/media?parent=364"}],"curies":[{"name":"wp","href":"https:\/\/api.w.org\/{rel}","templated":true}]}}