{"id":410,"date":"2022-12-20T18:27:37","date_gmt":"2022-12-20T18:27:37","guid":{"rendered":"https:\/\/arclightmedia.com\/dev\/guad2\/?page_id=410"},"modified":"2024-09-26T13:26:55","modified_gmt":"2024-09-26T20:26:55","slug":"things-to-do","status":"publish","type":"page","link":"https:\/\/cityofguadalupe.org\/es\/things-to-do\/","title":{"rendered":"Cosas para hacer"},"content":{"rendered":"<div data-elementor-type=\"wp-page\" data-elementor-id=\"410\" class=\"elementor elementor-410\" data-elementor-post-type=\"page\">\n\t\t\t\t\t\t<section class=\"elementor-section elementor-top-section elementor-element elementor-element-ed4e9da elementor-section-boxed elementor-section-height-default elementor-section-height-default\" data-id=\"ed4e9da\" data-element_type=\"section\" data-e-type=\"section\">\n\t\t\t\t\t\t<div class=\"elementor-container elementor-column-gap-default\">\n\t\t\t\t\t<div class=\"elementor-column elementor-col-100 elementor-top-column elementor-element elementor-element-2dc9586\" data-id=\"2dc9586\" data-element_type=\"column\" data-e-type=\"column\">\n\t\t\t<div class=\"elementor-widget-wrap elementor-element-populated\">\n\t\t\t\t\t\t<div class=\"elementor-element elementor-element-a312428 elementor-widget elementor-widget-spacer\" data-id=\"a312428\" data-element_type=\"widget\" data-e-type=\"widget\" data-widget_type=\"spacer.default\">\n\t\t\t\t<div class=\"elementor-widget-container\">\n\t\t\t\t\t\t\t<div class=\"elementor-spacer\">\n\t\t\t<div class=\"elementor-spacer-inner\"><\/div>\n\t\t<\/div>\n\t\t\t\t\t\t<\/div>\n\t\t\t\t<\/div>\n\t\t\t\t\t<\/div>\n\t\t<\/div>\n\t\t\t\t\t<\/div>\n\t\t<\/section>\n\t\t\t\t<section class=\"elementor-section elementor-top-section elementor-element elementor-element-b853095 elementor-section-boxed elementor-section-height-default elementor-section-height-default\" data-id=\"b853095\" data-element_type=\"section\" data-e-type=\"section\">\n\t\t\t\t\t\t<div class=\"elementor-container elementor-column-gap-default\">\n\t\t\t\t\t<div class=\"elementor-column elementor-col-100 elementor-top-column elementor-element elementor-element-57ae425\" data-id=\"57ae425\" data-element_type=\"column\" data-e-type=\"column\">\n\t\t\t<div class=\"elementor-widget-wrap elementor-element-populated\">\n\t\t\t\t\t\t<div class=\"elementor-element elementor-element-ae89b57 elementor-widget elementor-widget-text-editor\" data-id=\"ae89b57\" data-element_type=\"widget\" data-e-type=\"widget\" data-widget_type=\"text-editor.default\">\n\t\t\t\t<div class=\"elementor-widget-container\">\n\t\t\t\t\t\t\t\t\t<h1>Cosas para hacer<\/h1>\t\t\t\t\t\t\t\t<\/div>\n\t\t\t\t<\/div>\n\t\t\t\t\t<\/div>\n\t\t<\/div>\n\t\t\t\t\t<\/div>\n\t\t<\/section>\n\t\t\t\t<section class=\"elementor-section elementor-top-section elementor-element elementor-element-5aebdfa elementor-section-boxed elementor-section-height-default elementor-section-height-default\" data-id=\"5aebdfa\" data-element_type=\"section\" data-e-type=\"section\">\n\t\t\t\t\t\t\t<div class=\"elementor-background-overlay\"><\/div>\n\t\t\t\t\t\t\t<div class=\"elementor-container elementor-column-gap-default\">\n\t\t\t\t\t<div class=\"elementor-column elementor-col-50 elementor-top-column elementor-element elementor-element-6094f4a\" data-id=\"6094f4a\" data-element_type=\"column\" data-e-type=\"column\">\n\t\t\t<div class=\"elementor-widget-wrap elementor-element-populated\">\n\t\t\t\t\t\t<div class=\"elementor-element elementor-element-9c8a2c9 elementor-widget elementor-widget-spacer\" data-id=\"9c8a2c9\" data-element_type=\"widget\" data-e-type=\"widget\" data-widget_type=\"spacer.default\">\n\t\t\t\t<div class=\"elementor-widget-container\">\n\t\t\t\t\t\t\t<div class=\"elementor-spacer\">\n\t\t\t<div class=\"elementor-spacer-inner\"><\/div>\n\t\t<\/div>\n\t\t\t\t\t\t<\/div>\n\t\t\t\t<\/div>\n\t\t\t\t<div class=\"elementor-element elementor-element-8fc912c elementor-widget elementor-widget-text-editor\" data-id=\"8fc912c\" data-element_type=\"widget\" data-e-type=\"widget\" data-widget_type=\"text-editor.default\">\n\t\t\t\t<div class=\"elementor-widget-container\">\n\t\t\t\t\t\t\t\t\t<p>Aqu\u00ed hay algunas excelentes actividades y sitios de inter\u00e9s para explorar durante su visita a Guadalupe. Adem\u00e1s, la Ciudad de Guadalupe tuvo el privilegio de aparecer en la popular serie de televisi\u00f3n \u201c<em><strong>Oro de California<\/strong><\/em>\u201d, protagonizada por Huell Howser. La Universidad Chapman ha creado un archivo en l\u00ednea de todos los episodios de la serie, incluido el que presenta a la ciudad. Puedes ver el episodio.\u00a0<strong><span style=\"color: #3366ff;\"><a style=\"color: #3366ff;\" href=\"https:\/\/blogs.chapman.edu\/huell-howser-archives\/1998\/03\/08\/guadalupe-californias-gold-904\/\" target=\"_blank\" rel=\"noopener\">aqu\u00ed<\/a>.<\/span><\/strong><\/p>\t\t\t\t\t\t\t\t<\/div>\n\t\t\t\t<\/div>\n\t\t\t\t<div class=\"elementor-element elementor-element-8afbfa6 elementor-widget elementor-widget-text-editor\" data-id=\"8afbfa6\" data-element_type=\"widget\" data-e-type=\"widget\" data-widget_type=\"text-editor.default\">\n\t\t\t\t<div class=\"elementor-widget-container\">\n\t\t\t\t\t\t\t\t\t<ul><li>Ven a ver el <span style=\"color: #3366ff;\"><a style=\"color: #3366ff;\" href=\"https:\/\/ci.guadalupe.ca.us\/judy-baca-guadalupe-murals-project\/\">Proyecto de Murales de Judy Baca Guadalupe<\/a><\/span><\/li><li>Camina por el <span style=\"color: #3366ff;\"><a style=\"color: #3366ff;\" href=\"http:\/\/dunescenter.org\/visit-the-dunes\/points-of-interest\/rancho-guadalupe-dunes-preserve-county-park\/\">Reserva de las Dunas de Rancho Guadalupe<\/a><\/span><\/li><li>Haz algo <span style=\"color: #3366ff;\"><a style=\"color: #3366ff;\" href=\"https:\/\/ci.guadalupe.ca.us\/birding-near-guadalupe\/\">Observaci\u00f3n de aves cerca de Guadalupe<\/a><\/span><\/li><li>Conozca nuestra historia con el <span style=\"color: #3366ff;\"><a style=\"color: #3366ff;\" href=\"http:\/\/www.guadalupemuseum.org\/\">Sociedad Hist\u00f3rica de Guadalupe<\/a><\/span><\/li><li>Disfrute del aire libre en el <span style=\"color: #3366ff;\"><a style=\"color: #3366ff;\" href=\"https:\/\/www.fws.gov\/refuge\/guadalupe-nipomo_dunes\/\">Dunas de Guadalupe-Nipomo<\/a><\/span><\/li><li>Ven a visitar el <span style=\"color: #3366ff;\"><a style=\"color: #3366ff;\" href=\"http:\/\/dunescenter.org\/\">Centro Dunas de Guadalupe<\/a><\/span><\/li><li>Disfruta de la playa en el <span style=\"color: #3366ff;\"><a style=\"color: #3366ff;\" href=\"http:\/\/www.parks.ca.gov\/?page_id=406\">\u00c1rea recreativa vehicular estatal Oceano Dunes<\/a><\/span><\/li><li>Practique pesca y senderismo en el <span style=\"color: #3366ff;\"><a style=\"color: #3366ff;\" href=\"http:\/\/dunescenter.org\/visit-the-dunes\/points-of-interest\/oso-flaco-lake\/\">\u00c1rea Natural Lago Oso Flaco<\/a><\/span><\/li><li>Tome un viaje en tren en el <span style=\"color: #3366ff;\"><a style=\"color: #3366ff;\" href=\"https:\/\/www.pacificsurfliner.com\/\" target=\"_blank\" rel=\"noopener\">Surfliner del Pac\u00edfico<\/a><\/span><\/li><li>Planifique un viaje por la hist\u00f3rica autopista de la costa del Pac\u00edfico utilizando <span style=\"color: #3366ff;\"><a style=\"color: #3366ff;\" href=\"https:\/\/highway1roadtrip.com\/\" target=\"_blank\" rel=\"noopener\">autopista1roadtrip.com<\/a><\/span><\/li><\/ul>\t\t\t\t\t\t\t\t<\/div>\n\t\t\t\t<\/div>\n\t\t\t\t<div class=\"elementor-element elementor-element-90820c3 elementor-align-center elementor-widget elementor-widget-button\" data-id=\"90820c3\" data-element_type=\"widget\" data-e-type=\"widget\" data-widget_type=\"button.default\">\n\t\t\t\t<div class=\"elementor-widget-container\">\n\t\t\t\t\t\t\t\t\t<div class=\"elementor-button-wrapper\">\n\t\t\t\t\t<a class=\"elementor-button elementor-button-link elementor-size-sm\" href=\"https:\/\/calendar.google.com\/calendar\/embed?src=ci.guadalupe.ca.us%40gmail.com&#038;ctz=America%2FLos_Angeles\" target=\"_blank\">\n\t\t\t\t\t\t<span class=\"elementor-button-content-wrapper\">\n\t\t\t\t\t\t\t\t\t<span class=\"elementor-button-text\">Haga clic aqu\u00ed para ver un calendario de eventos comunitarios<\/span>\n\t\t\t\t\t<\/span>\n\t\t\t\t\t<\/a>\n\t\t\t\t<\/div>\n\t\t\t\t\t\t\t\t<\/div>\n\t\t\t\t<\/div>\n\t\t\t\t<div class=\"elementor-element elementor-element-de3a961 elementor-widget elementor-widget-spacer\" data-id=\"de3a961\" data-element_type=\"widget\" data-e-type=\"widget\" data-widget_type=\"spacer.default\">\n\t\t\t\t<div class=\"elementor-widget-container\">\n\t\t\t\t\t\t\t<div class=\"elementor-spacer\">\n\t\t\t<div class=\"elementor-spacer-inner\"><\/div>\n\t\t<\/div>\n\t\t\t\t\t\t<\/div>\n\t\t\t\t<\/div>\n\t\t\t\t\t<\/div>\n\t\t<\/div>\n\t\t\t\t<div class=\"elementor-column elementor-col-50 elementor-top-column elementor-element elementor-element-d2a6e95\" data-id=\"d2a6e95\" data-element_type=\"column\" data-e-type=\"column\">\n\t\t\t<div class=\"elementor-widget-wrap elementor-element-populated\">\n\t\t\t\t\t\t<div class=\"elementor-element elementor-element-f3474d9 elementor-widget elementor-widget-spacer\" data-id=\"f3474d9\" data-element_type=\"widget\" data-e-type=\"widget\" data-widget_type=\"spacer.default\">\n\t\t\t\t<div class=\"elementor-widget-container\">\n\t\t\t\t\t\t\t<div class=\"elementor-spacer\">\n\t\t\t<div class=\"elementor-spacer-inner\"><\/div>\n\t\t<\/div>\n\t\t\t\t\t\t<\/div>\n\t\t\t\t<\/div>\n\t\t\t\t<div class=\"elementor-element elementor-element-3aeac53 elementor-widget elementor-widget-text-editor\" data-id=\"3aeac53\" data-element_type=\"widget\" data-e-type=\"widget\" data-widget_type=\"text-editor.default\">\n\t\t\t\t<div class=\"elementor-widget-container\">\n\t\t\t\t\t\t\t\t\t<p>Puede encontrar informaci\u00f3n adicional sobre c\u00f3mo visitar Guadalupe en el sitio web de la Asociaci\u00f3n Empresarial de Guadalupe.<\/p><p style=\"text-align: center;\"><a href=\"https:\/\/www.visitguadalupe.org\" target=\"_blank\" rel=\"noopener\"><span style=\"color: #3366ff;\">www.visitaguadalupe.org<\/span><\/a><\/p>\t\t\t\t\t\t\t\t<\/div>\n\t\t\t\t<\/div>\n\t\t\t\t<div class=\"elementor-element elementor-element-33f76e2 elementor-widget elementor-widget-image\" data-id=\"33f76e2\" data-element_type=\"widget\" data-e-type=\"widget\" data-widget_type=\"image.default\">\n\t\t\t\t<div class=\"elementor-widget-container\">\n\t\t\t\t\t\t\t\t\t\t\t\t\t\t\t<img fetchpriority=\"high\" decoding=\"async\" width=\"1024\" height=\"789\" src=\"https:\/\/cityofguadalupe.org\/wp-content\/uploads\/2022\/12\/GBA-logo-v6d4-100opacity-1024x789.png\" class=\"attachment-large size-large wp-image-307\" alt=\"\" srcset=\"https:\/\/cityofguadalupe.org\/wp-content\/uploads\/2022\/12\/GBA-logo-v6d4-100opacity-1024x789.png 1024w, https:\/\/cityofguadalupe.org\/wp-content\/uploads\/2022\/12\/GBA-logo-v6d4-100opacity-300x231.png 300w, https:\/\/cityofguadalupe.org\/wp-content\/uploads\/2022\/12\/GBA-logo-v6d4-100opacity-768x592.png 768w, https:\/\/cityofguadalupe.org\/wp-content\/uploads\/2022\/12\/GBA-logo-v6d4-100opacity-1536x1184.png 1536w, https:\/\/cityofguadalupe.org\/wp-content\/uploads\/2022\/12\/GBA-logo-v6d4-100opacity-2048x1578.png 2048w\" sizes=\"(max-width: 1024px) 100vw, 1024px\" \/>\t\t\t\t\t\t\t\t\t\t\t\t\t\t\t<\/div>\n\t\t\t\t<\/div>\n\t\t\t\t\t<\/div>\n\t\t<\/div>\n\t\t\t\t\t<\/div>\n\t\t<\/section>\n\t\t\t\t<\/div>","protected":false},"excerpt":{"rendered":"<p>Things to Do Here are some great activities and sites of interest for you to explore while visiting Guadalupe. In addition, The City of Guadalupe was privileged to be featured in the popular TV series \u201cCalifornia Gold\u201d, starring Huell Howser. Chapman University has established an on-line archive of all the episodes in the series, including [&hellip;]<\/p>\n","protected":false},"author":6,"featured_media":0,"parent":0,"menu_order":0,"comment_status":"closed","ping_status":"closed","template":"elementor_header_footer","meta":{"ocean_post_layout":"full-screen","ocean_both_sidebars_style":"","ocean_both_sidebars_content_width":0,"ocean_both_sidebars_sidebars_width":0,"ocean_sidebar":"0","ocean_second_sidebar":"0","ocean_disable_margins":"enable","ocean_add_body_class":"","ocean_shortcode_before_top_bar":"","ocean_shortcode_after_top_bar":"","ocean_shortcode_before_header":"[smartslider3 slider=\"2\"]","ocean_shortcode_after_header":"","ocean_has_shortcode":"","ocean_shortcode_after_title":"","ocean_shortcode_before_footer_widgets":"","ocean_shortcode_after_footer_widgets":"","ocean_shortcode_before_footer_bottom":"","ocean_shortcode_after_footer_bottom":"","ocean_display_top_bar":"default","ocean_display_header":"default","ocean_header_style":"","ocean_center_header_left_menu":"0","ocean_custom_header_template":"0","ocean_custom_logo":0,"ocean_custom_retina_logo":0,"ocean_custom_logo_max_width":0,"ocean_custom_logo_tablet_max_width":0,"ocean_custom_logo_mobile_max_width":0,"ocean_custom_logo_max_height":0,"ocean_custom_logo_tablet_max_height":0,"ocean_custom_logo_mobile_max_height":0,"ocean_header_custom_menu":"0","ocean_menu_typo_font_family":"0","ocean_menu_typo_font_subset":"","ocean_menu_typo_font_size":0,"ocean_menu_typo_font_size_tablet":0,"ocean_menu_typo_font_size_mobile":0,"ocean_menu_typo_font_size_unit":"px","ocean_menu_typo_font_weight":"","ocean_menu_typo_font_weight_tablet":"","ocean_menu_typo_font_weight_mobile":"","ocean_menu_typo_transform":"","ocean_menu_typo_transform_tablet":"","ocean_menu_typo_transform_mobile":"","ocean_menu_typo_line_height":0,"ocean_menu_typo_line_height_tablet":0,"ocean_menu_typo_line_height_mobile":0,"ocean_menu_typo_line_height_unit":"","ocean_menu_typo_spacing":0,"ocean_menu_typo_spacing_tablet":0,"ocean_menu_typo_spacing_mobile":0,"ocean_menu_typo_spacing_unit":"","ocean_menu_link_color":"","ocean_menu_link_color_hover":"","ocean_menu_link_color_active":"","ocean_menu_link_background":"","ocean_menu_link_hover_background":"","ocean_menu_link_active_background":"","ocean_menu_social_links_bg":"","ocean_menu_social_hover_links_bg":"","ocean_menu_social_links_color":"","ocean_menu_social_hover_links_color":"","ocean_disable_title":"on","ocean_disable_heading":"default","ocean_post_title":"","ocean_post_subheading":"","ocean_post_title_style":"","ocean_post_title_background_color":"","ocean_post_title_background":0,"ocean_post_title_bg_image_position":"","ocean_post_title_bg_image_attachment":"","ocean_post_title_bg_image_repeat":"","ocean_post_title_bg_image_size":"","ocean_post_title_height":0,"ocean_post_title_bg_overlay":0.5,"ocean_post_title_bg_overlay_color":"","ocean_disable_breadcrumbs":"default","ocean_breadcrumbs_color":"","ocean_breadcrumbs_separator_color":"","ocean_breadcrumbs_links_color":"","ocean_breadcrumbs_links_hover_color":"","ocean_display_footer_widgets":"default","ocean_display_footer_bottom":"default","ocean_custom_footer_template":"0","footnotes":""},"class_list":["post-410","page","type-page","status-publish","hentry","entry"],"meta_box":[],"_links":{"self":[{"href":"https:\/\/cityofguadalupe.org\/es\/wp-json\/wp\/v2\/pages\/410","targetHints":{"allow":["GET"]}}],"collection":[{"href":"https:\/\/cityofguadalupe.org\/es\/wp-json\/wp\/v2\/pages"}],"about":[{"href":"https:\/\/cityofguadalupe.org\/es\/wp-json\/wp\/v2\/types\/page"}],"author":[{"embeddable":true,"href":"https:\/\/cityofguadalupe.org\/es\/wp-json\/wp\/v2\/users\/6"}],"replies":[{"embeddable":true,"href":"https:\/\/cityofguadalupe.org\/es\/wp-json\/wp\/v2\/comments?post=410"}],"version-history":[{"count":28,"href":"https:\/\/cityofguadalupe.org\/es\/wp-json\/wp\/v2\/pages\/410\/revisions"}],"predecessor-version":[{"id":15958,"href":"https:\/\/cityofguadalupe.org\/es\/wp-json\/wp\/v2\/pages\/410\/revisions\/15958"}],"wp:attachment":[{"href":"https:\/\/cityofguadalupe.org\/es\/wp-json\/wp\/v2\/media?parent=410"}],"curies":[{"name":"wp","href":"https:\/\/api.w.org\/{rel}","templated":true}]}}