{"id":522,"date":"2022-12-22T19:43:20","date_gmt":"2022-12-22T19:43:20","guid":{"rendered":"https:\/\/arclightmedia.com\/dev\/guad2\/?page_id=522"},"modified":"2023-07-23T08:00:44","modified_gmt":"2023-07-23T15:00:44","slug":"fire-department-history","status":"publish","type":"page","link":"https:\/\/cityofguadalupe.org\/es\/fire-department-history\/","title":{"rendered":"Historia del Departamento de Bomberos"},"content":{"rendered":"<div data-elementor-type=\"wp-page\" data-elementor-id=\"522\" class=\"elementor elementor-522\" data-elementor-post-type=\"page\">\n\t\t\t\t\t\t<section class=\"elementor-section elementor-top-section elementor-element elementor-element-ed4e9da elementor-section-boxed elementor-section-height-default elementor-section-height-default\" data-id=\"ed4e9da\" data-element_type=\"section\" data-e-type=\"section\">\n\t\t\t\t\t\t<div class=\"elementor-container elementor-column-gap-default\">\n\t\t\t\t\t<div class=\"elementor-column elementor-col-100 elementor-top-column elementor-element elementor-element-2dc9586\" data-id=\"2dc9586\" data-element_type=\"column\" data-e-type=\"column\">\n\t\t\t<div class=\"elementor-widget-wrap elementor-element-populated\">\n\t\t\t\t\t\t<div class=\"elementor-element elementor-element-a312428 elementor-widget elementor-widget-spacer\" data-id=\"a312428\" data-element_type=\"widget\" data-e-type=\"widget\" data-widget_type=\"spacer.default\">\n\t\t\t\t<div class=\"elementor-widget-container\">\n\t\t\t\t\t\t\t<div class=\"elementor-spacer\">\n\t\t\t<div class=\"elementor-spacer-inner\"><\/div>\n\t\t<\/div>\n\t\t\t\t\t\t<\/div>\n\t\t\t\t<\/div>\n\t\t\t\t\t<\/div>\n\t\t<\/div>\n\t\t\t\t\t<\/div>\n\t\t<\/section>\n\t\t\t\t<section class=\"elementor-section elementor-top-section elementor-element elementor-element-b853095 elementor-section-boxed elementor-section-height-default elementor-section-height-default\" data-id=\"b853095\" data-element_type=\"section\" data-e-type=\"section\">\n\t\t\t\t\t\t<div class=\"elementor-container elementor-column-gap-default\">\n\t\t\t\t\t<div class=\"elementor-column elementor-col-100 elementor-top-column elementor-element elementor-element-57ae425\" data-id=\"57ae425\" data-element_type=\"column\" data-e-type=\"column\">\n\t\t\t<div class=\"elementor-widget-wrap elementor-element-populated\">\n\t\t\t\t\t\t<div class=\"elementor-element elementor-element-ae89b57 elementor-widget elementor-widget-text-editor\" data-id=\"ae89b57\" data-element_type=\"widget\" data-e-type=\"widget\" data-widget_type=\"text-editor.default\">\n\t\t\t\t<div class=\"elementor-widget-container\">\n\t\t\t\t\t\t\t\t\t<p>Historia del Departamento de Bomberos de Guadalupe<\/p>\t\t\t\t\t\t\t\t<\/div>\n\t\t\t\t<\/div>\n\t\t\t\t\t<\/div>\n\t\t<\/div>\n\t\t\t\t\t<\/div>\n\t\t<\/section>\n\t\t\t\t<section class=\"elementor-section elementor-top-section elementor-element elementor-element-5aebdfa elementor-section-boxed elementor-section-height-default elementor-section-height-default\" data-id=\"5aebdfa\" data-element_type=\"section\" data-e-type=\"section\">\n\t\t\t\t\t\t\t<div class=\"elementor-background-overlay\"><\/div>\n\t\t\t\t\t\t\t<div class=\"elementor-container elementor-column-gap-default\">\n\t\t\t\t\t<div class=\"elementor-column elementor-col-50 elementor-top-column elementor-element elementor-element-6094f4a\" data-id=\"6094f4a\" data-element_type=\"column\" data-e-type=\"column\">\n\t\t\t<div class=\"elementor-widget-wrap elementor-element-populated\">\n\t\t\t\t\t\t<section class=\"elementor-section elementor-inner-section elementor-element elementor-element-b0ec488 elementor-section-boxed elementor-section-height-default elementor-section-height-default\" data-id=\"b0ec488\" data-element_type=\"section\" data-e-type=\"section\">\n\t\t\t\t\t\t<div class=\"elementor-container elementor-column-gap-default\">\n\t\t\t\t\t<div class=\"elementor-column elementor-col-50 elementor-inner-column elementor-element elementor-element-d2942c4\" data-id=\"d2942c4\" data-element_type=\"column\" data-e-type=\"column\">\n\t\t\t<div class=\"elementor-widget-wrap elementor-element-populated\">\n\t\t\t\t\t\t<div class=\"elementor-element elementor-element-c4cfd32 elementor-widget elementor-widget-image\" data-id=\"c4cfd32\" data-element_type=\"widget\" data-e-type=\"widget\" data-widget_type=\"image.default\">\n\t\t\t\t<div class=\"elementor-widget-container\">\n\t\t\t\t\t\t\t\t\t\t\t\t\t\t\t<img fetchpriority=\"high\" decoding=\"async\" width=\"960\" height=\"605\" src=\"https:\/\/cityofguadalupe.org\/wp-content\/uploads\/2022\/12\/guadlupe-fire-1930s.jpg\" class=\"attachment-large size-large wp-image-545\" alt=\"\" srcset=\"https:\/\/cityofguadalupe.org\/wp-content\/uploads\/2022\/12\/guadlupe-fire-1930s.jpg 960w, https:\/\/cityofguadalupe.org\/wp-content\/uploads\/2022\/12\/guadlupe-fire-1930s-300x189.jpg 300w, https:\/\/cityofguadalupe.org\/wp-content\/uploads\/2022\/12\/guadlupe-fire-1930s-768x484.jpg 768w\" sizes=\"(max-width: 960px) 100vw, 960px\" \/>\t\t\t\t\t\t\t\t\t\t\t\t\t\t\t<\/div>\n\t\t\t\t<\/div>\n\t\t\t\t<div class=\"elementor-element elementor-element-185a24c elementor-widget elementor-widget-text-editor\" data-id=\"185a24c\" data-element_type=\"widget\" data-e-type=\"widget\" data-widget_type=\"text-editor.default\">\n\t\t\t\t<div class=\"elementor-widget-container\">\n\t\t\t\t\t\t\t\t\t<p><strong>Bomberos voluntarios en 1930<\/strong><\/p>\t\t\t\t\t\t\t\t<\/div>\n\t\t\t\t<\/div>\n\t\t\t\t\t<\/div>\n\t\t<\/div>\n\t\t\t\t<div class=\"elementor-column elementor-col-50 elementor-inner-column elementor-element elementor-element-c9b174b\" data-id=\"c9b174b\" data-element_type=\"column\" data-e-type=\"column\">\n\t\t\t<div class=\"elementor-widget-wrap elementor-element-populated\">\n\t\t\t\t\t\t<div class=\"elementor-element elementor-element-cbc90d8 elementor-widget elementor-widget-image\" data-id=\"cbc90d8\" data-element_type=\"widget\" data-e-type=\"widget\" data-widget_type=\"image.default\">\n\t\t\t\t<div class=\"elementor-widget-container\">\n\t\t\t\t\t\t\t\t\t\t\t\t\t\t\t<img decoding=\"async\" width=\"960\" height=\"605\" src=\"https:\/\/cityofguadalupe.org\/wp-content\/uploads\/2022\/12\/guadlupe-fire-2016.jpg\" class=\"attachment-large size-large wp-image-546\" alt=\"\" srcset=\"https:\/\/cityofguadalupe.org\/wp-content\/uploads\/2022\/12\/guadlupe-fire-2016.jpg 960w, https:\/\/cityofguadalupe.org\/wp-content\/uploads\/2022\/12\/guadlupe-fire-2016-300x189.jpg 300w, https:\/\/cityofguadalupe.org\/wp-content\/uploads\/2022\/12\/guadlupe-fire-2016-768x484.jpg 768w\" sizes=\"(max-width: 960px) 100vw, 960px\" \/>\t\t\t\t\t\t\t\t\t\t\t\t\t\t\t<\/div>\n\t\t\t\t<\/div>\n\t\t\t\t<div class=\"elementor-element elementor-element-3044295 elementor-widget elementor-widget-text-editor\" data-id=\"3044295\" data-element_type=\"widget\" data-e-type=\"widget\" data-widget_type=\"text-editor.default\">\n\t\t\t\t<div class=\"elementor-widget-container\">\n\t\t\t\t\t\t\t\t\t<p><strong>Cuerpo de Bomberos de Guadalupe en 2016<\/strong><\/p>\t\t\t\t\t\t\t\t<\/div>\n\t\t\t\t<\/div>\n\t\t\t\t\t<\/div>\n\t\t<\/div>\n\t\t\t\t\t<\/div>\n\t\t<\/section>\n\t\t\t\t<section class=\"elementor-section elementor-inner-section elementor-element elementor-element-3369dff elementor-section-boxed elementor-section-height-default elementor-section-height-default\" data-id=\"3369dff\" data-element_type=\"section\" data-e-type=\"section\">\n\t\t\t\t\t\t<div class=\"elementor-container elementor-column-gap-default\">\n\t\t\t\t\t<div class=\"elementor-column elementor-col-100 elementor-inner-column elementor-element elementor-element-6510ad1 elementor-invisible\" data-id=\"6510ad1\" data-element_type=\"column\" data-e-type=\"column\" data-settings=\"{&quot;background_background&quot;:&quot;classic&quot;,&quot;animation&quot;:&quot;fadeIn&quot;}\">\n\t\t\t<div class=\"elementor-widget-wrap elementor-element-populated\">\n\t\t\t\t\t\t<div class=\"elementor-element elementor-element-571f2d7 elementor-widget elementor-widget-text-editor\" data-id=\"571f2d7\" data-element_type=\"widget\" data-e-type=\"widget\" data-widget_type=\"text-editor.default\">\n\t\t\t\t<div class=\"elementor-widget-container\">\n\t\t\t\t\t\t\t\t\t<p><img decoding=\"async\" class=\"alignleft wp-image-547\" src=\"http:\/\/cityofguadalupe.org\/wp-content\/uploads\/2022\/12\/1930-gfd-memorial-plaque-300x252.jpg\" alt=\"\" width=\"225\" height=\"189\" srcset=\"https:\/\/cityofguadalupe.org\/wp-content\/uploads\/2022\/12\/1930-gfd-memorial-plaque-300x252.jpg 300w, https:\/\/cityofguadalupe.org\/wp-content\/uploads\/2022\/12\/1930-gfd-memorial-plaque.jpg 768w\" sizes=\"(max-width: 225px) 100vw, 225px\" \/><\/p><p>Despu\u00e9s de los devastadores incendios de 1925 y 1929, el Departamento de Bomberos de Guadalupe se form\u00f3 oficialmente como una fuerza voluntaria en 1930 para proteger a la comunidad de futuros incidentes a gran escala. Se compr\u00f3 un cami\u00f3n de bomberos estadounidense LaFrance de 1929 y permanece en el departamento hasta el d\u00eda de hoy; este motor se almacena en la estaci\u00f3n de bomberos 1 (sin personal) y aparece como m\u00e1ximo l<\/p><p>Fue desde este lugar durante muchos a\u00f1os que son\u00f3 una alarma de incendio desde esta estaci\u00f3n alertando a los Bomberos de la ciudad para responder a una emergencia. Desde entonces, el Departamento de Bomberos de Guadalupe ha adoptado sistemas de notificaci\u00f3n m\u00e1s r\u00e1pidos y complejos que involucran comunicaciones por radio con aplicaciones CAD.<\/p><figure id=\"attachment_548\" aria-describedby=\"caption-attachment-548\" style=\"width: 300px\" class=\"wp-caption alignright\"><img loading=\"lazy\" decoding=\"async\" class=\"wp-image-548 size-medium\" src=\"http:\/\/cityofguadalupe.org\/wp-content\/uploads\/2022\/12\/Gua-Image-5-768x576-1-300x225.jpg\" alt=\"1973 \u2013 Far Western Fire\" width=\"300\" height=\"225\" srcset=\"https:\/\/cityofguadalupe.org\/wp-content\/uploads\/2022\/12\/Gua-Image-5-768x576-1-300x225.jpg 300w, https:\/\/cityofguadalupe.org\/wp-content\/uploads\/2022\/12\/Gua-Image-5-768x576-1.jpg 768w\" sizes=\"(max-width: 300px) 100vw, 300px\" \/><figcaption id=\"caption-attachment-548\" class=\"wp-caption-text\">1973 \u2013 Fuego del Lejano Oeste<\/figcaption><\/figure><p>Desde entonces, el Departamento de Bomberos de Guadalupe ha brindado protecci\u00f3n contra incendios, servicios m\u00e9dicos de emergencia, rescate y servicios especializados desde la estaci\u00f3n de bomberos 2, ubicada en el Ayuntamiento, 918 Obispo St. Guadalupe, Ca.<\/p><p>La respuesta del Departamento de Bomberos de Guadalupe cubre un \u00e1rea inicial de aproximadamente 1.4 millas cuadradas desde una sola estaci\u00f3n de bomberos. Este n\u00famero, que cubre una poblaci\u00f3n de m\u00e1s de 8,000 ciudadanos durante todo el a\u00f1o, seguir\u00e1 creciendo a medida que la ciudad de Guadalupe haya aprobado un gran desarrollo de viviendas llamado Pasadera y se encuentra aproximadamente a la mitad del total proyectado de 800 nuevas viviendas.<\/p><figure id=\"attachment_549\" aria-describedby=\"caption-attachment-549\" style=\"width: 203px\" class=\"wp-caption alignleft\"><img loading=\"lazy\" decoding=\"async\" class=\"wp-image-549 size-medium\" src=\"http:\/\/cityofguadalupe.org\/wp-content\/uploads\/2022\/12\/original-badge-203x300.jpg\" alt=\"Original Badge of Commissioner George Juarez\" width=\"203\" height=\"300\" srcset=\"https:\/\/cityofguadalupe.org\/wp-content\/uploads\/2022\/12\/original-badge-203x300.jpg 203w, https:\/\/cityofguadalupe.org\/wp-content\/uploads\/2022\/12\/original-badge.jpg 629w\" sizes=\"(max-width: 203px) 100vw, 203px\" \/><figcaption id=\"caption-attachment-549\" class=\"wp-caption-text\">Insignia Original del Comisionado George Juarez<\/figcaption><\/figure><p>La ciudad de Guadalupe tiene una zona costera de dunas, arquitectura hist\u00f3rica y una carretera panor\u00e1mica (Carretera 1) que es un atractivo tur\u00edstico. Ciudad de Guadalupe ubicada en el norte del condado de Santa B\u00e1rbara en la costa central de California, Estados Unidos.<\/p><p>El departamento de bomberos tambi\u00e9n proporciona ayuda autom\u00e1tica a las \u00e1reas circundantes, que incluyen marismas protegidas y cuarenta y tres millas cuadradas de \u00e1reas rurales\/agr\u00edcolas. El departamento tiene acuerdos de ayuda autom\u00e1tica para proteger partes del condado de Santa B\u00e1rbara y del condado de San Luis Obispo. El departamento brinda servicios de incendio estructural, incendio forestal, rescate, soporte vital b\u00e1sico, materiales peligrosos y rescate t\u00e9cnico.<\/p>\t\t\t\t\t\t\t\t<\/div>\n\t\t\t\t<\/div>\n\t\t\t\t\t<\/div>\n\t\t<\/div>\n\t\t\t\t\t<\/div>\n\t\t<\/section>\n\t\t\t\t<div class=\"elementor-element elementor-element-de3a961 elementor-widget elementor-widget-spacer\" data-id=\"de3a961\" data-element_type=\"widget\" data-e-type=\"widget\" data-widget_type=\"spacer.default\">\n\t\t\t\t<div class=\"elementor-widget-container\">\n\t\t\t\t\t\t\t<div class=\"elementor-spacer\">\n\t\t\t<div class=\"elementor-spacer-inner\"><\/div>\n\t\t<\/div>\n\t\t\t\t\t\t<\/div>\n\t\t\t\t<\/div>\n\t\t\t\t\t<\/div>\n\t\t<\/div>\n\t\t\t\t<div class=\"elementor-column elementor-col-50 elementor-top-column elementor-element elementor-element-8c670bb\" data-id=\"8c670bb\" data-element_type=\"column\" data-e-type=\"column\">\n\t\t\t<div class=\"elementor-widget-wrap elementor-element-populated\">\n\t\t\t\t\t\t<div class=\"elementor-element elementor-element-20d6902 elementor-widget elementor-widget-template\" data-id=\"20d6902\" data-element_type=\"widget\" data-e-type=\"widget\" data-widget_type=\"template.default\">\n\t\t\t\t<div class=\"elementor-widget-container\">\n\t\t\t\t\t\t\t<div class=\"elementor-template\">\n\t\t\t\t\t<div data-elementor-type=\"section\" data-elementor-id=\"3729\" class=\"elementor elementor-3729\" data-elementor-post-type=\"elementor_library\">\n\t\t\t\t\t<section class=\"elementor-section elementor-top-section elementor-element elementor-element-5da6e00 elementor-section-boxed elementor-section-height-default elementor-section-height-default\" data-id=\"5da6e00\" data-element_type=\"section\" data-e-type=\"section\">\n\t\t\t\t\t\t<div class=\"elementor-container elementor-column-gap-default\">\n\t\t\t\t\t<div class=\"elementor-column elementor-col-100 elementor-top-column elementor-element elementor-element-29d4b3e\" data-id=\"29d4b3e\" data-element_type=\"column\" data-e-type=\"column\">\n\t\t\t<div class=\"elementor-widget-wrap elementor-element-populated\">\n\t\t\t\t\t\t<section class=\"elementor-section elementor-inner-section elementor-element elementor-element-e568120 elementor-section-boxed elementor-section-height-default elementor-section-height-default\" data-id=\"e568120\" data-element_type=\"section\" data-e-type=\"section\">\n\t\t\t\t\t\t<div class=\"elementor-container elementor-column-gap-default\">\n\t\t\t\t\t<div class=\"elementor-column elementor-col-33 elementor-inner-column elementor-element elementor-element-817bdc9\" data-id=\"817bdc9\" data-element_type=\"column\" data-e-type=\"column\">\n\t\t\t<div class=\"elementor-widget-wrap elementor-element-populated\">\n\t\t\t\t\t\t<div class=\"elementor-element elementor-element-764a0a2 elementor-view-default elementor-widget elementor-widget-icon\" data-id=\"764a0a2\" data-element_type=\"widget\" data-e-type=\"widget\" data-widget_type=\"icon.default\">\n\t\t\t\t<div class=\"elementor-widget-container\">\n\t\t\t\t\t\t\t<div class=\"elementor-icon-wrapper\">\n\t\t\t<a class=\"elementor-icon\" href=\"https:\/\/www.facebook.com\/guadfire\/\" target=\"_blank\">\n\t\t\t<i aria-hidden=\"true\" class=\"fab fa-facebook-square\"><\/i>\t\t\t<\/a>\n\t\t<\/div>\n\t\t\t\t\t\t<\/div>\n\t\t\t\t<\/div>\n\t\t\t\t\t<\/div>\n\t\t<\/div>\n\t\t\t\t<div class=\"elementor-column elementor-col-33 elementor-inner-column elementor-element elementor-element-470ccf6\" data-id=\"470ccf6\" data-element_type=\"column\" data-e-type=\"column\">\n\t\t\t<div class=\"elementor-widget-wrap elementor-element-populated\">\n\t\t\t\t\t\t<div class=\"elementor-element elementor-element-93202d4 elementor-view-default elementor-widget elementor-widget-icon\" data-id=\"93202d4\" data-element_type=\"widget\" data-e-type=\"widget\" data-widget_type=\"icon.default\">\n\t\t\t\t<div class=\"elementor-widget-container\">\n\t\t\t\t\t\t\t<div class=\"elementor-icon-wrapper\">\n\t\t\t<a class=\"elementor-icon\" href=\"https:\/\/www.facebook.com\/guadalupefirefightersassociation\/\" target=\"_blank\">\n\t\t\t<i aria-hidden=\"true\" class=\"fas fa-fire\"><\/i>\t\t\t<\/a>\n\t\t<\/div>\n\t\t\t\t\t\t<\/div>\n\t\t\t\t<\/div>\n\t\t\t\t\t<\/div>\n\t\t<\/div>\n\t\t\t\t<div class=\"elementor-column elementor-col-33 elementor-inner-column elementor-element elementor-element-b84c5ad\" data-id=\"b84c5ad\" data-element_type=\"column\" data-e-type=\"column\">\n\t\t\t<div class=\"elementor-widget-wrap elementor-element-populated\">\n\t\t\t\t\t\t<div class=\"elementor-element elementor-element-3f148a2 elementor-view-default elementor-widget elementor-widget-icon\" data-id=\"3f148a2\" data-element_type=\"widget\" data-e-type=\"widget\" data-widget_type=\"icon.default\">\n\t\t\t\t<div class=\"elementor-widget-container\">\n\t\t\t\t\t\t\t<div class=\"elementor-icon-wrapper\">\n\t\t\t<a class=\"elementor-icon\" href=\"https:\/\/www.instagram.com\/guadfire\/\" target=\"_blank\">\n\t\t\t<i aria-hidden=\"true\" class=\"icon icon-instagram-1\"><\/i>\t\t\t<\/a>\n\t\t<\/div>\n\t\t\t\t\t\t<\/div>\n\t\t\t\t<\/div>\n\t\t\t\t\t<\/div>\n\t\t<\/div>\n\t\t\t\t\t<\/div>\n\t\t<\/section>\n\t\t\t\t<div class=\"elementor-element elementor-element-325ba05 elementor-widget elementor-widget-text-editor\" data-id=\"325ba05\" data-element_type=\"widget\" data-e-type=\"widget\" data-widget_type=\"text-editor.default\">\n\t\t\t\t<div class=\"elementor-widget-container\">\n\t\t\t\t\t\t\t\t\t<h4 style=\"text-align: center;\">Enlaces de fuego r\u00e1pido<\/h4><ul><li><span style=\"color: #3366ff;\"><a style=\"color: #3366ff;\" href=\"http:\/\/cityofguadalupe.org\/es\/fire-vision-mission-and-values\/\">Estado de la misi\u00f3n<\/a><\/span><\/li><li><span style=\"color: #3366ff;\"><a style=\"color: #3366ff;\" href=\"http:\/\/cityofguadalupe.org\/es\/fire-vision-mission-and-values\/\">Declaraci\u00f3n de la visi\u00f3n<\/a><\/span><\/li><li><span style=\"color: #3366ff;\"><a style=\"color: #3366ff;\" href=\"http:\/\/cityofguadalupe.org\/es\/fire-vision-mission-and-values\/\">Valores<\/a><\/span><\/li><li><span style=\"color: #3366ff;\"><a style=\"color: #3366ff;\" href=\"http:\/\/cityofguadalupe.org\/es\/fire-department-history\/\">Historia del Departamento de Bomberos<\/a><\/span><\/li><li><span style=\"color: #3366ff;\"><a style=\"color: #3366ff;\" href=\"http:\/\/cityofguadalupe.org\/es\/fire-suppression\/\">Supresi\u00f3n de incendios<\/a><\/span><\/li><li><span style=\"color: #3366ff;\"><a style=\"color: #3366ff;\" href=\"http:\/\/cityofguadalupe.org\/es\/fire-stations\/\">Estaciones de bomberos<\/a><\/span><\/li><li><span style=\"color: #3366ff;\"><a style=\"color: #3366ff;\" href=\"http:\/\/cityofguadalupe.org\/es\/fire-fighting-equipment\/\">Equipo contra incendios<\/a><\/span><\/li><li><span style=\"color: #3366ff;\"><a style=\"color: #3366ff;\" href=\"http:\/\/cityofguadalupe.org\/es\/emergency-medical-services\/\">Servicios m\u00e9dicos de emergencia<\/a><\/span><\/li><li><span style=\"color: #3366ff;\"><a style=\"color: #3366ff;\" href=\"http:\/\/cityofguadalupe.org\/es\/hazardous-materials-response\/\">Respuesta a materiales peligrosos<\/a><\/span><\/li><li><span style=\"color: #3366ff;\"><a style=\"color: #3366ff;\" href=\"http:\/\/cityofguadalupe.org\/es\/rescue-services\/\">Servicios de rescate<\/a><\/span><\/li><li><span style=\"color: #3366ff;\"><a style=\"color: #3366ff;\" href=\"http:\/\/cityofguadalupe.org\/es\/education-outreach-programs\/\">Programas de educaci\u00f3n\/extensi\u00f3n<\/a><\/span><\/li><li><span style=\"color: #3366ff;\"><a style=\"color: #3366ff;\" href=\"http:\/\/cityofguadalupe.org\/es\/fire-special-events\/\">Eventos especiales<\/a><\/span><\/li><li><span style=\"color: #3366ff;\"><a style=\"color: #3366ff;\" href=\"http:\/\/cityofguadalupe.org\/es\/fire-prevention-programs\/\">Programas de prevenci\u00f3n de incendios<\/a><\/span><\/li><li><span style=\"color: #3366ff;\"><a style=\"color: #3366ff;\" href=\"https:\/\/www.govpilot.com\/forms\/main\/ca575182-93d\/Report-a-Concern\/GUADALUPE\/CA\/17382\/0\">Report a Concern (Code Compliance)<\/a><\/span><\/li><\/ul>\t\t\t\t\t\t\t\t<\/div>\n\t\t\t\t<\/div>\n\t\t\t\t<div class=\"elementor-element elementor-element-beea303 elementor-widget elementor-widget-text-editor\" data-id=\"beea303\" data-element_type=\"widget\" data-e-type=\"widget\" data-widget_type=\"text-editor.default\">\n\t\t\t\t<div class=\"elementor-widget-container\">\n\t\t\t\t\t\t\t\t\t<h2 style=\"text-align: center;\"><strong>Documentos importantes<\/strong><\/h2><ul><li><a href=\"http:\/\/cityofguadalupe.org\/es\/municipal-code\/\" data-wplink-edit=\"true\"><span style=\"color: #3366ff;\">C\u00f3digo Municipal<\/span><\/a> (enlace a la p\u00e1gina)<\/li><li><span style=\"color: #3366ff;\"><a style=\"color: #3366ff;\" href=\"http:\/\/cityofguadalupe.org\/wp-content\/uploads\/2022\/12\/Knox-Box-Handout.pdf\" target=\"_blank\" rel=\"noopener\">Sistema de entrada r\u00e1pida Knox (Caja Knox)<\/a><\/span><\/li><li><span style=\"color: #3366ff;\"><a style=\"color: #3366ff;\" href=\"http:\/\/cityofguadalupe.org\/wp-content\/uploads\/2022\/12\/Business-Fire-Inspection-presentation-03-13-17.pdf\" target=\"_blank\" rel=\"noopener\">Presentaci\u00f3n sobre seguridad empresarial<\/a><\/span><\/li><li><span style=\"color: #3366ff;\"><a style=\"color: #3366ff;\" href=\"http:\/\/cityofguadalupe.org\/wp-content\/uploads\/2022\/12\/Apartment-Fire-Inspection-presentation-GUA-1.pdf\" target=\"_blank\" rel=\"noopener\">Presentaci\u00f3n sobre seguridad en los apartamentos<\/a><\/span><\/li><\/ul>\t\t\t\t\t\t\t\t<\/div>\n\t\t\t\t<\/div>\n\t\t\t\t<div class=\"elementor-element elementor-element-43e3179 elementor-widget elementor-widget-spacer\" data-id=\"43e3179\" data-element_type=\"widget\" data-e-type=\"widget\" data-widget_type=\"spacer.default\">\n\t\t\t\t<div class=\"elementor-widget-container\">\n\t\t\t\t\t\t\t<div class=\"elementor-spacer\">\n\t\t\t<div class=\"elementor-spacer-inner\"><\/div>\n\t\t<\/div>\n\t\t\t\t\t\t<\/div>\n\t\t\t\t<\/div>\n\t\t\t\t\t<\/div>\n\t\t<\/div>\n\t\t\t\t\t<\/div>\n\t\t<\/section>\n\t\t\t\t<\/div>\n\t\t\t\t<\/div>\n\t\t\t\t\t\t<\/div>\n\t\t\t\t<\/div>\n\t\t\t\t\t<\/div>\n\t\t<\/div>\n\t\t\t\t\t<\/div>\n\t\t<\/section>\n\t\t\t\t<\/div>","protected":false},"excerpt":{"rendered":"<p>Guadalupe Fire Department History Volunteer Firefighters in 1930 Guadalupe Fire Department in 2016 After devastating fires in 1925 and 1929 the Guadalupe Fire Department was officially formed as a volunteer force in 1930 to protect the community from further large scale incidents. A 1929 American LaFrance fire engine was purchased and remains with the department [&hellip;]<\/p>\n","protected":false},"author":6,"featured_media":0,"parent":0,"menu_order":0,"comment_status":"closed","ping_status":"closed","template":"elementor_header_footer","meta":{"ocean_post_layout":"full-screen","ocean_both_sidebars_style":"","ocean_both_sidebars_content_width":0,"ocean_both_sidebars_sidebars_width":0,"ocean_sidebar":"0","ocean_second_sidebar":"0","ocean_disable_margins":"enable","ocean_add_body_class":"","ocean_shortcode_before_top_bar":"","ocean_shortcode_after_top_bar":"","ocean_shortcode_before_header":"[smartslider3 slider=\"2\"]","ocean_shortcode_after_header":"","ocean_has_shortcode":"","ocean_shortcode_after_title":"","ocean_shortcode_before_footer_widgets":"","ocean_shortcode_after_footer_widgets":"","ocean_shortcode_before_footer_bottom":"","ocean_shortcode_after_footer_bottom":"","ocean_display_top_bar":"default","ocean_display_header":"default","ocean_header_style":"","ocean_center_header_left_menu":"0","ocean_custom_header_template":"0","ocean_custom_logo":0,"ocean_custom_retina_logo":0,"ocean_custom_logo_max_width":0,"ocean_custom_logo_tablet_max_width":0,"ocean_custom_logo_mobile_max_width":0,"ocean_custom_logo_max_height":0,"ocean_custom_logo_tablet_max_height":0,"ocean_custom_logo_mobile_max_height":0,"ocean_header_custom_menu":"0","ocean_menu_typo_font_family":"0","ocean_menu_typo_font_subset":"","ocean_menu_typo_font_size":0,"ocean_menu_typo_font_size_tablet":0,"ocean_menu_typo_font_size_mobile":0,"ocean_menu_typo_font_size_unit":"px","ocean_menu_typo_font_weight":"","ocean_menu_typo_font_weight_tablet":"","ocean_menu_typo_font_weight_mobile":"","ocean_menu_typo_transform":"","ocean_menu_typo_transform_tablet":"","ocean_menu_typo_transform_mobile":"","ocean_menu_typo_line_height":0,"ocean_menu_typo_line_height_tablet":0,"ocean_menu_typo_line_height_mobile":0,"ocean_menu_typo_line_height_unit":"","ocean_menu_typo_spacing":0,"ocean_menu_typo_spacing_tablet":0,"ocean_menu_typo_spacing_mobile":0,"ocean_menu_typo_spacing_unit":"","ocean_menu_link_color":"","ocean_menu_link_color_hover":"","ocean_menu_link_color_active":"","ocean_menu_link_background":"","ocean_menu_link_hover_background":"","ocean_menu_link_active_background":"","ocean_menu_social_links_bg":"","ocean_menu_social_hover_links_bg":"","ocean_menu_social_links_color":"","ocean_menu_social_hover_links_color":"","ocean_disable_title":"on","ocean_disable_heading":"default","ocean_post_title":"","ocean_post_subheading":"","ocean_post_title_style":"","ocean_post_title_background_color":"","ocean_post_title_background":0,"ocean_post_title_bg_image_position":"","ocean_post_title_bg_image_attachment":"","ocean_post_title_bg_image_repeat":"","ocean_post_title_bg_image_size":"","ocean_post_title_height":0,"ocean_post_title_bg_overlay":0.5,"ocean_post_title_bg_overlay_color":"","ocean_disable_breadcrumbs":"default","ocean_breadcrumbs_color":"","ocean_breadcrumbs_separator_color":"","ocean_breadcrumbs_links_color":"","ocean_breadcrumbs_links_hover_color":"","ocean_display_footer_widgets":"default","ocean_display_footer_bottom":"default","ocean_custom_footer_template":"0","footnotes":""},"class_list":["post-522","page","type-page","status-publish","hentry","entry"],"meta_box":[],"_links":{"self":[{"href":"https:\/\/cityofguadalupe.org\/es\/wp-json\/wp\/v2\/pages\/522","targetHints":{"allow":["GET"]}}],"collection":[{"href":"https:\/\/cityofguadalupe.org\/es\/wp-json\/wp\/v2\/pages"}],"about":[{"href":"https:\/\/cityofguadalupe.org\/es\/wp-json\/wp\/v2\/types\/page"}],"author":[{"embeddable":true,"href":"https:\/\/cityofguadalupe.org\/es\/wp-json\/wp\/v2\/users\/6"}],"replies":[{"embeddable":true,"href":"https:\/\/cityofguadalupe.org\/es\/wp-json\/wp\/v2\/comments?post=522"}],"version-history":[{"count":34,"href":"https:\/\/cityofguadalupe.org\/es\/wp-json\/wp\/v2\/pages\/522\/revisions"}],"predecessor-version":[{"id":3808,"href":"https:\/\/cityofguadalupe.org\/es\/wp-json\/wp\/v2\/pages\/522\/revisions\/3808"}],"wp:attachment":[{"href":"https:\/\/cityofguadalupe.org\/es\/wp-json\/wp\/v2\/media?parent=522"}],"curies":[{"name":"wp","href":"https:\/\/api.w.org\/{rel}","templated":true}]}}