{"id":634,"date":"2022-12-22T21:55:22","date_gmt":"2022-12-22T21:55:22","guid":{"rendered":"https:\/\/arclightmedia.com\/dev\/guad2\/?page_id=634"},"modified":"2023-07-23T08:01:29","modified_gmt":"2023-07-23T15:01:29","slug":"fire-prevention-programs","status":"publish","type":"page","link":"https:\/\/cityofguadalupe.org\/es\/fire-prevention-programs\/","title":{"rendered":"Programas de prevenci\u00f3n de incendios"},"content":{"rendered":"<div data-elementor-type=\"wp-page\" data-elementor-id=\"634\" class=\"elementor elementor-634\" data-elementor-post-type=\"page\">\n\t\t\t\t\t\t<section class=\"elementor-section elementor-top-section elementor-element elementor-element-ed4e9da elementor-section-boxed elementor-section-height-default elementor-section-height-default\" data-id=\"ed4e9da\" data-element_type=\"section\" data-e-type=\"section\">\n\t\t\t\t\t\t<div class=\"elementor-container elementor-column-gap-default\">\n\t\t\t\t\t<div class=\"elementor-column elementor-col-100 elementor-top-column elementor-element elementor-element-2dc9586\" data-id=\"2dc9586\" data-element_type=\"column\" data-e-type=\"column\">\n\t\t\t<div class=\"elementor-widget-wrap elementor-element-populated\">\n\t\t\t\t\t\t<div class=\"elementor-element elementor-element-a312428 elementor-widget elementor-widget-spacer\" data-id=\"a312428\" data-element_type=\"widget\" data-e-type=\"widget\" data-widget_type=\"spacer.default\">\n\t\t\t\t<div class=\"elementor-widget-container\">\n\t\t\t\t\t\t\t<div class=\"elementor-spacer\">\n\t\t\t<div class=\"elementor-spacer-inner\"><\/div>\n\t\t<\/div>\n\t\t\t\t\t\t<\/div>\n\t\t\t\t<\/div>\n\t\t\t\t\t<\/div>\n\t\t<\/div>\n\t\t\t\t\t<\/div>\n\t\t<\/section>\n\t\t\t\t<section class=\"elementor-section elementor-top-section elementor-element elementor-element-b853095 elementor-section-boxed elementor-section-height-default elementor-section-height-default\" data-id=\"b853095\" data-element_type=\"section\" data-e-type=\"section\">\n\t\t\t\t\t\t<div class=\"elementor-container elementor-column-gap-default\">\n\t\t\t\t\t<div class=\"elementor-column elementor-col-100 elementor-top-column elementor-element elementor-element-57ae425\" data-id=\"57ae425\" data-element_type=\"column\" data-e-type=\"column\">\n\t\t\t<div class=\"elementor-widget-wrap elementor-element-populated\">\n\t\t\t\t\t\t<div class=\"elementor-element elementor-element-ae89b57 elementor-widget elementor-widget-text-editor\" data-id=\"ae89b57\" data-element_type=\"widget\" data-e-type=\"widget\" data-widget_type=\"text-editor.default\">\n\t\t\t\t<div class=\"elementor-widget-container\">\n\t\t\t\t\t\t\t\t\t<p>Servicios de prevenci\u00f3n de incendios<\/p>\t\t\t\t\t\t\t\t<\/div>\n\t\t\t\t<\/div>\n\t\t\t\t\t<\/div>\n\t\t<\/div>\n\t\t\t\t\t<\/div>\n\t\t<\/section>\n\t\t\t\t<section class=\"elementor-section elementor-top-section elementor-element elementor-element-5aebdfa elementor-section-boxed elementor-section-height-default elementor-section-height-default\" data-id=\"5aebdfa\" data-element_type=\"section\" data-e-type=\"section\">\n\t\t\t\t\t\t\t<div class=\"elementor-background-overlay\"><\/div>\n\t\t\t\t\t\t\t<div class=\"elementor-container elementor-column-gap-default\">\n\t\t\t\t\t<div class=\"elementor-column elementor-col-50 elementor-top-column elementor-element elementor-element-6094f4a\" data-id=\"6094f4a\" data-element_type=\"column\" data-e-type=\"column\">\n\t\t\t<div class=\"elementor-widget-wrap elementor-element-populated\">\n\t\t\t\t\t\t<section class=\"elementor-section elementor-inner-section elementor-element elementor-element-3369dff elementor-section-boxed elementor-section-height-default elementor-section-height-default\" data-id=\"3369dff\" data-element_type=\"section\" data-e-type=\"section\">\n\t\t\t\t\t\t<div class=\"elementor-container elementor-column-gap-default\">\n\t\t\t\t\t<div class=\"elementor-column elementor-col-100 elementor-inner-column elementor-element elementor-element-6510ad1 elementor-invisible\" data-id=\"6510ad1\" data-element_type=\"column\" data-e-type=\"column\" data-settings=\"{&quot;background_background&quot;:&quot;classic&quot;,&quot;animation&quot;:&quot;fadeIn&quot;}\">\n\t\t\t<div class=\"elementor-widget-wrap elementor-element-populated\">\n\t\t\t\t\t\t<div class=\"elementor-element elementor-element-571f2d7 elementor-widget elementor-widget-text-editor\" data-id=\"571f2d7\" data-element_type=\"widget\" data-e-type=\"widget\" data-widget_type=\"text-editor.default\">\n\t\t\t\t<div class=\"elementor-widget-container\">\n\t\t\t\t\t\t\t\t\t<h2><strong>Servicios de Prevenci\u00f3n de Incendios:<\/strong><\/h2><p>Si est\u00e1 interesado en programar alg\u00fan tipo de educaci\u00f3n sobre prevenci\u00f3n de incendios, seguridad o primeros auxilios, comun\u00edquese con el Departamento de Bomberos al (805) 356-3905.<\/p>\t\t\t\t\t\t\t\t<\/div>\n\t\t\t\t<\/div>\n\t\t\t\t\t<\/div>\n\t\t<\/div>\n\t\t\t\t\t<\/div>\n\t\t<\/section>\n\t\t\t\t<div class=\"elementor-element elementor-element-2f8acfb elementor-widget elementor-widget-image\" data-id=\"2f8acfb\" data-element_type=\"widget\" data-e-type=\"widget\" data-widget_type=\"image.default\">\n\t\t\t\t<div class=\"elementor-widget-container\">\n\t\t\t\t\t\t\t\t\t\t\t\t\t\t\t<img fetchpriority=\"high\" decoding=\"async\" width=\"1024\" height=\"684\" src=\"https:\/\/cityofguadalupe.org\/wp-content\/uploads\/2022\/12\/DSCF0118-1024x684-1.jpg\" class=\"attachment-full size-full wp-image-636\" alt=\"\" srcset=\"https:\/\/cityofguadalupe.org\/wp-content\/uploads\/2022\/12\/DSCF0118-1024x684-1.jpg 1024w, https:\/\/cityofguadalupe.org\/wp-content\/uploads\/2022\/12\/DSCF0118-1024x684-1-300x200.jpg 300w, https:\/\/cityofguadalupe.org\/wp-content\/uploads\/2022\/12\/DSCF0118-1024x684-1-768x513.jpg 768w\" sizes=\"(max-width: 1024px) 100vw, 1024px\" \/>\t\t\t\t\t\t\t\t\t\t\t\t\t\t\t<\/div>\n\t\t\t\t<\/div>\n\t\t\t\t<div class=\"elementor-element elementor-element-de3a961 elementor-widget elementor-widget-spacer\" data-id=\"de3a961\" data-element_type=\"widget\" data-e-type=\"widget\" data-widget_type=\"spacer.default\">\n\t\t\t\t<div class=\"elementor-widget-container\">\n\t\t\t\t\t\t\t<div class=\"elementor-spacer\">\n\t\t\t<div class=\"elementor-spacer-inner\"><\/div>\n\t\t<\/div>\n\t\t\t\t\t\t<\/div>\n\t\t\t\t<\/div>\n\t\t\t\t\t<\/div>\n\t\t<\/div>\n\t\t\t\t<div class=\"elementor-column elementor-col-50 elementor-top-column elementor-element elementor-element-7ee8afb\" data-id=\"7ee8afb\" data-element_type=\"column\" data-e-type=\"column\">\n\t\t\t<div class=\"elementor-widget-wrap elementor-element-populated\">\n\t\t\t\t\t\t<div class=\"elementor-element elementor-element-21d087e elementor-widget elementor-widget-template\" data-id=\"21d087e\" data-element_type=\"widget\" data-e-type=\"widget\" data-widget_type=\"template.default\">\n\t\t\t\t<div class=\"elementor-widget-container\">\n\t\t\t\t\t\t\t<div class=\"elementor-template\">\n\t\t\t\t\t<div data-elementor-type=\"section\" data-elementor-id=\"3729\" class=\"elementor elementor-3729\" data-elementor-post-type=\"elementor_library\">\n\t\t\t\t\t<section class=\"elementor-section elementor-top-section elementor-element elementor-element-5da6e00 elementor-section-boxed elementor-section-height-default elementor-section-height-default\" data-id=\"5da6e00\" data-element_type=\"section\" data-e-type=\"section\">\n\t\t\t\t\t\t<div class=\"elementor-container elementor-column-gap-default\">\n\t\t\t\t\t<div class=\"elementor-column elementor-col-100 elementor-top-column elementor-element elementor-element-29d4b3e\" data-id=\"29d4b3e\" data-element_type=\"column\" data-e-type=\"column\">\n\t\t\t<div class=\"elementor-widget-wrap elementor-element-populated\">\n\t\t\t\t\t\t<section class=\"elementor-section elementor-inner-section elementor-element elementor-element-e568120 elementor-section-boxed elementor-section-height-default elementor-section-height-default\" data-id=\"e568120\" data-element_type=\"section\" data-e-type=\"section\">\n\t\t\t\t\t\t<div class=\"elementor-container elementor-column-gap-default\">\n\t\t\t\t\t<div class=\"elementor-column elementor-col-33 elementor-inner-column elementor-element elementor-element-817bdc9\" data-id=\"817bdc9\" data-element_type=\"column\" data-e-type=\"column\">\n\t\t\t<div class=\"elementor-widget-wrap elementor-element-populated\">\n\t\t\t\t\t\t<div class=\"elementor-element elementor-element-764a0a2 elementor-view-default elementor-widget elementor-widget-icon\" data-id=\"764a0a2\" data-element_type=\"widget\" data-e-type=\"widget\" data-widget_type=\"icon.default\">\n\t\t\t\t<div class=\"elementor-widget-container\">\n\t\t\t\t\t\t\t<div class=\"elementor-icon-wrapper\">\n\t\t\t<a class=\"elementor-icon\" href=\"https:\/\/www.facebook.com\/guadfire\/\" target=\"_blank\">\n\t\t\t<i aria-hidden=\"true\" class=\"fab fa-facebook-square\"><\/i>\t\t\t<\/a>\n\t\t<\/div>\n\t\t\t\t\t\t<\/div>\n\t\t\t\t<\/div>\n\t\t\t\t\t<\/div>\n\t\t<\/div>\n\t\t\t\t<div class=\"elementor-column elementor-col-33 elementor-inner-column elementor-element elementor-element-470ccf6\" data-id=\"470ccf6\" data-element_type=\"column\" data-e-type=\"column\">\n\t\t\t<div class=\"elementor-widget-wrap elementor-element-populated\">\n\t\t\t\t\t\t<div class=\"elementor-element elementor-element-93202d4 elementor-view-default elementor-widget elementor-widget-icon\" data-id=\"93202d4\" data-element_type=\"widget\" data-e-type=\"widget\" data-widget_type=\"icon.default\">\n\t\t\t\t<div class=\"elementor-widget-container\">\n\t\t\t\t\t\t\t<div class=\"elementor-icon-wrapper\">\n\t\t\t<a class=\"elementor-icon\" href=\"https:\/\/www.facebook.com\/guadalupefirefightersassociation\/\" target=\"_blank\">\n\t\t\t<i aria-hidden=\"true\" class=\"fas fa-fire\"><\/i>\t\t\t<\/a>\n\t\t<\/div>\n\t\t\t\t\t\t<\/div>\n\t\t\t\t<\/div>\n\t\t\t\t\t<\/div>\n\t\t<\/div>\n\t\t\t\t<div class=\"elementor-column elementor-col-33 elementor-inner-column elementor-element elementor-element-b84c5ad\" data-id=\"b84c5ad\" data-element_type=\"column\" data-e-type=\"column\">\n\t\t\t<div class=\"elementor-widget-wrap elementor-element-populated\">\n\t\t\t\t\t\t<div class=\"elementor-element elementor-element-3f148a2 elementor-view-default elementor-widget elementor-widget-icon\" data-id=\"3f148a2\" data-element_type=\"widget\" data-e-type=\"widget\" data-widget_type=\"icon.default\">\n\t\t\t\t<div class=\"elementor-widget-container\">\n\t\t\t\t\t\t\t<div class=\"elementor-icon-wrapper\">\n\t\t\t<a class=\"elementor-icon\" href=\"https:\/\/www.instagram.com\/guadfire\/\" target=\"_blank\">\n\t\t\t<i aria-hidden=\"true\" class=\"icon icon-instagram-1\"><\/i>\t\t\t<\/a>\n\t\t<\/div>\n\t\t\t\t\t\t<\/div>\n\t\t\t\t<\/div>\n\t\t\t\t\t<\/div>\n\t\t<\/div>\n\t\t\t\t\t<\/div>\n\t\t<\/section>\n\t\t\t\t<div class=\"elementor-element elementor-element-325ba05 elementor-widget elementor-widget-text-editor\" data-id=\"325ba05\" data-element_type=\"widget\" data-e-type=\"widget\" data-widget_type=\"text-editor.default\">\n\t\t\t\t<div class=\"elementor-widget-container\">\n\t\t\t\t\t\t\t\t\t<h4 style=\"text-align: center;\">Enlaces de fuego r\u00e1pido<\/h4><ul><li><span style=\"color: #3366ff;\"><a style=\"color: #3366ff;\" href=\"http:\/\/cityofguadalupe.org\/es\/fire-vision-mission-and-values\/\">Estado de la misi\u00f3n<\/a><\/span><\/li><li><span style=\"color: #3366ff;\"><a style=\"color: #3366ff;\" href=\"http:\/\/cityofguadalupe.org\/es\/fire-vision-mission-and-values\/\">Declaraci\u00f3n de la visi\u00f3n<\/a><\/span><\/li><li><span style=\"color: #3366ff;\"><a style=\"color: #3366ff;\" href=\"http:\/\/cityofguadalupe.org\/es\/fire-vision-mission-and-values\/\">Valores<\/a><\/span><\/li><li><span style=\"color: #3366ff;\"><a style=\"color: #3366ff;\" href=\"http:\/\/cityofguadalupe.org\/es\/fire-department-history\/\">Historia del Departamento de Bomberos<\/a><\/span><\/li><li><span style=\"color: #3366ff;\"><a style=\"color: #3366ff;\" href=\"http:\/\/cityofguadalupe.org\/es\/fire-suppression\/\">Supresi\u00f3n de incendios<\/a><\/span><\/li><li><span style=\"color: #3366ff;\"><a style=\"color: #3366ff;\" href=\"http:\/\/cityofguadalupe.org\/es\/fire-stations\/\">Estaciones de bomberos<\/a><\/span><\/li><li><span style=\"color: #3366ff;\"><a style=\"color: #3366ff;\" href=\"http:\/\/cityofguadalupe.org\/es\/fire-fighting-equipment\/\">Equipo contra incendios<\/a><\/span><\/li><li><span style=\"color: #3366ff;\"><a style=\"color: #3366ff;\" href=\"http:\/\/cityofguadalupe.org\/es\/emergency-medical-services\/\">Servicios m\u00e9dicos de emergencia<\/a><\/span><\/li><li><span style=\"color: #3366ff;\"><a style=\"color: #3366ff;\" href=\"http:\/\/cityofguadalupe.org\/es\/hazardous-materials-response\/\">Respuesta a materiales peligrosos<\/a><\/span><\/li><li><span style=\"color: #3366ff;\"><a style=\"color: #3366ff;\" href=\"http:\/\/cityofguadalupe.org\/es\/rescue-services\/\">Servicios de rescate<\/a><\/span><\/li><li><span style=\"color: #3366ff;\"><a style=\"color: #3366ff;\" href=\"http:\/\/cityofguadalupe.org\/es\/education-outreach-programs\/\">Programas de educaci\u00f3n\/extensi\u00f3n<\/a><\/span><\/li><li><span style=\"color: #3366ff;\"><a style=\"color: #3366ff;\" href=\"http:\/\/cityofguadalupe.org\/es\/fire-special-events\/\">Eventos especiales<\/a><\/span><\/li><li><span style=\"color: #3366ff;\"><a style=\"color: #3366ff;\" href=\"http:\/\/cityofguadalupe.org\/es\/fire-prevention-programs\/\">Programas de prevenci\u00f3n de incendios<\/a><\/span><\/li><li><span style=\"color: #3366ff;\"><a style=\"color: #3366ff;\" href=\"https:\/\/www.govpilot.com\/forms\/main\/ca575182-93d\/Report-a-Concern\/GUADALUPE\/CA\/17382\/0\">Report a Concern (Code Compliance)<\/a><\/span><\/li><\/ul>\t\t\t\t\t\t\t\t<\/div>\n\t\t\t\t<\/div>\n\t\t\t\t<div class=\"elementor-element elementor-element-beea303 elementor-widget elementor-widget-text-editor\" data-id=\"beea303\" data-element_type=\"widget\" data-e-type=\"widget\" data-widget_type=\"text-editor.default\">\n\t\t\t\t<div class=\"elementor-widget-container\">\n\t\t\t\t\t\t\t\t\t<h2 style=\"text-align: center;\"><strong>Documentos importantes<\/strong><\/h2><ul><li><a href=\"http:\/\/cityofguadalupe.org\/es\/municipal-code\/\" data-wplink-edit=\"true\"><span style=\"color: #3366ff;\">C\u00f3digo Municipal<\/span><\/a> (enlace a la p\u00e1gina)<\/li><li><span style=\"color: #3366ff;\"><a style=\"color: #3366ff;\" href=\"http:\/\/cityofguadalupe.org\/wp-content\/uploads\/2022\/12\/Knox-Box-Handout.pdf\" target=\"_blank\" rel=\"noopener\">Sistema de entrada r\u00e1pida Knox (Caja Knox)<\/a><\/span><\/li><li><span style=\"color: #3366ff;\"><a style=\"color: #3366ff;\" href=\"http:\/\/cityofguadalupe.org\/wp-content\/uploads\/2022\/12\/Business-Fire-Inspection-presentation-03-13-17.pdf\" target=\"_blank\" rel=\"noopener\">Presentaci\u00f3n sobre seguridad empresarial<\/a><\/span><\/li><li><span style=\"color: #3366ff;\"><a style=\"color: #3366ff;\" href=\"http:\/\/cityofguadalupe.org\/wp-content\/uploads\/2022\/12\/Apartment-Fire-Inspection-presentation-GUA-1.pdf\" target=\"_blank\" rel=\"noopener\">Presentaci\u00f3n sobre seguridad en los apartamentos<\/a><\/span><\/li><\/ul>\t\t\t\t\t\t\t\t<\/div>\n\t\t\t\t<\/div>\n\t\t\t\t<div class=\"elementor-element elementor-element-43e3179 elementor-widget elementor-widget-spacer\" data-id=\"43e3179\" data-element_type=\"widget\" data-e-type=\"widget\" data-widget_type=\"spacer.default\">\n\t\t\t\t<div class=\"elementor-widget-container\">\n\t\t\t\t\t\t\t<div class=\"elementor-spacer\">\n\t\t\t<div class=\"elementor-spacer-inner\"><\/div>\n\t\t<\/div>\n\t\t\t\t\t\t<\/div>\n\t\t\t\t<\/div>\n\t\t\t\t\t<\/div>\n\t\t<\/div>\n\t\t\t\t\t<\/div>\n\t\t<\/section>\n\t\t\t\t<\/div>\n\t\t\t\t<\/div>\n\t\t\t\t\t\t<\/div>\n\t\t\t\t<\/div>\n\t\t\t\t\t<\/div>\n\t\t<\/div>\n\t\t\t\t\t<\/div>\n\t\t<\/section>\n\t\t\t\t<\/div>","protected":false},"excerpt":{"rendered":"<p>Fire Prevention Services Fire Prevention Services: If you are interested in scheduling some form of fire prevention, Safety, or First Aid education, please contact the Fire Department at (805) 356-3905.<\/p>","protected":false},"author":6,"featured_media":0,"parent":0,"menu_order":0,"comment_status":"closed","ping_status":"closed","template":"elementor_header_footer","meta":{"ocean_post_layout":"full-screen","ocean_both_sidebars_style":"","ocean_both_sidebars_content_width":0,"ocean_both_sidebars_sidebars_width":0,"ocean_sidebar":"0","ocean_second_sidebar":"0","ocean_disable_margins":"enable","ocean_add_body_class":"","ocean_shortcode_before_top_bar":"","ocean_shortcode_after_top_bar":"","ocean_shortcode_before_header":"[smartslider3 slider=\"2\"]","ocean_shortcode_after_header":"","ocean_has_shortcode":"","ocean_shortcode_after_title":"","ocean_shortcode_before_footer_widgets":"","ocean_shortcode_after_footer_widgets":"","ocean_shortcode_before_footer_bottom":"","ocean_shortcode_after_footer_bottom":"","ocean_display_top_bar":"default","ocean_display_header":"default","ocean_header_style":"","ocean_center_header_left_menu":"0","ocean_custom_header_template":"0","ocean_custom_logo":0,"ocean_custom_retina_logo":0,"ocean_custom_logo_max_width":0,"ocean_custom_logo_tablet_max_width":0,"ocean_custom_logo_mobile_max_width":0,"ocean_custom_logo_max_height":0,"ocean_custom_logo_tablet_max_height":0,"ocean_custom_logo_mobile_max_height":0,"ocean_header_custom_menu":"0","ocean_menu_typo_font_family":"0","ocean_menu_typo_font_subset":"","ocean_menu_typo_font_size":0,"ocean_menu_typo_font_size_tablet":0,"ocean_menu_typo_font_size_mobile":0,"ocean_menu_typo_font_size_unit":"px","ocean_menu_typo_font_weight":"","ocean_menu_typo_font_weight_tablet":"","ocean_menu_typo_font_weight_mobile":"","ocean_menu_typo_transform":"","ocean_menu_typo_transform_tablet":"","ocean_menu_typo_transform_mobile":"","ocean_menu_typo_line_height":0,"ocean_menu_typo_line_height_tablet":0,"ocean_menu_typo_line_height_mobile":0,"ocean_menu_typo_line_height_unit":"","ocean_menu_typo_spacing":0,"ocean_menu_typo_spacing_tablet":0,"ocean_menu_typo_spacing_mobile":0,"ocean_menu_typo_spacing_unit":"","ocean_menu_link_color":"","ocean_menu_link_color_hover":"","ocean_menu_link_color_active":"","ocean_menu_link_background":"","ocean_menu_link_hover_background":"","ocean_menu_link_active_background":"","ocean_menu_social_links_bg":"","ocean_menu_social_hover_links_bg":"","ocean_menu_social_links_color":"","ocean_menu_social_hover_links_color":"","ocean_disable_title":"on","ocean_disable_heading":"default","ocean_post_title":"","ocean_post_subheading":"","ocean_post_title_style":"","ocean_post_title_background_color":"","ocean_post_title_background":0,"ocean_post_title_bg_image_position":"","ocean_post_title_bg_image_attachment":"","ocean_post_title_bg_image_repeat":"","ocean_post_title_bg_image_size":"","ocean_post_title_height":0,"ocean_post_title_bg_overlay":0.5,"ocean_post_title_bg_overlay_color":"","ocean_disable_breadcrumbs":"default","ocean_breadcrumbs_color":"","ocean_breadcrumbs_separator_color":"","ocean_breadcrumbs_links_color":"","ocean_breadcrumbs_links_hover_color":"","ocean_display_footer_widgets":"default","ocean_display_footer_bottom":"default","ocean_custom_footer_template":"0","footnotes":""},"class_list":["post-634","page","type-page","status-publish","hentry","entry"],"meta_box":[],"_links":{"self":[{"href":"https:\/\/cityofguadalupe.org\/es\/wp-json\/wp\/v2\/pages\/634","targetHints":{"allow":["GET"]}}],"collection":[{"href":"https:\/\/cityofguadalupe.org\/es\/wp-json\/wp\/v2\/pages"}],"about":[{"href":"https:\/\/cityofguadalupe.org\/es\/wp-json\/wp\/v2\/types\/page"}],"author":[{"embeddable":true,"href":"https:\/\/cityofguadalupe.org\/es\/wp-json\/wp\/v2\/users\/6"}],"replies":[{"embeddable":true,"href":"https:\/\/cityofguadalupe.org\/es\/wp-json\/wp\/v2\/comments?post=634"}],"version-history":[{"count":13,"href":"https:\/\/cityofguadalupe.org\/es\/wp-json\/wp\/v2\/pages\/634\/revisions"}],"predecessor-version":[{"id":3814,"href":"https:\/\/cityofguadalupe.org\/es\/wp-json\/wp\/v2\/pages\/634\/revisions\/3814"}],"wp:attachment":[{"href":"https:\/\/cityofguadalupe.org\/es\/wp-json\/wp\/v2\/media?parent=634"}],"curies":[{"name":"wp","href":"https:\/\/api.w.org\/{rel}","templated":true}]}}