{"id":729,"date":"2022-12-29T16:47:08","date_gmt":"2022-12-29T16:47:08","guid":{"rendered":"https:\/\/arclightmedia.com\/dev\/guad2\/?page_id=729"},"modified":"2024-05-12T10:36:02","modified_gmt":"2024-05-12T17:36:02","slug":"ccw-policy","status":"publish","type":"page","link":"https:\/\/cityofguadalupe.org\/es\/ccw-policy\/","title":{"rendered":"Pol\u00edtica CCW"},"content":{"rendered":"<div data-elementor-type=\"wp-page\" data-elementor-id=\"729\" class=\"elementor elementor-729\" data-elementor-post-type=\"page\">\n\t\t\t\t\t\t<section class=\"elementor-section elementor-top-section elementor-element elementor-element-ed4e9da elementor-section-boxed elementor-section-height-default elementor-section-height-default\" data-id=\"ed4e9da\" data-element_type=\"section\" data-e-type=\"section\">\n\t\t\t\t\t\t<div class=\"elementor-container elementor-column-gap-default\">\n\t\t\t\t\t<div class=\"elementor-column elementor-col-100 elementor-top-column elementor-element elementor-element-2dc9586\" data-id=\"2dc9586\" data-element_type=\"column\" data-e-type=\"column\">\n\t\t\t<div class=\"elementor-widget-wrap elementor-element-populated\">\n\t\t\t\t\t\t<div class=\"elementor-element elementor-element-a312428 elementor-widget elementor-widget-spacer\" data-id=\"a312428\" data-element_type=\"widget\" data-e-type=\"widget\" data-widget_type=\"spacer.default\">\n\t\t\t\t<div class=\"elementor-widget-container\">\n\t\t\t\t\t\t\t<div class=\"elementor-spacer\">\n\t\t\t<div class=\"elementor-spacer-inner\"><\/div>\n\t\t<\/div>\n\t\t\t\t\t\t<\/div>\n\t\t\t\t<\/div>\n\t\t\t\t\t<\/div>\n\t\t<\/div>\n\t\t\t\t\t<\/div>\n\t\t<\/section>\n\t\t\t\t<section class=\"elementor-section elementor-top-section elementor-element elementor-element-b853095 elementor-section-boxed elementor-section-height-default elementor-section-height-default\" data-id=\"b853095\" data-element_type=\"section\" data-e-type=\"section\">\n\t\t\t\t\t\t<div class=\"elementor-container elementor-column-gap-default\">\n\t\t\t\t\t<div class=\"elementor-column elementor-col-100 elementor-top-column elementor-element elementor-element-57ae425\" data-id=\"57ae425\" data-element_type=\"column\" data-e-type=\"column\">\n\t\t\t<div class=\"elementor-widget-wrap elementor-element-populated\">\n\t\t\t\t\t\t<div class=\"elementor-element elementor-element-ae89b57 elementor-widget elementor-widget-text-editor\" data-id=\"ae89b57\" data-element_type=\"widget\" data-e-type=\"widget\" data-widget_type=\"text-editor.default\">\n\t\t\t\t<div class=\"elementor-widget-container\">\n\t\t\t\t\t\t\t\t\t<p>Pol\u00edtica y proceso de permiso CCW de Guadalupe<\/p>\t\t\t\t\t\t\t\t<\/div>\n\t\t\t\t<\/div>\n\t\t\t\t\t<\/div>\n\t\t<\/div>\n\t\t\t\t\t<\/div>\n\t\t<\/section>\n\t\t\t\t<section class=\"elementor-section elementor-top-section elementor-element elementor-element-b8a7867 elementor-section-full_width elementor-section-height-default elementor-section-height-default\" data-id=\"b8a7867\" data-element_type=\"section\" data-e-type=\"section\">\n\t\t\t\t\t\t<div class=\"elementor-container elementor-column-gap-no\">\n\t\t\t\t\t<div class=\"elementor-column elementor-col-100 elementor-top-column elementor-element elementor-element-df831be\" data-id=\"df831be\" data-element_type=\"column\" data-e-type=\"column\">\n\t\t\t<div class=\"elementor-widget-wrap elementor-element-populated\">\n\t\t\t\t\t\t<div class=\"elementor-element elementor-element-a673338 eael_simple_menu_hamburger_disable_selected_menu_no eael-simple-menu-hamburger-align-right eael-hamburger--tablet elementor-widget elementor-widget-eael-simple-menu\" data-id=\"a673338\" data-element_type=\"widget\" data-e-type=\"widget\" data-widget_type=\"eael-simple-menu.default\">\n\t\t\t\t<div class=\"elementor-widget-container\">\n\t\t\t\t\t<style>\n                        @media screen and (max-width: 1024px) {\n                            .eael-hamburger--tablet {\n                                .eael-simple-menu-horizontal,\n                                .eael-simple-menu-vertical {\n                                    display: none;\n                                }\n                            }\n                            .eael-hamburger--tablet {\n                                .eael-simple-menu-container .eael-simple-menu-toggle {\n                                    display: block;\n                                }\n                            }\n                        }\n                        .eael-simple-menu-container.eael-simple-menu--loading > ul {\n                            display: -webkit-box !important;\n                            display: -ms-flexbox !important;\n                            display: flex !important;\n                            list-style: none !important;\n                        }\n                        .eael-simple-menu-container.eael-simple-menu--loading li ul {\n                            visibility: hidden !important;\n                            opacity: 0 !important;\n                        }\n                    <\/style>            <div data-hamburger-icon=\"&lt;i aria-hidden=&quot;true&quot; class=&quot;fas fa-bars&quot;&gt;&lt;\/i&gt;\" data-indicator-icon=\"&lt;i aria-hidden=&quot;true&quot; class=&quot;fas fa-angle-down&quot;&gt;&lt;\/i&gt;\" data-dropdown-indicator-icon=\"&lt;i class=&quot;fas fa-angle-down&quot;&gt;&lt;\/i&gt;\" class=\"eael-simple-menu-container eael-simple-menu--loading eael-simple-menu-align-center eael-simple-menu-dropdown-align-left preset-1\" data-hamburger-breakpoints=\"{&quot;mobile&quot;:&quot;M\\u00f3vil en Retrato (&gt; 767px)&quot;,&quot;tablet&quot;:&quot;Tableta vertical (&gt; 1024px)&quot;,&quot;desktop&quot;:&quot;Desktop (&gt; 2400px)&quot;,&quot;none&quot;:&quot;Nada&quot;}\" data-hamburger-device=\"tablet\">\n                <ul id=\"menu-public-safety\" class=\"eael-simple-menu eael-simple-menu-dropdown-animate-to-top eael-simple-menu-indicator eael-simple-menu-horizontal\"><li id=\"menu-item-12919\" class=\"menu-item menu-item-type-custom menu-item-object-custom menu-item-has-children menu-item-12919\"><a href=\"#\">Servicios<\/a>\n<ul class=\"sub-menu\">\n\t<li id=\"menu-item-12920\" class=\"menu-item menu-item-type-custom menu-item-object-custom menu-item-12920\"><a target=\"_blank\" href=\"http:\/\/www.pticket.com\/guadalupe\">Pagar citaci\u00f3n de estacionamiento en l\u00ednea<\/a><\/li>\n\t<li id=\"menu-item-12921\" class=\"menu-item menu-item-type-custom menu-item-object-custom menu-item-12921\"><a target=\"_blank\" href=\"https:\/\/cityofguadalupe.org\/wp-content\/uploads\/2023\/11\/LIVE-SCAN-SERVICES.pdf\">Procesamiento de escaneo en vivo<\/a><\/li>\n<\/ul>\n<\/li>\n<li id=\"menu-item-12922\" class=\"menu-item menu-item-type-custom menu-item-object-custom menu-item-has-children menu-item-12922\"><a href=\"https:\/\/cityofguadalupe.org\/es\/police\/\">Acerca de la polic\u00eda de Guadalupe<\/a>\n<ul class=\"sub-menu\">\n\t<li id=\"menu-item-12954\" class=\"menu-item menu-item-type-custom menu-item-object-custom menu-item-12954\"><a href=\"https:\/\/cityofguadalupe.org\/es\/chief-of-police-director-of-public-safety\/\">Jefe de polic\u00eda<\/a><\/li>\n\t<li id=\"menu-item-12923\" class=\"menu-item menu-item-type-custom menu-item-object-custom menu-item-12923\"><a href=\"https:\/\/cityofguadalupe.org\/es\/police\/#chiefs-message\">Mensaje del jefe<\/a><\/li>\n\t<li id=\"menu-item-12924\" class=\"menu-item menu-item-type-custom menu-item-object-custom menu-item-12924\"><a href=\"https:\/\/cityofguadalupe.org\/es\/police-vision-mission-and-values\/\">Estado de la misi\u00f3n<\/a><\/li>\n\t<li id=\"menu-item-12925\" class=\"menu-item menu-item-type-custom menu-item-object-custom menu-item-12925\"><a href=\"#\">Historia<\/a><\/li>\n\t<li id=\"menu-item-12926\" class=\"menu-item menu-item-type-custom menu-item-object-custom menu-item-12926\"><a target=\"_blank\" href=\"https:\/\/cityofguadalupe.org\/wp-content\/uploads\/2023\/11\/Guadalupe-Police-Department-Policy-Manual-1.pdf\">Pol\u00edticas y procedimientos departamentales<\/a><\/li>\n<\/ul>\n<\/li>\n<li id=\"menu-item-12927\" class=\"menu-item menu-item-type-custom menu-item-object-custom menu-item-has-children menu-item-12927\"><a href=\"#\">Crimen y seguridad<\/a>\n<ul class=\"sub-menu\">\n\t<li id=\"menu-item-12928\" class=\"menu-item menu-item-type-custom menu-item-object-custom menu-item-12928\"><a href=\"https:\/\/cityofguadalupe.org\/es\/crime-stoppers\/\">Detener el crimen<\/a><\/li>\n\t<li id=\"menu-item-12929\" class=\"menu-item menu-item-type-custom menu-item-object-custom menu-item-12929\"><a href=\"https:\/\/cityofguadalupe.org\/es\/ccw-policy\/\">Proceso de permiso CCW<\/a><\/li>\n<\/ul>\n<\/li>\n<li id=\"menu-item-12930\" class=\"menu-item menu-item-type-custom menu-item-object-custom menu-item-has-children menu-item-12930\"><a href=\"#\">Comunidad<\/a>\n<ul class=\"sub-menu\">\n\t<li id=\"menu-item-12931\" class=\"menu-item menu-item-type-custom menu-item-object-custom menu-item-12931\"><a href=\"https:\/\/cityofguadalupe.org\/es\/events\/?wdt_column_filter%5B3%5D=Event\">Pr\u00f3ximos Eventos<\/a><\/li>\n\t<li id=\"menu-item-12932\" class=\"menu-item menu-item-type-custom menu-item-object-custom menu-item-12932\"><a href=\"#\">Control de fuegos artificiales<\/a><\/li>\n\t<li id=\"menu-item-12933\" class=\"menu-item menu-item-type-custom menu-item-object-custom menu-item-12933\"><a href=\"mailto:guadpd@ci.guadalupe.ca.us\">Solicitud de informes policiales<\/a><\/li>\n\t<li id=\"menu-item-12934\" class=\"menu-item menu-item-type-custom menu-item-object-custom menu-item-12934\"><a href=\"https:\/\/cityofguadalupe.org\/es\/documents\/?wdt_column_filter%5B2%5D=Employment\">Empleo<\/a><\/li>\n<\/ul>\n<\/li>\n<li id=\"menu-item-12941\" class=\"menu-item menu-item-type-custom menu-item-object-custom menu-item-has-children menu-item-12941\"><a href=\"#\">El cumplimiento del C\u00f3digo<\/a>\n<ul class=\"sub-menu\">\n\t<li id=\"menu-item-12942\" class=\"menu-item menu-item-type-custom menu-item-object-custom menu-item-12942\"><a href=\"#\">Formularios<\/a><\/li>\n\t<li id=\"menu-item-12943\" class=\"menu-item menu-item-type-custom menu-item-object-custom menu-item-12943\"><a href=\"#\">Misi\u00f3n<\/a><\/li>\n\t<li id=\"menu-item-12944\" class=\"menu-item menu-item-type-custom menu-item-object-custom menu-item-12944\"><a href=\"#\">Tipos de c\u00f3digos municipales aplicados<\/a><\/li>\n\t<li id=\"menu-item-12945\" class=\"menu-item menu-item-type-custom menu-item-object-custom menu-item-12945\"><a href=\"#\">Objetivos y herramientas de aplicaci\u00f3n de la ley<\/a><\/li>\n\t<li id=\"menu-item-12946\" class=\"menu-item menu-item-type-custom menu-item-object-custom menu-item-12946\"><a href=\"https:\/\/www.govpilot.com\/forms\/main\/ca575182-93d\/Report-a-Concern\/GUADALUPE\/CA\/17382\/0\">Report Complaints<\/a><\/li>\n\t<li id=\"menu-item-12947\" class=\"menu-item menu-item-type-custom menu-item-object-custom menu-item-12947\"><a href=\"#\">Lista de recursos<\/a><\/li>\n\t<li id=\"menu-item-12948\" class=\"menu-item menu-item-type-custom menu-item-object-custom menu-item-12948\"><a href=\"#\">Reportar veh\u00edculo abandonado<\/a><\/li>\n<\/ul>\n<\/li>\n<\/ul>                <button class=\"eael-simple-menu-toggle\">\n                    <span class=\"sr-only\">Hamburger Toggle Menu<\/span>\n                    <i aria-hidden=\"true\" class=\"fas fa-bars\"><\/i>                <\/button>\n            <\/div>\n            \t\t\t\t<\/div>\n\t\t\t\t<\/div>\n\t\t\t\t\t<\/div>\n\t\t<\/div>\n\t\t\t\t\t<\/div>\n\t\t<\/section>\n\t\t\t\t<section class=\"elementor-section elementor-top-section elementor-element elementor-element-5aebdfa elementor-section-boxed elementor-section-height-default elementor-section-height-default\" data-id=\"5aebdfa\" data-element_type=\"section\" data-e-type=\"section\">\n\t\t\t\t\t\t\t<div class=\"elementor-background-overlay\"><\/div>\n\t\t\t\t\t\t\t<div class=\"elementor-container elementor-column-gap-default\">\n\t\t\t\t\t<div class=\"elementor-column elementor-col-100 elementor-top-column elementor-element elementor-element-6094f4a\" data-id=\"6094f4a\" data-element_type=\"column\" data-e-type=\"column\">\n\t\t\t<div class=\"elementor-widget-wrap elementor-element-populated\">\n\t\t\t\t\t\t<section class=\"elementor-section elementor-inner-section elementor-element elementor-element-3369dff elementor-section-boxed elementor-section-height-default elementor-section-height-default\" data-id=\"3369dff\" data-element_type=\"section\" data-e-type=\"section\">\n\t\t\t\t\t\t<div class=\"elementor-container elementor-column-gap-default\">\n\t\t\t\t\t<div class=\"elementor-column elementor-col-100 elementor-inner-column elementor-element elementor-element-6510ad1 elementor-invisible\" data-id=\"6510ad1\" data-element_type=\"column\" data-e-type=\"column\" data-settings=\"{&quot;background_background&quot;:&quot;classic&quot;,&quot;animation&quot;:&quot;fadeIn&quot;}\">\n\t\t\t<div class=\"elementor-widget-wrap elementor-element-populated\">\n\t\t\t\t\t\t<div class=\"elementor-element elementor-element-571f2d7 elementor-widget elementor-widget-text-editor\" data-id=\"571f2d7\" data-element_type=\"widget\" data-e-type=\"widget\" data-widget_type=\"text-editor.default\">\n\t\t\t\t<div class=\"elementor-widget-container\">\n\t\t\t\t\t\t\t\t\t<h2>Pol\u00edtica y proceso de permiso CCW de Guadalupe<\/h2><p style=\"text-align: left;\">Para obtener un permiso CCW, primero se deben seguir una serie de pasos. \u00c9stas incluyen:<\/p><ol><li>Completar una Solicitud est\u00e1ndar del Departamento de Justicia para una solicitud CCW del estado de California. (Solicitud CCW del estado de California)<\/li><li>Getting certified by an approved CCW Firearms Instructor.\u00a0 Below are some approved CCW Firearms Instructors:<ul><li><strong>Condado Norte<\/strong><ul><li>Danny Wells<br \/>(805) 922-5454<br \/><span style=\"color: #3366ff;\"><a style=\"color: #3366ff;\" href=\"http:\/\/www.thegunschool.com\" target=\"_blank\" rel=\"noopener\">www.thegunschool.com<\/a><\/span><\/li><li>James Spoerer<br \/>Tel\u00e9fono: (805) 925-0999 x506<br \/>Tel\u00e9fono: (805) 345-5608<\/li><li><span style=\"color: #3366ff;\"><a style=\"color: #3366ff;\" href=\"https:\/\/ixor.us\">https:\/\/ixor.us<\/a><\/span><\/li><\/ul><\/li><\/ul><\/li><\/ol><ul><li style=\"list-style-type: none;\"><ul><li><strong>Condado Sur<\/strong> (Club de armas de Winchester)<ul><li>Rob Holcombe<br \/>(805) 259-8542 <br \/><span style=\"color: #3366ff;\"><a style=\"color: #3366ff;\" href=\"mailto:rob@paratustraining.com\">rob@paratustraining.com<\/a><\/span><\/li><li>Larry Guevara<br \/>(805) 701-6442<br \/><span style=\"color: #3366ff;\"><a style=\"color: #3366ff;\" href=\"mailto:larryjguevara@yahoo.com\">larryjguevara@yahoo.com<\/a><\/span><\/li><li>Greg Hons<br \/>(805) 689-3084<br \/><span style=\"color: #3366ff;\"><a style=\"color: #3366ff;\" href=\"mailto:ghons@yahoo.com\">ghons@yahoo.com<\/a><\/span><\/li><li>Bill Tanner<br \/>(805) 683-3440<\/li><\/ul><\/li><\/ul><\/li><\/ul><p>3. Getting evaluated by an approved psychologist and passing a Psychological examination.\u00a0<\/p>\t\t\t\t\t\t\t\t<\/div>\n\t\t\t\t<\/div>\n\t\t\t\t\t<\/div>\n\t\t<\/div>\n\t\t\t\t\t<\/div>\n\t\t<\/section>\n\t\t\t\t<section class=\"elementor-section elementor-inner-section elementor-element elementor-element-dbdf6a0 elementor-section-boxed elementor-section-height-default elementor-section-height-default\" data-id=\"dbdf6a0\" data-element_type=\"section\" data-e-type=\"section\">\n\t\t\t\t\t\t<div class=\"elementor-container elementor-column-gap-default\">\n\t\t\t\t\t<div class=\"elementor-column elementor-col-100 elementor-inner-column elementor-element elementor-element-20d2c09\" data-id=\"20d2c09\" data-element_type=\"column\" data-e-type=\"column\" data-settings=\"{&quot;background_background&quot;:&quot;classic&quot;}\">\n\t\t\t<div class=\"elementor-widget-wrap elementor-element-populated\">\n\t\t\t\t\t<div class=\"elementor-background-overlay\"><\/div>\n\t\t\t\t\t\t<div class=\"elementor-element elementor-element-9726439 elementor-widget elementor-widget-text-editor\" data-id=\"9726439\" data-element_type=\"widget\" data-e-type=\"widget\" data-widget_type=\"text-editor.default\">\n\t\t\t\t<div class=\"elementor-widget-container\">\n\t\t\t\t\t\t\t\t\t<h2 style=\"text-align: center;\"><strong>Documentos de permiso CCW<\/strong><\/h2><p>Los siguientes documentos est\u00e1n disponibles para su comodidad. Si tiene preguntas, comun\u00edquese con el Departamento de Polic\u00eda de Guadalupe para obtener informaci\u00f3n adicional.<\/p><ol><li><span style=\"color: #3366ff;\">Pol\u00edtica de portaci\u00f3n de armas ocultas \u2013 2022<\/span><\/li><li><span style=\"color: #3366ff;\"><a style=\"color: #3366ff;\" href=\"https:\/\/cityofguadalupe.org\/wp-content\/uploads\/2024\/04\/bof-4012_2.pdf\">CA DOJ CCW Application 01-2024<\/a><\/span><\/li><li><span style=\"color: #3366ff;\"><a style=\"color: #3366ff;\" href=\"https:\/\/cityofguadalupe.org\/wp-content\/uploads\/2024\/05\/Guadalupe-PD-CCW-Permit-Process-2024.pdf\">Proceso de Permiso CCW del Departamento de Polic\u00eda de Guadalupe<\/a><\/span><\/li><li><span style=\"color: #3366ff;\"><a style=\"color: #3366ff;\" href=\"http:\/\/cityofguadalupe.org\/wp-content\/uploads\/2022\/12\/CCW-Legal-Update-10-26-2022.pdf\">Actualizaci\u00f3n sobre armas ocultas: octubre de 2022<\/a><\/span><\/li><li><span style=\"color: #3366ff;\"><a style=\"color: #3366ff;\" href=\"http:\/\/cityofguadalupe.org\/wp-content\/uploads\/2022\/12\/Section-26190-Fees.pdf\">Secci\u00f3n 26190<\/a><\/span><\/li><\/ol>\t\t\t\t\t\t\t\t<\/div>\n\t\t\t\t<\/div>\n\t\t\t\t\t<\/div>\n\t\t<\/div>\n\t\t\t\t\t<\/div>\n\t\t<\/section>\n\t\t\t\t<div class=\"elementor-element elementor-element-9c8a2c9 elementor-widget elementor-widget-spacer\" data-id=\"9c8a2c9\" data-element_type=\"widget\" data-e-type=\"widget\" data-widget_type=\"spacer.default\">\n\t\t\t\t<div class=\"elementor-widget-container\">\n\t\t\t\t\t\t\t<div class=\"elementor-spacer\">\n\t\t\t<div class=\"elementor-spacer-inner\"><\/div>\n\t\t<\/div>\n\t\t\t\t\t\t<\/div>\n\t\t\t\t<\/div>\n\t\t\t\t<div class=\"elementor-element elementor-element-de3a961 elementor-widget elementor-widget-spacer\" data-id=\"de3a961\" data-element_type=\"widget\" data-e-type=\"widget\" data-widget_type=\"spacer.default\">\n\t\t\t\t<div class=\"elementor-widget-container\">\n\t\t\t\t\t\t\t<div class=\"elementor-spacer\">\n\t\t\t<div class=\"elementor-spacer-inner\"><\/div>\n\t\t<\/div>\n\t\t\t\t\t\t<\/div>\n\t\t\t\t<\/div>\n\t\t\t\t\t<\/div>\n\t\t<\/div>\n\t\t\t\t\t<\/div>\n\t\t<\/section>\n\t\t\t\t<\/div>","protected":false},"excerpt":{"rendered":"<p>Guadalupe CCW Permit Process and Policy Services Pay Parking Citation Online Live Scan Processing About Guadalupe Police Chief of Police Chief&#8217;s Message Mission Statement History Departmental Policies &#038; Procedures Crime &#038; Safety Crime Stoppers CCW Permit Process Community Upcoming Events Fireworks Enforcement Request for Police Reports Employment Code Compliance Forms Mission Types of Municipal Codes [&hellip;]<\/p>\n","protected":false},"author":6,"featured_media":0,"parent":0,"menu_order":0,"comment_status":"closed","ping_status":"closed","template":"elementor_header_footer","meta":{"ocean_post_layout":"full-screen","ocean_both_sidebars_style":"","ocean_both_sidebars_content_width":0,"ocean_both_sidebars_sidebars_width":0,"ocean_sidebar":"0","ocean_second_sidebar":"0","ocean_disable_margins":"enable","ocean_add_body_class":"","ocean_shortcode_before_top_bar":"","ocean_shortcode_after_top_bar":"","ocean_shortcode_before_header":"[smartslider3 slider=\"2\"]","ocean_shortcode_after_header":"","ocean_has_shortcode":"","ocean_shortcode_after_title":"","ocean_shortcode_before_footer_widgets":"","ocean_shortcode_after_footer_widgets":"","ocean_shortcode_before_footer_bottom":"","ocean_shortcode_after_footer_bottom":"","ocean_display_top_bar":"default","ocean_display_header":"default","ocean_header_style":"","ocean_center_header_left_menu":"0","ocean_custom_header_template":"0","ocean_custom_logo":0,"ocean_custom_retina_logo":0,"ocean_custom_logo_max_width":0,"ocean_custom_logo_tablet_max_width":0,"ocean_custom_logo_mobile_max_width":0,"ocean_custom_logo_max_height":0,"ocean_custom_logo_tablet_max_height":0,"ocean_custom_logo_mobile_max_height":0,"ocean_header_custom_menu":"0","ocean_menu_typo_font_family":"0","ocean_menu_typo_font_subset":"","ocean_menu_typo_font_size":0,"ocean_menu_typo_font_size_tablet":0,"ocean_menu_typo_font_size_mobile":0,"ocean_menu_typo_font_size_unit":"px","ocean_menu_typo_font_weight":"","ocean_menu_typo_font_weight_tablet":"","ocean_menu_typo_font_weight_mobile":"","ocean_menu_typo_transform":"","ocean_menu_typo_transform_tablet":"","ocean_menu_typo_transform_mobile":"","ocean_menu_typo_line_height":0,"ocean_menu_typo_line_height_tablet":0,"ocean_menu_typo_line_height_mobile":0,"ocean_menu_typo_line_height_unit":"","ocean_menu_typo_spacing":0,"ocean_menu_typo_spacing_tablet":0,"ocean_menu_typo_spacing_mobile":0,"ocean_menu_typo_spacing_unit":"","ocean_menu_link_color":"","ocean_menu_link_color_hover":"","ocean_menu_link_color_active":"","ocean_menu_link_background":"","ocean_menu_link_hover_background":"","ocean_menu_link_active_background":"","ocean_menu_social_links_bg":"","ocean_menu_social_hover_links_bg":"","ocean_menu_social_links_color":"","ocean_menu_social_hover_links_color":"","ocean_disable_title":"on","ocean_disable_heading":"default","ocean_post_title":"","ocean_post_subheading":"","ocean_post_title_style":"","ocean_post_title_background_color":"","ocean_post_title_background":0,"ocean_post_title_bg_image_position":"","ocean_post_title_bg_image_attachment":"","ocean_post_title_bg_image_repeat":"","ocean_post_title_bg_image_size":"","ocean_post_title_height":0,"ocean_post_title_bg_overlay":0.5,"ocean_post_title_bg_overlay_color":"","ocean_disable_breadcrumbs":"default","ocean_breadcrumbs_color":"","ocean_breadcrumbs_separator_color":"","ocean_breadcrumbs_links_color":"","ocean_breadcrumbs_links_hover_color":"","ocean_display_footer_widgets":"default","ocean_display_footer_bottom":"default","ocean_custom_footer_template":"0","footnotes":""},"class_list":["post-729","page","type-page","status-publish","hentry","entry"],"meta_box":[],"_links":{"self":[{"href":"https:\/\/cityofguadalupe.org\/es\/wp-json\/wp\/v2\/pages\/729","targetHints":{"allow":["GET"]}}],"collection":[{"href":"https:\/\/cityofguadalupe.org\/es\/wp-json\/wp\/v2\/pages"}],"about":[{"href":"https:\/\/cityofguadalupe.org\/es\/wp-json\/wp\/v2\/types\/page"}],"author":[{"embeddable":true,"href":"https:\/\/cityofguadalupe.org\/es\/wp-json\/wp\/v2\/users\/6"}],"replies":[{"embeddable":true,"href":"https:\/\/cityofguadalupe.org\/es\/wp-json\/wp\/v2\/comments?post=729"}],"version-history":[{"count":58,"href":"https:\/\/cityofguadalupe.org\/es\/wp-json\/wp\/v2\/pages\/729\/revisions"}],"predecessor-version":[{"id":14247,"href":"https:\/\/cityofguadalupe.org\/es\/wp-json\/wp\/v2\/pages\/729\/revisions\/14247"}],"wp:attachment":[{"href":"https:\/\/cityofguadalupe.org\/es\/wp-json\/wp\/v2\/media?parent=729"}],"curies":[{"name":"wp","href":"https:\/\/api.w.org\/{rel}","templated":true}]}}